{"id":11238,"date":"2022-11-15T21:10:24","date_gmt":"2022-11-15T18:10:24","guid":{"rendered":"https:\/\/danila-souvenirs.com\/de\/product\/faberge-style-rosebud-egg-trinket-jewel-box-6-cm-blue\/"},"modified":"2023-08-03T20:09:00","modified_gmt":"2023-08-03T17:09:00","slug":"faberge-style-rosebud-egg-trinket-jewel-box-6-cm-blue","status":"publish","type":"product","link":"https:\/\/danila-souvenirs.com\/de\/product\/faberge-style-rosebud-egg-trinket-jewel-box-6-cm-blue\/?lang=it","title":{"rendered":"Uovo di Pasqua in stile glamour \/ portagioie Bocciolo di rosa, 6 cm blu"},"content":{"rendered":"<div>Materiale: lega di metalli non ferrosi, smalto, cristalli.<\/div>\n<div><\/div>\n<div>Altezza: 6 cm.<\/div>\n<div><\/div>\n<div>Peso: 85 g.<\/div>\n<div><\/div>\n<div>Colore: blu.<\/div>\n<div><\/div>\n<div>Questo uovo \u00e8 una piccola replica della famosa uovo faberg\u00e9 &#8220;Bocciolo di rosa&#8221;. L&#8217;uovo &#8220;Bocciolo di rosa&#8221; \u00e8 un gioiello smaltato uovo di Pasqua fatto da Michael perchin sotto la supervisione del gioielliere Peter Carl faberg\u00e9 nel 1895, per Nicola II di Russia, che ha presentato l&#8217; uovo a sua moglie, l&#8217; imperatrice alexandra feodorovna. \u00c8 stato il primo uovo che alexandra nicholas presentato. L&#8217;uovo pu\u00f2 essere usato come una scatola di gioielli.<\/div>\n<div><\/div>\n","protected":false},"excerpt":{"rendered":"<p>Materiale: lega di metalli non ferrosi, smalto, cristalli. Altezza: 6 cm. Peso: 85 g. Colore: blu. Questo uovo \u00e8 una piccola replica della famosa uovo faberg\u00e9 &#8220;Bocciolo di rosa&#8221;. L&#8217;uovo &#8220;Bocciolo di rosa&#8221; \u00e8 un gioiello smaltato uovo di Pasqua fatto da Michael perchin sotto la supervisione del gioielliere Peter Carl faberg\u00e9 nel 1895, per [&hellip;]<\/p>\n","protected":false},"featured_media":11204,"comment_status":"open","ping_status":"closed","template":"","meta":{"_et_pb_use_builder":"","_et_pb_old_content":"","_et_gb_content_width":""},"product_brand":[],"product_cat":[187,186],"product_tag":[],"class_list":{"0":"post-11238","1":"product","2":"type-product","3":"status-publish","4":"has-post-thumbnail","6":"product_cat-trinket-boxes-it","7":"product_cat-uova-di-pasqua","9":"first","10":"instock","11":"shipping-taxable","12":"purchasable","13":"product-type-simple"},"_links":{"self":[{"href":"https:\/\/danila-souvenirs.com\/de\/wp-json\/wp\/v2\/product\/11238","targetHints":{"allow":["GET"]}}],"collection":[{"href":"https:\/\/danila-souvenirs.com\/de\/wp-json\/wp\/v2\/product"}],"about":[{"href":"https:\/\/danila-souvenirs.com\/de\/wp-json\/wp\/v2\/types\/product"}],"replies":[{"embeddable":true,"href":"https:\/\/danila-souvenirs.com\/de\/wp-json\/wp\/v2\/comments?post=11238"}],"wp:featuredmedia":[{"embeddable":true,"href":"https:\/\/danila-souvenirs.com\/de\/wp-json\/wp\/v2\/media\/11204"}],"wp:attachment":[{"href":"https:\/\/danila-souvenirs.com\/de\/wp-json\/wp\/v2\/media?parent=11238"}],"wp:term":[{"taxonomy":"product_brand","embeddable":true,"href":"https:\/\/danila-souvenirs.com\/de\/wp-json\/wp\/v2\/product_brand?post=11238"},{"taxonomy":"product_cat","embeddable":true,"href":"https:\/\/danila-souvenirs.com\/de\/wp-json\/wp\/v2\/product_cat?post=11238"},{"taxonomy":"product_tag","embeddable":true,"href":"https:\/\/danila-souvenirs.com\/de\/wp-json\/wp\/v2\/product_tag?post=11238"}],"curies":[{"name":"wp","href":"https:\/\/api.w.org\/{rel}","templated":true}]}}