{"id":11236,"date":"2022-11-15T21:10:24","date_gmt":"2022-11-15T18:10:24","guid":{"rendered":"https:\/\/danila-souvenirs.com\/de\/product\/faberge-style-rosebud-egg-trinket-jewel-box-6-cm-blue\/"},"modified":"2023-08-03T14:16:46","modified_gmt":"2023-08-03T11:16:46","slug":"faberge-style-rosebud-egg-trinket-jewel-box-6-cm-blue","status":"publish","type":"product","link":"https:\/\/danila-souvenirs.com\/de\/product\/faberge-style-rosebud-egg-trinket-jewel-box-6-cm-blue\/?lang=fr","title":{"rendered":"Oeuf de P\u00e2ques de style glamour \/ bo\u00eete \u00e0 bijoux Bouton de rose, 6 cm, bleu"},"content":{"rendered":"<div>Mat\u00e9riel: Alliage de m\u00e9taux non ferreux, \u00e9mail, cristaux.<\/div>\n<div><\/div>\n<div>Hauteur : 6 cm.<\/div>\n<div><\/div>\n<div>Poids: 85 g.<\/div>\n<div><\/div>\n<div>Couleur: bleu.<\/div>\n<div><\/div>\n<div>Cet \u0153uf est une petite r\u00e9plique du c\u00e9l\u00e8bre oeuf Faberg\u00e9 de Bouton de Rose. L&#8217;oeuf de Bouton de Rose est un oeuf de P\u00e2ques \u00e9maill\u00e9 par bijoux fait par Michael Perchin sous la surveillance du bijoutier Peter Carl Faberg\u00e9 en 1895, pour Nicholas II de la Russie, qui a pr\u00e9sent\u00e9 l&#8217;oeuf \u00e0 son \u00e9pouse, l&#8217;imp\u00e9ratrice Alexandra Feodorovna. C&#8217;\u00e9tait le premier \u0153uf que Nicholas a pr\u00e9sent\u00e9 \u00e0 Alexandra. L&#8217;oeuf peut \u00eatre utilis\u00e9 comme une bo\u00eete \u00e0 bijoux.<\/div>\n","protected":false},"excerpt":{"rendered":"<p>Mat\u00e9riel: Alliage de m\u00e9taux non ferreux, \u00e9mail, cristaux. Hauteur : 6 cm. Poids: 85 g. Couleur: bleu. Cet \u0153uf est une petite r\u00e9plique du c\u00e9l\u00e8bre oeuf Faberg\u00e9 de Bouton de Rose. L&#8217;oeuf de Bouton de Rose est un oeuf de P\u00e2ques \u00e9maill\u00e9 par bijoux fait par Michael Perchin sous la surveillance du bijoutier Peter Carl [&hellip;]<\/p>\n","protected":false},"featured_media":11202,"comment_status":"open","ping_status":"closed","template":"","meta":{"_et_pb_use_builder":"","_et_pb_old_content":"","_et_gb_content_width":""},"product_brand":[],"product_cat":[174,173],"product_tag":[],"class_list":{"0":"post-11236","1":"product","2":"type-product","3":"status-publish","4":"has-post-thumbnail","6":"product_cat-trinket-boxes-fr","7":"product_cat-oeufs-de-paques","9":"first","10":"instock","11":"shipping-taxable","12":"purchasable","13":"product-type-simple"},"_links":{"self":[{"href":"https:\/\/danila-souvenirs.com\/de\/wp-json\/wp\/v2\/product\/11236","targetHints":{"allow":["GET"]}}],"collection":[{"href":"https:\/\/danila-souvenirs.com\/de\/wp-json\/wp\/v2\/product"}],"about":[{"href":"https:\/\/danila-souvenirs.com\/de\/wp-json\/wp\/v2\/types\/product"}],"replies":[{"embeddable":true,"href":"https:\/\/danila-souvenirs.com\/de\/wp-json\/wp\/v2\/comments?post=11236"}],"wp:featuredmedia":[{"embeddable":true,"href":"https:\/\/danila-souvenirs.com\/de\/wp-json\/wp\/v2\/media\/11202"}],"wp:attachment":[{"href":"https:\/\/danila-souvenirs.com\/de\/wp-json\/wp\/v2\/media?parent=11236"}],"wp:term":[{"taxonomy":"product_brand","embeddable":true,"href":"https:\/\/danila-souvenirs.com\/de\/wp-json\/wp\/v2\/product_brand?post=11236"},{"taxonomy":"product_cat","embeddable":true,"href":"https:\/\/danila-souvenirs.com\/de\/wp-json\/wp\/v2\/product_cat?post=11236"},{"taxonomy":"product_tag","embeddable":true,"href":"https:\/\/danila-souvenirs.com\/de\/wp-json\/wp\/v2\/product_tag?post=11236"}],"curies":[{"name":"wp","href":"https:\/\/api.w.org\/{rel}","templated":true}]}}