{"id":11223,"date":"2022-11-15T20:46:31","date_gmt":"2022-11-15T17:46:31","guid":{"rendered":"https:\/\/danila-souvenirs.com\/de\/product\/faberge-style-pinecone-egg-with-elephant-12-cm-pink\/"},"modified":"2023-08-07T10:42:12","modified_gmt":"2023-08-07T07:42:12","slug":"faberge-style-pinecone-egg-with-elephant-12-cm-pink","status":"publish","type":"product","link":"https:\/\/danila-souvenirs.com\/de\/product\/faberge-style-pinecone-egg-with-elephant-12-cm-pink\/?lang=es","title":{"rendered":"Huevo de Pascua de estilo glamuroso Cono de pino con elefante 12 cm rosa"},"content":{"rendered":"<div>Material: aleaci\u00f3n de metales no ferrosos, esmalte, cristales.<\/div>\n<div><\/div>\n<div>Altura: 12 cm.<\/div>\n<div><\/div>\n<div>Peso: 335 g.<\/div>\n<div><\/div>\n<div>Color: rosa.<\/div>\n<div><\/div>\n<div>Este huevo es una r\u00e9plica del famoso huevo Faberg\u00e9 de cono de pino. El huevo de cono de pino es un huevo de Pascua esmaltado enjoyado fabricado bajo la supervisi\u00f3n del joyero Peter Carl Faberg\u00e9 en 1900. El huevo se hizo para Alexander Kelch, quien se lo regal\u00f3 a su esposa, Barbara Kelch-Bazanova. Dentro del huevo se encuentra la peque\u00f1a figurita del elefante con mahout. Esta figura se puede utilizar como un peque\u00f1o joyero de baratija. El huevo tiene forma de cono de pino.<\/div>\n","protected":false},"excerpt":{"rendered":"<p>Material: aleaci\u00f3n de metales no ferrosos, esmalte, cristales. Altura: 12 cm. Peso: 335 g. Color: rosa. Este huevo es una r\u00e9plica del famoso huevo Faberg\u00e9 de cono de pino. El huevo de cono de pino es un huevo de Pascua esmaltado enjoyado fabricado bajo la supervisi\u00f3n del joyero Peter Carl Faberg\u00e9 en 1900. El huevo [&hellip;]<\/p>\n","protected":false},"featured_media":11115,"comment_status":"open","ping_status":"closed","template":"","meta":{"_et_pb_use_builder":"","_et_pb_old_content":"","_et_gb_content_width":""},"product_brand":[],"product_cat":[243,241,220],"product_tag":[],"class_list":{"0":"post-11223","1":"product","2":"type-product","3":"status-publish","4":"has-post-thumbnail","6":"product_cat-trinket-boxes-es","7":"product_cat-eggs-with-surprise-es","8":"product_cat-huevos-de-pascua","10":"first","11":"outofstock","12":"featured","13":"shipping-taxable","14":"purchasable","15":"product-type-simple"},"_links":{"self":[{"href":"https:\/\/danila-souvenirs.com\/de\/wp-json\/wp\/v2\/product\/11223","targetHints":{"allow":["GET"]}}],"collection":[{"href":"https:\/\/danila-souvenirs.com\/de\/wp-json\/wp\/v2\/product"}],"about":[{"href":"https:\/\/danila-souvenirs.com\/de\/wp-json\/wp\/v2\/types\/product"}],"replies":[{"embeddable":true,"href":"https:\/\/danila-souvenirs.com\/de\/wp-json\/wp\/v2\/comments?post=11223"}],"wp:featuredmedia":[{"embeddable":true,"href":"https:\/\/danila-souvenirs.com\/de\/wp-json\/wp\/v2\/media\/11115"}],"wp:attachment":[{"href":"https:\/\/danila-souvenirs.com\/de\/wp-json\/wp\/v2\/media?parent=11223"}],"wp:term":[{"taxonomy":"product_brand","embeddable":true,"href":"https:\/\/danila-souvenirs.com\/de\/wp-json\/wp\/v2\/product_brand?post=11223"},{"taxonomy":"product_cat","embeddable":true,"href":"https:\/\/danila-souvenirs.com\/de\/wp-json\/wp\/v2\/product_cat?post=11223"},{"taxonomy":"product_tag","embeddable":true,"href":"https:\/\/danila-souvenirs.com\/de\/wp-json\/wp\/v2\/product_tag?post=11223"}],"curies":[{"name":"wp","href":"https:\/\/api.w.org\/{rel}","templated":true}]}}