{"id":11222,"date":"2022-11-15T20:46:31","date_gmt":"2022-11-15T17:46:31","guid":{"rendered":"https:\/\/danila-souvenirs.com\/de\/product\/faberge-style-pinecone-egg-with-elephant-12-cm-pink\/"},"modified":"2023-08-03T20:15:10","modified_gmt":"2023-08-03T17:15:10","slug":"faberge-style-pinecone-egg-with-elephant-12-cm-pink","status":"publish","type":"product","link":"https:\/\/danila-souvenirs.com\/de\/product\/faberge-style-pinecone-egg-with-elephant-12-cm-pink\/?lang=it","title":{"rendered":"Uovo di Pasqua in stile glamour Pigna con elefante 12 cm rosa"},"content":{"rendered":"<div>Materiale: lega di metalli non ferrosi, smalto, cristalli.<\/div>\n<div><\/div>\n<div>Altezza: 12 cm.<\/div>\n<div><\/div>\n<div>Peso: 335 g.<\/div>\n<div><\/div>\n<div>Colore: rosa.<\/div>\n<div><\/div>\n<div>Questo uovo \u00e8 una replica del famoso uovo Faberg\u00e9 di pigna. L&#8217;uovo di pigna \u00e8 un uovo di Pasqua smaltato ingioiellato realizzato sotto la supervisione del gioielliere Peter Carl Faberg\u00e9 nel 1900. L&#8217;uovo \u00e8 stato realizzato per Alexander Kelch, che lo ha presentato a sua moglie, Barbara Kelch-Bazanova. All&#8217;interno dell&#8217;uovo puoi trovare la piccola statuina dell&#8217;elefante con mahout. Questa statuetta pu\u00f2 essere utilizzata come un piccolo portagioielli. L&#8217;uovo ha la forma di una pigna.<\/div>\n<div><\/div>\n","protected":false},"excerpt":{"rendered":"<p>Materiale: lega di metalli non ferrosi, smalto, cristalli. Altezza: 12 cm. Peso: 335 g. Colore: rosa. Questo uovo \u00e8 una replica del famoso uovo Faberg\u00e9 di pigna. L&#8217;uovo di pigna \u00e8 un uovo di Pasqua smaltato ingioiellato realizzato sotto la supervisione del gioielliere Peter Carl Faberg\u00e9 nel 1900. L&#8217;uovo \u00e8 stato realizzato per Alexander Kelch, [&hellip;]<\/p>\n","protected":false},"featured_media":11114,"comment_status":"open","ping_status":"closed","template":"","meta":{"_et_pb_use_builder":"","_et_pb_old_content":"","_et_gb_content_width":""},"product_brand":[],"product_cat":[187,188,186],"product_tag":[],"class_list":{"0":"post-11222","1":"product","2":"type-product","3":"status-publish","4":"has-post-thumbnail","6":"product_cat-trinket-boxes-it","7":"product_cat-eggs-with-surprise-it","8":"product_cat-uova-di-pasqua","10":"first","11":"outofstock","12":"featured","13":"shipping-taxable","14":"purchasable","15":"product-type-simple"},"_links":{"self":[{"href":"https:\/\/danila-souvenirs.com\/de\/wp-json\/wp\/v2\/product\/11222","targetHints":{"allow":["GET"]}}],"collection":[{"href":"https:\/\/danila-souvenirs.com\/de\/wp-json\/wp\/v2\/product"}],"about":[{"href":"https:\/\/danila-souvenirs.com\/de\/wp-json\/wp\/v2\/types\/product"}],"replies":[{"embeddable":true,"href":"https:\/\/danila-souvenirs.com\/de\/wp-json\/wp\/v2\/comments?post=11222"}],"wp:featuredmedia":[{"embeddable":true,"href":"https:\/\/danila-souvenirs.com\/de\/wp-json\/wp\/v2\/media\/11114"}],"wp:attachment":[{"href":"https:\/\/danila-souvenirs.com\/de\/wp-json\/wp\/v2\/media?parent=11222"}],"wp:term":[{"taxonomy":"product_brand","embeddable":true,"href":"https:\/\/danila-souvenirs.com\/de\/wp-json\/wp\/v2\/product_brand?post=11222"},{"taxonomy":"product_cat","embeddable":true,"href":"https:\/\/danila-souvenirs.com\/de\/wp-json\/wp\/v2\/product_cat?post=11222"},{"taxonomy":"product_tag","embeddable":true,"href":"https:\/\/danila-souvenirs.com\/de\/wp-json\/wp\/v2\/product_tag?post=11222"}],"curies":[{"name":"wp","href":"https:\/\/api.w.org\/{rel}","templated":true}]}}