{"id":11221,"date":"2022-11-15T20:46:31","date_gmt":"2022-11-15T17:46:31","guid":{"rendered":"https:\/\/danila-souvenirs.com\/de\/product\/faberge-style-pinecone-egg-with-elephant-12-cm-pink\/"},"modified":"2023-08-03T15:44:28","modified_gmt":"2023-08-03T12:44:28","slug":"faberge-style-pinecone-egg-with-elephant-12-cm-pink","status":"publish","type":"product","link":"https:\/\/danila-souvenirs.com\/de\/product\/faberge-style-pinecone-egg-with-elephant-12-cm-pink\/?lang=de","title":{"rendered":"Osterei im glamour\u00f6sen Stil Tannenzapfen mit Elefant 12 cm rosa"},"content":{"rendered":"<div>Material: Legierung von Nichteisenmetallen, Email, Kristallen.<\/div>\n<div><\/div>\n<div>H\u00f6he: 12 cm.<\/div>\n<div><\/div>\n<div>Gewicht: 335 Gramm.<\/div>\n<div><\/div>\n<div>Farbe: rosa.<\/div>\n<div><\/div>\n<div>Dieses Ei ist eine Nachbildung des ber\u00fchmten Tannenzapfen Faberg\u00e9 Ei. Das Tannenzapfen-Ei ist ein juwelenbesetztes, emailliertes Osterei, das unter der Aufsicht des Juweliers Peter Carl Faberg\u00e9 im Jahr 1900 hergestellt wurde. Das Ei wurde f\u00fcr Alexander Kelch hergestellt, der es seiner Frau Barbara Kelch-Bazanova schenkte. Im Ei befindet sich die kleine Figur des Elefanten mit Mahout. Diese Figur kann als kleine Schmuckschatulle verwendet werden. Das Ei hat die Form eines Tannenzapfens.<\/div>\n<div><\/div>\n<div><\/div>\n","protected":false},"excerpt":{"rendered":"<p>Material: Legierung von Nichteisenmetallen, Email, Kristallen. H\u00f6he: 12 cm. Gewicht: 335 Gramm. Farbe: rosa. Dieses Ei ist eine Nachbildung des ber\u00fchmten Tannenzapfen Faberg\u00e9 Ei. Das Tannenzapfen-Ei ist ein juwelenbesetztes, emailliertes Osterei, das unter der Aufsicht des Juweliers Peter Carl Faberg\u00e9 im Jahr 1900 hergestellt wurde. Das Ei wurde f\u00fcr Alexander Kelch hergestellt, der es seiner [&hellip;]<\/p>\n","protected":false},"featured_media":11113,"comment_status":"open","ping_status":"closed","template":"","meta":{"_et_pb_use_builder":"","_et_pb_old_content":"","_et_gb_content_width":""},"product_brand":[],"product_cat":[164,160,162],"product_tag":[],"class_list":{"0":"post-11221","1":"product","2":"type-product","3":"status-publish","4":"has-post-thumbnail","6":"product_cat-eggs-with-surprise-de","7":"product_cat-ostereier","8":"product_cat-trinket-boxes-de","10":"first","11":"outofstock","12":"featured","13":"shipping-taxable","14":"purchasable","15":"product-type-simple"},"_links":{"self":[{"href":"https:\/\/danila-souvenirs.com\/de\/wp-json\/wp\/v2\/product\/11221","targetHints":{"allow":["GET"]}}],"collection":[{"href":"https:\/\/danila-souvenirs.com\/de\/wp-json\/wp\/v2\/product"}],"about":[{"href":"https:\/\/danila-souvenirs.com\/de\/wp-json\/wp\/v2\/types\/product"}],"replies":[{"embeddable":true,"href":"https:\/\/danila-souvenirs.com\/de\/wp-json\/wp\/v2\/comments?post=11221"}],"wp:featuredmedia":[{"embeddable":true,"href":"https:\/\/danila-souvenirs.com\/de\/wp-json\/wp\/v2\/media\/11113"}],"wp:attachment":[{"href":"https:\/\/danila-souvenirs.com\/de\/wp-json\/wp\/v2\/media?parent=11221"}],"wp:term":[{"taxonomy":"product_brand","embeddable":true,"href":"https:\/\/danila-souvenirs.com\/de\/wp-json\/wp\/v2\/product_brand?post=11221"},{"taxonomy":"product_cat","embeddable":true,"href":"https:\/\/danila-souvenirs.com\/de\/wp-json\/wp\/v2\/product_cat?post=11221"},{"taxonomy":"product_tag","embeddable":true,"href":"https:\/\/danila-souvenirs.com\/de\/wp-json\/wp\/v2\/product_tag?post=11221"}],"curies":[{"name":"wp","href":"https:\/\/api.w.org\/{rel}","templated":true}]}}