{"id":11220,"date":"2022-11-15T20:46:31","date_gmt":"2022-11-15T17:46:31","guid":{"rendered":"https:\/\/danila-souvenirs.com\/de\/product\/faberge-style-pinecone-egg-with-elephant-12-cm-pink\/"},"modified":"2023-08-03T14:17:49","modified_gmt":"2023-08-03T11:17:49","slug":"faberge-style-pinecone-egg-with-elephant-12-cm-pink","status":"publish","type":"product","link":"https:\/\/danila-souvenirs.com\/de\/product\/faberge-style-pinecone-egg-with-elephant-12-cm-pink\/?lang=fr","title":{"rendered":"Oeuf de P\u00e2ques de style glamour Pomme de pin avec \u00e9l\u00e9phant 12 cm, rose"},"content":{"rendered":"<div>Mat\u00e9riel: Alliage de m\u00e9taux non ferreux, \u00e9mail, cristaux.<\/div>\n<div><\/div>\n<div>Hauteur : 12 cm.<\/div>\n<div><\/div>\n<div>Poids: 335 g.<\/div>\n<div><\/div>\n<div>Couleur : rose.<\/div>\n<div><\/div>\n<div>Cet \u0153uf est une r\u00e9plique du c\u00e9l\u00e8bre \u0153uf de Faberg\u00e9 en pomme de pin. L&#8217;\u0153uf de pomme de pin est un \u0153uf de P\u00e2ques \u00e9maill\u00e9 de bijoux fabriqu\u00e9 sous la supervision du bijoutier Peter Carl Faberg\u00e9 en 1900. L&#8217;\u0153uf a \u00e9t\u00e9 fabriqu\u00e9 pour Alexander Kelch, qui l&#8217;a pr\u00e9sent\u00e9 \u00e0 sa femme, Barbara Kelch-Bazanova. \u00c0 l&#8217;int\u00e9rieur de l&#8217;\u0153uf, vous trouverez la petite figurine de l&#8217;\u00e9l\u00e9phant avec cornac. Cette figurine peut servir de petit \u00e9crin \u00e0 bijoux. L&#8217;\u0153uf a la forme d&#8217;une pomme de pin.<\/div>\n","protected":false},"excerpt":{"rendered":"<p>Mat\u00e9riel: Alliage de m\u00e9taux non ferreux, \u00e9mail, cristaux. Hauteur : 12 cm. Poids: 335 g. Couleur : rose. Cet \u0153uf est une r\u00e9plique du c\u00e9l\u00e8bre \u0153uf de Faberg\u00e9 en pomme de pin. L&#8217;\u0153uf de pomme de pin est un \u0153uf de P\u00e2ques \u00e9maill\u00e9 de bijoux fabriqu\u00e9 sous la supervision du bijoutier Peter Carl Faberg\u00e9 en [&hellip;]<\/p>\n","protected":false},"featured_media":11112,"comment_status":"open","ping_status":"closed","template":"","meta":{"_et_pb_use_builder":"","_et_pb_old_content":"","_et_gb_content_width":""},"product_brand":[],"product_cat":[174,175,173],"product_tag":[],"class_list":{"0":"post-11220","1":"product","2":"type-product","3":"status-publish","4":"has-post-thumbnail","6":"product_cat-trinket-boxes-fr","7":"product_cat-eggs-with-surprise-fr","8":"product_cat-oeufs-de-paques","10":"first","11":"outofstock","12":"featured","13":"shipping-taxable","14":"purchasable","15":"product-type-simple"},"_links":{"self":[{"href":"https:\/\/danila-souvenirs.com\/de\/wp-json\/wp\/v2\/product\/11220","targetHints":{"allow":["GET"]}}],"collection":[{"href":"https:\/\/danila-souvenirs.com\/de\/wp-json\/wp\/v2\/product"}],"about":[{"href":"https:\/\/danila-souvenirs.com\/de\/wp-json\/wp\/v2\/types\/product"}],"replies":[{"embeddable":true,"href":"https:\/\/danila-souvenirs.com\/de\/wp-json\/wp\/v2\/comments?post=11220"}],"wp:featuredmedia":[{"embeddable":true,"href":"https:\/\/danila-souvenirs.com\/de\/wp-json\/wp\/v2\/media\/11112"}],"wp:attachment":[{"href":"https:\/\/danila-souvenirs.com\/de\/wp-json\/wp\/v2\/media?parent=11220"}],"wp:term":[{"taxonomy":"product_brand","embeddable":true,"href":"https:\/\/danila-souvenirs.com\/de\/wp-json\/wp\/v2\/product_brand?post=11220"},{"taxonomy":"product_cat","embeddable":true,"href":"https:\/\/danila-souvenirs.com\/de\/wp-json\/wp\/v2\/product_cat?post=11220"},{"taxonomy":"product_tag","embeddable":true,"href":"https:\/\/danila-souvenirs.com\/de\/wp-json\/wp\/v2\/product_tag?post=11220"}],"curies":[{"name":"wp","href":"https:\/\/api.w.org\/{rel}","templated":true}]}}