{"id":11216,"date":"2022-11-15T20:35:58","date_gmt":"2022-11-15T17:35:58","guid":{"rendered":"https:\/\/danila-souvenirs.com\/de\/product\/faberge-style-twisted-egg-with-basket-of-flowers-12-cm-pink\/"},"modified":"2023-08-03T14:17:58","modified_gmt":"2023-08-03T11:17:58","slug":"faberge-style-twisted-egg-with-basket-of-flowers-12-cm-pink","status":"publish","type":"product","link":"https:\/\/danila-souvenirs.com\/de\/product\/faberge-style-twisted-egg-with-basket-of-flowers-12-cm-pink\/?lang=fr","title":{"rendered":"Oeuf de P\u00e2ques de style glamour torsad\u00e9 avec panier de fleurs 12 cm, rose"},"content":{"rendered":"<div>Mat\u00e9riel: Alliage de m\u00e9taux non ferreux, \u00e9mail, cristaux.<\/div>\n<div><\/div>\n<div>Hauteur : 12 cm.<\/div>\n<div><\/div>\n<div>Poids: 330 g.<\/div>\n<div><\/div>\n<div>Couleur : rose.<\/div>\n<div><\/div>\n<div>\u00c0 l&#8217;int\u00e9rieur de l&#8217;\u0153uf, vous trouverez le petit panier avec des fleurs. Ce panier peut \u00eatre utilis\u00e9 comme une bo\u00eete \u00e0 bijoux.<\/div>\n","protected":false},"excerpt":{"rendered":"<p>Mat\u00e9riel: Alliage de m\u00e9taux non ferreux, \u00e9mail, cristaux. Hauteur : 12 cm. Poids: 330 g. Couleur : rose. \u00c0 l&#8217;int\u00e9rieur de l&#8217;\u0153uf, vous trouverez le petit panier avec des fleurs. Ce panier peut \u00eatre utilis\u00e9 comme une bo\u00eete \u00e0 bijoux.<\/p>\n","protected":false},"featured_media":11076,"comment_status":"open","ping_status":"closed","template":"","meta":{"_et_pb_use_builder":"","_et_pb_old_content":"","_et_gb_content_width":""},"product_brand":[],"product_cat":[174,175,173],"product_tag":[],"class_list":{"0":"post-11216","1":"product","2":"type-product","3":"status-publish","4":"has-post-thumbnail","6":"product_cat-trinket-boxes-fr","7":"product_cat-eggs-with-surprise-fr","8":"product_cat-oeufs-de-paques","10":"first","11":"instock","12":"shipping-taxable","13":"purchasable","14":"product-type-simple"},"_links":{"self":[{"href":"https:\/\/danila-souvenirs.com\/de\/wp-json\/wp\/v2\/product\/11216","targetHints":{"allow":["GET"]}}],"collection":[{"href":"https:\/\/danila-souvenirs.com\/de\/wp-json\/wp\/v2\/product"}],"about":[{"href":"https:\/\/danila-souvenirs.com\/de\/wp-json\/wp\/v2\/types\/product"}],"replies":[{"embeddable":true,"href":"https:\/\/danila-souvenirs.com\/de\/wp-json\/wp\/v2\/comments?post=11216"}],"wp:featuredmedia":[{"embeddable":true,"href":"https:\/\/danila-souvenirs.com\/de\/wp-json\/wp\/v2\/media\/11076"}],"wp:attachment":[{"href":"https:\/\/danila-souvenirs.com\/de\/wp-json\/wp\/v2\/media?parent=11216"}],"wp:term":[{"taxonomy":"product_brand","embeddable":true,"href":"https:\/\/danila-souvenirs.com\/de\/wp-json\/wp\/v2\/product_brand?post=11216"},{"taxonomy":"product_cat","embeddable":true,"href":"https:\/\/danila-souvenirs.com\/de\/wp-json\/wp\/v2\/product_cat?post=11216"},{"taxonomy":"product_tag","embeddable":true,"href":"https:\/\/danila-souvenirs.com\/de\/wp-json\/wp\/v2\/product_tag?post=11216"}],"curies":[{"name":"wp","href":"https:\/\/api.w.org\/{rel}","templated":true}]}}