{"id":11048,"date":"2021-05-16T16:30:27","date_gmt":"2021-05-16T13:30:27","guid":{"rendered":"https:\/\/danila-souvenirs.com\/de\/product\/faberge-trans-siberian-railway-imperial-egg-trinket-jewel-box-12-5-cm-blue\/"},"modified":"2023-08-07T23:48:04","modified_gmt":"2023-08-07T20:48:04","slug":"russische-faberge-stil-ei-schmuckkastchen-transsibirische-express-eisenbahn-mit-doppelkopfiger-adler-125-cm-blau-3","status":"publish","type":"product","link":"https:\/\/danila-souvenirs.com\/de\/product\/russische-faberge-stil-ei-schmuckkastchen-transsibirische-express-eisenbahn-mit-doppelkopfiger-adler-125-cm-blau-3\/?lang=es","title":{"rendered":"Huevo de Pascua de estilo glamuroso del Ferrocarril Transiberiano \/ caja de joya con tren 12,5 cm azul"},"content":{"rendered":"<div>Material: Aleaci\u00f3n de metales no ferrosos, esmalte.<\/div>\n<div><\/div>\n<div>Altura: 12,5 cm.<\/div>\n<div><\/div>\n<div>Peso: 250 g.<\/div>\n<div><\/div>\n<div>Color: azul.<\/div>\n<div><\/div>\n<div>Este huevo es una r\u00e9plica del famoso huevo Faberge Ferrocarril Transiberiano. El Huevo Ferroviario Transiberiano es un huevo de Pascua enjoyado realizado bajo la supervisi\u00f3n del joyero ruso Peter Carl Faberge en 1900 para el zar Nicol\u00e1s II de Rusia. Fue presentado por Nicol\u00e1s II como un regalo de Pascua para su esposa, la zarina Alexandra Fyodorovna. Dentro del huevo puedes encontrar una peque\u00f1a figurita del tren. El huevo puede ser usado como una caja de joya.<\/div>\n<div><\/div>\n","protected":false},"excerpt":{"rendered":"<p>Material: Aleaci\u00f3n de metales no ferrosos, esmalte. Altura: 12,5 cm. Peso: 250 g. Color: azul. Este huevo es una r\u00e9plica del famoso huevo Faberge Ferrocarril Transiberiano. El Huevo Ferroviario Transiberiano es un huevo de Pascua enjoyado realizado bajo la supervisi\u00f3n del joyero ruso Peter Carl Faberge en 1900 para el zar Nicol\u00e1s II de Rusia. [&hellip;]<\/p>\n","protected":false},"featured_media":9376,"comment_status":"closed","ping_status":"closed","template":"","meta":{"_et_pb_use_builder":"","_et_pb_old_content":"","_et_gb_content_width":""},"product_brand":[],"product_cat":[243,241,220],"product_tag":[],"class_list":{"0":"post-11048","1":"product","2":"type-product","3":"status-publish","4":"has-post-thumbnail","6":"product_cat-trinket-boxes-es","7":"product_cat-eggs-with-surprise-es","8":"product_cat-huevos-de-pascua","9":"pa_color-blue-es","11":"first","12":"instock","13":"shipping-taxable","14":"purchasable","15":"product-type-simple"},"_links":{"self":[{"href":"https:\/\/danila-souvenirs.com\/de\/wp-json\/wp\/v2\/product\/11048","targetHints":{"allow":["GET"]}}],"collection":[{"href":"https:\/\/danila-souvenirs.com\/de\/wp-json\/wp\/v2\/product"}],"about":[{"href":"https:\/\/danila-souvenirs.com\/de\/wp-json\/wp\/v2\/types\/product"}],"replies":[{"embeddable":true,"href":"https:\/\/danila-souvenirs.com\/de\/wp-json\/wp\/v2\/comments?post=11048"}],"wp:featuredmedia":[{"embeddable":true,"href":"https:\/\/danila-souvenirs.com\/de\/wp-json\/wp\/v2\/media\/9376"}],"wp:attachment":[{"href":"https:\/\/danila-souvenirs.com\/de\/wp-json\/wp\/v2\/media?parent=11048"}],"wp:term":[{"taxonomy":"product_brand","embeddable":true,"href":"https:\/\/danila-souvenirs.com\/de\/wp-json\/wp\/v2\/product_brand?post=11048"},{"taxonomy":"product_cat","embeddable":true,"href":"https:\/\/danila-souvenirs.com\/de\/wp-json\/wp\/v2\/product_cat?post=11048"},{"taxonomy":"product_tag","embeddable":true,"href":"https:\/\/danila-souvenirs.com\/de\/wp-json\/wp\/v2\/product_tag?post=11048"}],"curies":[{"name":"wp","href":"https:\/\/api.w.org\/{rel}","templated":true}]}}