{"id":11040,"date":"2021-08-08T16:12:48","date_gmt":"2021-08-08T13:12:48","guid":{"rendered":"https:\/\/danila-souvenirs.com\/de\/product\/faberge-royal-danish-egg-trinket-jewel-box-with-lions-13-cm-red\/"},"modified":"2023-08-07T23:24:34","modified_gmt":"2023-08-07T20:24:34","slug":"faberge-stil-ei-schmuckkastchen-konigliches-danisches-ei-mit-lowen-russischen-kaiserkrone-13-cm-rot-3","status":"publish","type":"product","link":"https:\/\/danila-souvenirs.com\/de\/product\/faberge-stil-ei-schmuckkastchen-konigliches-danisches-ei-mit-lowen-russischen-kaiserkrone-13-cm-rot-3\/?lang=es","title":{"rendered":"Huevo de Pascua de estilo glamuroso Real Dan\u00e9s (Jubileo Dan\u00e9s) \/ caja de joya con leones 13 cm rojo"},"content":{"rendered":"<div>Material: Aleaci\u00f3n de metales no ferrosos, esmalte, cristales.<\/div>\n<div><\/div>\n<div>Altura: 13 cm.<\/div>\n<div><\/div>\n<div>Peso: 200 g.<\/div>\n<div><\/div>\n<div>Color: rojo.<\/div>\n<div><\/div>\n<div>Este huevo es una r\u00e9plica del famoso &#8220;huevo real dan\u00e9s&#8221; de Faberg\u00e9. El huevo real dan\u00e9s (tambi\u00e9n conocido como el huevo del jubileo dan\u00e9s) es un huevo de Pascua esmaltado enjoyado hecho bajo la supervisi\u00f3n del joyero ruso Peter Carl Faberg\u00e9 en 1903, para Nicol\u00e1s II de Rusia, quien le regal\u00f3 el huevo a su madre, la emperatriz viuda Mar\u00eda Feodorovna. Uno de los siete huevos de Faberg\u00e9 que se pierden actualmente, es uno de los dos huevos cuya existencia se conoce solo a partir de una sola fotograf\u00eda. El huevo puede ser usado como una caja de joya.<\/div>\n<div><\/div>\n","protected":false},"excerpt":{"rendered":"<p>Material: Aleaci\u00f3n de metales no ferrosos, esmalte, cristales. Altura: 13 cm. Peso: 200 g. Color: rojo. Este huevo es una r\u00e9plica del famoso &#8220;huevo real dan\u00e9s&#8221; de Faberg\u00e9. El huevo real dan\u00e9s (tambi\u00e9n conocido como el huevo del jubileo dan\u00e9s) es un huevo de Pascua esmaltado enjoyado hecho bajo la supervisi\u00f3n del joyero ruso Peter [&hellip;]<\/p>\n","protected":false},"featured_media":9264,"comment_status":"closed","ping_status":"closed","template":"","meta":{"_et_pb_use_builder":"","_et_pb_old_content":"","_et_gb_content_width":""},"product_brand":[],"product_cat":[243,220],"product_tag":[],"class_list":{"0":"post-11040","1":"product","2":"type-product","3":"status-publish","4":"has-post-thumbnail","6":"product_cat-trinket-boxes-es","7":"product_cat-huevos-de-pascua","8":"pa_color-red-es","10":"first","11":"instock","12":"shipping-taxable","13":"purchasable","14":"product-type-simple"},"_links":{"self":[{"href":"https:\/\/danila-souvenirs.com\/de\/wp-json\/wp\/v2\/product\/11040","targetHints":{"allow":["GET"]}}],"collection":[{"href":"https:\/\/danila-souvenirs.com\/de\/wp-json\/wp\/v2\/product"}],"about":[{"href":"https:\/\/danila-souvenirs.com\/de\/wp-json\/wp\/v2\/types\/product"}],"replies":[{"embeddable":true,"href":"https:\/\/danila-souvenirs.com\/de\/wp-json\/wp\/v2\/comments?post=11040"}],"wp:featuredmedia":[{"embeddable":true,"href":"https:\/\/danila-souvenirs.com\/de\/wp-json\/wp\/v2\/media\/9264"}],"wp:attachment":[{"href":"https:\/\/danila-souvenirs.com\/de\/wp-json\/wp\/v2\/media?parent=11040"}],"wp:term":[{"taxonomy":"product_brand","embeddable":true,"href":"https:\/\/danila-souvenirs.com\/de\/wp-json\/wp\/v2\/product_brand?post=11040"},{"taxonomy":"product_cat","embeddable":true,"href":"https:\/\/danila-souvenirs.com\/de\/wp-json\/wp\/v2\/product_cat?post=11040"},{"taxonomy":"product_tag","embeddable":true,"href":"https:\/\/danila-souvenirs.com\/de\/wp-json\/wp\/v2\/product_tag?post=11040"}],"curies":[{"name":"wp","href":"https:\/\/api.w.org\/{rel}","templated":true}]}}