{"id":11036,"date":"2021-05-23T12:04:23","date_gmt":"2021-05-23T09:04:23","guid":{"rendered":"https:\/\/danila-souvenirs.com\/de\/product\/faberge-egg-trinket-jewel-box-bay-tree-orange-tree-with-bird-16-cm\/"},"modified":"2023-08-07T23:47:58","modified_gmt":"2023-08-07T20:47:58","slug":"danila-souvenirs-russische-faberge-stil-ei-schmuckkastchen-lorbeerbaum-orangenbaum-mit-einem-vogel-16-cm-grun-3","status":"publish","type":"product","link":"https:\/\/danila-souvenirs.com\/de\/product\/danila-souvenirs-russische-faberge-stil-ei-schmuckkastchen-lorbeerbaum-orangenbaum-mit-einem-vogel-16-cm-grun-3\/?lang=es","title":{"rendered":"Huevo de Pascua de estilo glamuroso \/ caja de joya \u00c1rbol de la bah\u00eda (\u00e1rbol de Naranja) con p\u00e1jaro 16 cm verde"},"content":{"rendered":"<div>Material: Aleaci\u00f3n de metales no ferrosos, esmalte, cristales.<\/div>\n<div><\/div>\n<div>Altura: 16 cm.<\/div>\n<div><\/div>\n<div>Peso: 465 g.<\/div>\n<div><\/div>\n<div>Color: verde.<\/div>\n<div><\/div>\n<div>Este huevo es una r\u00e9plica del famoso huevo de Faberg\u00e9 \u00c1rbol de la bah\u00eda. El huevo del \u00e1rbol de la bah\u00eda (tambi\u00e9n conocido como el huevo del \u00e1rbol naranja) es una nefrita tallada con piedras preciosas y huevo de Pascua esmaltado realizado bajo la supervisi\u00f3n del joyero ruso Peter Carl Faberg\u00e9 en 1911, para Nicol\u00e1s II de Rusia, quien le regal\u00f3 el huevo a su madre. la emperatriz viuda Maria Feodorovna el 12 de abril de 1911. Dentro del \u00e1rbol puedes encontrar un pajarito. El huevo puede ser usado como una caja de joya.<\/div>\n","protected":false},"excerpt":{"rendered":"<p>Material: Aleaci\u00f3n de metales no ferrosos, esmalte, cristales. Altura: 16 cm. Peso: 465 g. Color: verde. Este huevo es una r\u00e9plica del famoso huevo de Faberg\u00e9 \u00c1rbol de la bah\u00eda. El huevo del \u00e1rbol de la bah\u00eda (tambi\u00e9n conocido como el huevo del \u00e1rbol naranja) es una nefrita tallada con piedras preciosas y huevo de [&hellip;]<\/p>\n","protected":false},"featured_media":9192,"comment_status":"closed","ping_status":"closed","template":"","meta":{"_et_pb_use_builder":"","_et_pb_old_content":"","_et_gb_content_width":""},"product_brand":[],"product_cat":[243,237,241,220,234],"product_tag":[],"class_list":{"0":"post-11036","1":"product","2":"type-product","3":"status-publish","4":"has-post-thumbnail","6":"product_cat-trinket-boxes-es","7":"product_cat-clock-eggs-es","8":"product_cat-eggs-with-surprise-es","9":"product_cat-huevos-de-pascua","10":"product_cat-carved-eggs-es","11":"pa_color-green-es","13":"first","14":"instock","15":"shipping-taxable","16":"purchasable","17":"product-type-simple"},"_links":{"self":[{"href":"https:\/\/danila-souvenirs.com\/de\/wp-json\/wp\/v2\/product\/11036","targetHints":{"allow":["GET"]}}],"collection":[{"href":"https:\/\/danila-souvenirs.com\/de\/wp-json\/wp\/v2\/product"}],"about":[{"href":"https:\/\/danila-souvenirs.com\/de\/wp-json\/wp\/v2\/types\/product"}],"replies":[{"embeddable":true,"href":"https:\/\/danila-souvenirs.com\/de\/wp-json\/wp\/v2\/comments?post=11036"}],"wp:featuredmedia":[{"embeddable":true,"href":"https:\/\/danila-souvenirs.com\/de\/wp-json\/wp\/v2\/media\/9192"}],"wp:attachment":[{"href":"https:\/\/danila-souvenirs.com\/de\/wp-json\/wp\/v2\/media?parent=11036"}],"wp:term":[{"taxonomy":"product_brand","embeddable":true,"href":"https:\/\/danila-souvenirs.com\/de\/wp-json\/wp\/v2\/product_brand?post=11036"},{"taxonomy":"product_cat","embeddable":true,"href":"https:\/\/danila-souvenirs.com\/de\/wp-json\/wp\/v2\/product_cat?post=11036"},{"taxonomy":"product_tag","embeddable":true,"href":"https:\/\/danila-souvenirs.com\/de\/wp-json\/wp\/v2\/product_tag?post=11036"}],"curies":[{"name":"wp","href":"https:\/\/api.w.org\/{rel}","templated":true}]}}