{"id":11024,"date":"2021-12-26T20:35:37","date_gmt":"2021-12-26T17:35:37","guid":{"rendered":"https:\/\/danila-souvenirs.com\/de\/product\/faberge-egg-trinket-jewel-box-with-lions-11-cm-blue\/"},"modified":"2023-08-07T23:08:48","modified_gmt":"2023-08-07T20:08:48","slug":"danila-souvenirs-russische-faberge-stil-ei-schmuckkastchen-mit-lowen-11-cm-blau","status":"publish","type":"product","link":"https:\/\/danila-souvenirs.com\/de\/product\/danila-souvenirs-russische-faberge-stil-ei-schmuckkastchen-mit-lowen-11-cm-blau\/?lang=es","title":{"rendered":"Huevo de Pascua de estilo glamuroso \/ caja de joya con leones 11 cm azul"},"content":{"rendered":"<div>Material: Aleaci\u00f3n de metales no ferrosos, esmalte, cristales.<\/div>\n<div><\/div>\n<div>Altura: 11 cm.<\/div>\n<div><\/div>\n<div>Peso: 255 g.<\/div>\n<div><\/div>\n<div>Color: azul.<\/div>\n<div><\/div>\n<div>El huevo est\u00e1 decorado con cuatro leones. Estos leones son uno de los s\u00edmbolos de San Petersburgo, Rusia. Decoran puentes y terraplenes en muchas partes de la ciudad. El huevo puede ser usado como una caja de joya.<\/div>\n","protected":false},"excerpt":{"rendered":"<p>Material: Aleaci\u00f3n de metales no ferrosos, esmalte, cristales. Altura: 11 cm. Peso: 255 g. Color: azul. El huevo est\u00e1 decorado con cuatro leones. Estos leones son uno de los s\u00edmbolos de San Petersburgo, Rusia. Decoran puentes y terraplenes en muchas partes de la ciudad. El huevo puede ser usado como una caja de joya.<\/p>\n","protected":false},"featured_media":8620,"comment_status":"closed","ping_status":"closed","template":"","meta":{"_et_pb_use_builder":"","_et_pb_old_content":"","_et_gb_content_width":""},"product_brand":[],"product_cat":[243,220],"product_tag":[],"class_list":{"0":"post-11024","1":"product","2":"type-product","3":"status-publish","4":"has-post-thumbnail","6":"product_cat-trinket-boxes-es","7":"product_cat-huevos-de-pascua","8":"pa_color-blue-es","10":"first","11":"instock","12":"shipping-taxable","13":"purchasable","14":"product-type-simple"},"_links":{"self":[{"href":"https:\/\/danila-souvenirs.com\/de\/wp-json\/wp\/v2\/product\/11024","targetHints":{"allow":["GET"]}}],"collection":[{"href":"https:\/\/danila-souvenirs.com\/de\/wp-json\/wp\/v2\/product"}],"about":[{"href":"https:\/\/danila-souvenirs.com\/de\/wp-json\/wp\/v2\/types\/product"}],"replies":[{"embeddable":true,"href":"https:\/\/danila-souvenirs.com\/de\/wp-json\/wp\/v2\/comments?post=11024"}],"wp:featuredmedia":[{"embeddable":true,"href":"https:\/\/danila-souvenirs.com\/de\/wp-json\/wp\/v2\/media\/8620"}],"wp:attachment":[{"href":"https:\/\/danila-souvenirs.com\/de\/wp-json\/wp\/v2\/media?parent=11024"}],"wp:term":[{"taxonomy":"product_brand","embeddable":true,"href":"https:\/\/danila-souvenirs.com\/de\/wp-json\/wp\/v2\/product_brand?post=11024"},{"taxonomy":"product_cat","embeddable":true,"href":"https:\/\/danila-souvenirs.com\/de\/wp-json\/wp\/v2\/product_cat?post=11024"},{"taxonomy":"product_tag","embeddable":true,"href":"https:\/\/danila-souvenirs.com\/de\/wp-json\/wp\/v2\/product_tag?post=11024"}],"curies":[{"name":"wp","href":"https:\/\/api.w.org\/{rel}","templated":true}]}}