{"id":11012,"date":"2021-12-25T21:43:52","date_gmt":"2021-12-25T18:43:52","guid":{"rendered":"https:\/\/danila-souvenirs.com\/de\/product\/faberge-egg-music-box-trinket-jewel-box-with-two-swans-17-cm-blue\/"},"modified":"2023-09-27T14:51:34","modified_gmt":"2023-09-27T11:51:34","slug":"russische-faberge-stil-ei-spieluhr-schmuckkastchen-mit-zwei-schwanen-17-cm-blau-3","status":"publish","type":"product","link":"https:\/\/danila-souvenirs.com\/de\/product\/russische-faberge-stil-ei-spieluhr-schmuckkastchen-mit-zwei-schwanen-17-cm-blau-3\/?lang=es","title":{"rendered":"Huevo de Pascua de estilo glamuroso \/ caja de m\u00fasica \/ caja de joya con dos cisnes 17 cm azul"},"content":{"rendered":"<div>Material: Aleaci\u00f3n de metales no ferrosos, esmalte, cristales.<\/div>\n<div><\/div>\n<div>Altura: 17 cm.<\/div>\n<div><\/div>\n<div>Peso: 935 g.<\/div>\n<div><\/div>\n<div>Color: azul.<\/div>\n<div><\/div>\n<div>Dentro del huevo puedes encontrar una peque\u00f1a estatuilla de dos cisnes. Esta figura se puede usar como una peque\u00f1a caja de joya. Este huevo es una caja de m\u00fasica.<\/div>\n","protected":false},"excerpt":{"rendered":"<p>Material: Aleaci\u00f3n de metales no ferrosos, esmalte, cristales. Altura: 17 cm. Peso: 935 g. Color: azul. Dentro del huevo puedes encontrar una peque\u00f1a estatuilla de dos cisnes. Esta figura se puede usar como una peque\u00f1a caja de joya. Este huevo es una caja de m\u00fasica.<\/p>\n","protected":false},"featured_media":8604,"comment_status":"closed","ping_status":"closed","template":"","meta":{"_et_pb_use_builder":"","_et_pb_old_content":"","_et_gb_content_width":""},"product_brand":[],"product_cat":[243,239,241,220],"product_tag":[],"class_list":{"0":"post-11012","1":"product","2":"type-product","3":"status-publish","4":"has-post-thumbnail","6":"product_cat-trinket-boxes-es","7":"product_cat-music-boxes-es","8":"product_cat-eggs-with-surprise-es","9":"product_cat-huevos-de-pascua","10":"pa_color-blue-es","12":"first","13":"instock","14":"shipping-taxable","15":"purchasable","16":"product-type-simple"},"_links":{"self":[{"href":"https:\/\/danila-souvenirs.com\/de\/wp-json\/wp\/v2\/product\/11012","targetHints":{"allow":["GET"]}}],"collection":[{"href":"https:\/\/danila-souvenirs.com\/de\/wp-json\/wp\/v2\/product"}],"about":[{"href":"https:\/\/danila-souvenirs.com\/de\/wp-json\/wp\/v2\/types\/product"}],"replies":[{"embeddable":true,"href":"https:\/\/danila-souvenirs.com\/de\/wp-json\/wp\/v2\/comments?post=11012"}],"wp:featuredmedia":[{"embeddable":true,"href":"https:\/\/danila-souvenirs.com\/de\/wp-json\/wp\/v2\/media\/8604"}],"wp:attachment":[{"href":"https:\/\/danila-souvenirs.com\/de\/wp-json\/wp\/v2\/media?parent=11012"}],"wp:term":[{"taxonomy":"product_brand","embeddable":true,"href":"https:\/\/danila-souvenirs.com\/de\/wp-json\/wp\/v2\/product_brand?post=11012"},{"taxonomy":"product_cat","embeddable":true,"href":"https:\/\/danila-souvenirs.com\/de\/wp-json\/wp\/v2\/product_cat?post=11012"},{"taxonomy":"product_tag","embeddable":true,"href":"https:\/\/danila-souvenirs.com\/de\/wp-json\/wp\/v2\/product_tag?post=11012"}],"curies":[{"name":"wp","href":"https:\/\/api.w.org\/{rel}","templated":true}]}}