{"id":11005,"date":"2021-12-25T21:39:37","date_gmt":"2021-12-25T18:39:37","guid":{"rendered":"https:\/\/danila-souvenirs.com\/de\/product\/faberge-egg-music-box-spring-flowers-with-basket-of-flowers-16-5-cm-red\/"},"modified":"2023-09-27T14:38:36","modified_gmt":"2023-09-27T11:38:36","slug":"russische-faberge-stil-ei-mit-korb-mit-blumen-165-cm-rot-3","status":"publish","type":"product","link":"https:\/\/danila-souvenirs.com\/de\/product\/russische-faberge-stil-ei-mit-korb-mit-blumen-165-cm-rot-3\/?lang=es","title":{"rendered":"Huevo de Pascua de estilo glamuroso Flores de Primavera \/ Caja de m\u00fasica con cesta de flores 16,5 cm rojo"},"content":{"rendered":"<div>Material: Aleaci\u00f3n de metales no ferrosos, esmalte, cristales.<\/div>\n<div><\/div>\n<div>Altura: 16,5 cm.<\/div>\n<div><\/div>\n<div>Peso: 860 g.<\/div>\n<div><\/div>\n<div>Color: rojo.<\/div>\n<div><\/div>\n<div>Este huevo es una r\u00e9plica del famoso huevo Faberg\u00e9 de Flores de Primavera. El huevo de Flores de Primavera, a veces denominado huevo de Flores de Primavera Imperial, ha sido considerado uno de los huevos imperiales de Pascua atribuidos a Peter Carl Faberg\u00e9. Si se trata de un huevo imperial aut\u00e9ntico, el huevo de Flores de Primavera habr\u00eda sido el primero de la serie de &#8220;Huevos de Flores&#8221; y se habr\u00eda creado entre 1885 y 1890. Dentro del huevo puedes encontrar una peque\u00f1a cesta de flores. Esta canasta peque\u00f1a se puede usar como una caja de joya. Este huevo es una caja de m\u00fasica.<\/div>\n","protected":false},"excerpt":{"rendered":"<p>Material: Aleaci\u00f3n de metales no ferrosos, esmalte, cristales. Altura: 16,5 cm. Peso: 860 g. Color: rojo. Este huevo es una r\u00e9plica del famoso huevo Faberg\u00e9 de Flores de Primavera. El huevo de Flores de Primavera, a veces denominado huevo de Flores de Primavera Imperial, ha sido considerado uno de los huevos imperiales de Pascua atribuidos [&hellip;]<\/p>\n","protected":false},"featured_media":8860,"comment_status":"closed","ping_status":"closed","template":"","meta":{"_et_pb_use_builder":"","_et_pb_old_content":"","_et_gb_content_width":""},"product_brand":[],"product_cat":[243,239,237,241,220],"product_tag":[],"class_list":{"0":"post-11005","1":"product","2":"type-product","3":"status-publish","4":"has-post-thumbnail","6":"product_cat-trinket-boxes-es","7":"product_cat-music-boxes-es","8":"product_cat-clock-eggs-es","9":"product_cat-eggs-with-surprise-es","10":"product_cat-huevos-de-pascua","11":"pa_color-red-es","13":"first","14":"instock","15":"shipping-taxable","16":"purchasable","17":"product-type-simple"},"_links":{"self":[{"href":"https:\/\/danila-souvenirs.com\/de\/wp-json\/wp\/v2\/product\/11005","targetHints":{"allow":["GET"]}}],"collection":[{"href":"https:\/\/danila-souvenirs.com\/de\/wp-json\/wp\/v2\/product"}],"about":[{"href":"https:\/\/danila-souvenirs.com\/de\/wp-json\/wp\/v2\/types\/product"}],"replies":[{"embeddable":true,"href":"https:\/\/danila-souvenirs.com\/de\/wp-json\/wp\/v2\/comments?post=11005"}],"wp:featuredmedia":[{"embeddable":true,"href":"https:\/\/danila-souvenirs.com\/de\/wp-json\/wp\/v2\/media\/8860"}],"wp:attachment":[{"href":"https:\/\/danila-souvenirs.com\/de\/wp-json\/wp\/v2\/media?parent=11005"}],"wp:term":[{"taxonomy":"product_brand","embeddable":true,"href":"https:\/\/danila-souvenirs.com\/de\/wp-json\/wp\/v2\/product_brand?post=11005"},{"taxonomy":"product_cat","embeddable":true,"href":"https:\/\/danila-souvenirs.com\/de\/wp-json\/wp\/v2\/product_cat?post=11005"},{"taxonomy":"product_tag","embeddable":true,"href":"https:\/\/danila-souvenirs.com\/de\/wp-json\/wp\/v2\/product_tag?post=11005"}],"curies":[{"name":"wp","href":"https:\/\/api.w.org\/{rel}","templated":true}]}}