{"id":11004,"date":"2021-06-16T15:42:30","date_gmt":"2021-06-16T12:42:30","guid":{"rendered":"https:\/\/danila-souvenirs.com\/de\/product\/faberge-imperial-coronation-egg-trinket-jewel-box-with-carriage-19-cm-yellow\/"},"modified":"2023-08-07T23:46:10","modified_gmt":"2023-08-07T20:46:10","slug":"russische-faberge-stil-ei-schmuckkastchen-kronungs-ei-mit-kutsche-doppelkopfiger-adler-19-cm-gelb-3","status":"publish","type":"product","link":"https:\/\/danila-souvenirs.com\/de\/product\/russische-faberge-stil-ei-schmuckkastchen-kronungs-ei-mit-kutsche-doppelkopfiger-adler-19-cm-gelb-3\/?lang=es","title":{"rendered":"Huevo de Pascua de estilo glamuroso de coronacion imperial \/ Caja de Joya con carruaje 19 cm amarillo"},"content":{"rendered":"<div>Material: Aleaci\u00f3n de metales no ferrosos, esmalte, cristales.<\/div>\n<div><\/div>\n<div>Altura: 19 cm.<\/div>\n<div><\/div>\n<div>Peso: 900 g.<\/div>\n<div><\/div>\n<div>Color: amarillo.<\/div>\n<div><\/div>\n<div>Este huevo es una r\u00e9plica del famoso huevo de coronaci\u00f3n imperial. El Huevo Imperial de la Coronaci\u00f3n es un huevo Faberg\u00e9 enjoyado realizado bajo la supervisi\u00f3n del joyero ruso Peter Carl Faberg\u00e9 en 1897 por Faberg\u00e9 ateliers, Mikhail Perkhin y Henrik Wigstrom. El huevo fue hecho para conmemorar a Tsaritsa, emperatriz Alexandra Fyodorovna. Dentro del huevo puedes encontrar un peque\u00f1o carruaje. El huevo puede ser usado como una caja de joya.<\/div>\n<div><\/div>\n","protected":false},"excerpt":{"rendered":"<p>Material: Aleaci\u00f3n de metales no ferrosos, esmalte, cristales. Altura: 19 cm. Peso: 900 g. Color: amarillo. Este huevo es una r\u00e9plica del famoso huevo de coronaci\u00f3n imperial. El Huevo Imperial de la Coronaci\u00f3n es un huevo Faberg\u00e9 enjoyado realizado bajo la supervisi\u00f3n del joyero ruso Peter Carl Faberg\u00e9 en 1897 por Faberg\u00e9 ateliers, Mikhail Perkhin [&hellip;]<\/p>\n","protected":false},"featured_media":9228,"comment_status":"closed","ping_status":"closed","template":"","meta":{"_et_pb_use_builder":"","_et_pb_old_content":"","_et_gb_content_width":""},"product_brand":[],"product_cat":[243,241,220],"product_tag":[],"class_list":{"0":"post-11004","1":"product","2":"type-product","3":"status-publish","4":"has-post-thumbnail","6":"product_cat-trinket-boxes-es","7":"product_cat-eggs-with-surprise-es","8":"product_cat-huevos-de-pascua","9":"pa_color-yellow-es","11":"first","12":"instock","13":"shipping-taxable","14":"purchasable","15":"product-type-simple"},"_links":{"self":[{"href":"https:\/\/danila-souvenirs.com\/de\/wp-json\/wp\/v2\/product\/11004","targetHints":{"allow":["GET"]}}],"collection":[{"href":"https:\/\/danila-souvenirs.com\/de\/wp-json\/wp\/v2\/product"}],"about":[{"href":"https:\/\/danila-souvenirs.com\/de\/wp-json\/wp\/v2\/types\/product"}],"replies":[{"embeddable":true,"href":"https:\/\/danila-souvenirs.com\/de\/wp-json\/wp\/v2\/comments?post=11004"}],"wp:featuredmedia":[{"embeddable":true,"href":"https:\/\/danila-souvenirs.com\/de\/wp-json\/wp\/v2\/media\/9228"}],"wp:attachment":[{"href":"https:\/\/danila-souvenirs.com\/de\/wp-json\/wp\/v2\/media?parent=11004"}],"wp:term":[{"taxonomy":"product_brand","embeddable":true,"href":"https:\/\/danila-souvenirs.com\/de\/wp-json\/wp\/v2\/product_brand?post=11004"},{"taxonomy":"product_cat","embeddable":true,"href":"https:\/\/danila-souvenirs.com\/de\/wp-json\/wp\/v2\/product_cat?post=11004"},{"taxonomy":"product_tag","embeddable":true,"href":"https:\/\/danila-souvenirs.com\/de\/wp-json\/wp\/v2\/product_tag?post=11004"}],"curies":[{"name":"wp","href":"https:\/\/api.w.org\/{rel}","templated":true}]}}