{"id":10991,"date":"2021-05-24T16:37:34","date_gmt":"2021-05-24T13:37:34","guid":{"rendered":"https:\/\/danila-souvenirs.com\/de\/product\/faberge-rosebud-egg-trinket-jewel-box-with-flower-pendant-9-5-cm-red\/"},"modified":"2023-08-07T23:47:47","modified_gmt":"2023-08-07T20:47:47","slug":"russische-faberge-stil-ei-schmuckkastchen-rosenknospe-mit-blume-95-cm-rot-3","status":"publish","type":"product","link":"https:\/\/danila-souvenirs.com\/de\/product\/russische-faberge-stil-ei-schmuckkastchen-rosenknospe-mit-blume-95-cm-rot-3\/?lang=es","title":{"rendered":"Huevo de Pascua de estilo glamuroso Capullo de rosa \/ caja de joya 9,5 cm rojo"},"content":{"rendered":"<div>Material: aleaci\u00f3n de metales no ferrosos, esmalte, cristales.<\/div>\n<div><\/div>\n<div>Altura: 9,5 cm (con soporte), 7 cm (el huevo).<\/div>\n<div><\/div>\n<div>Peso: 290 g.<\/div>\n<div><\/div>\n<div>Color: rojo.<\/div>\n<div><\/div>\n<div>Este huevo es una peque\u00f1a r\u00e9plica del famoso huevo de Faberg\u00e9 Capullo de rosa. El huevo de Capullo de rosa es un huevo de Pascua esmaltado enjoyado hecho por Michael Perchin bajo la supervisi\u00f3n del joyero ruso Peter Carl Faberg\u00e9 en 1895, para Nicholas II de Rusia, quien le present\u00f3 el huevo a su esposa, la emperatriz Alexandra Feodorovna. Fue el primer huevo que Nicholas le regal\u00f3 a Alexandra. En el huevo se encuentra una peque\u00f1a flor. El huevo puede ser usado como una caja de joya.<\/div>\n","protected":false},"excerpt":{"rendered":"<p>Material: aleaci\u00f3n de metales no ferrosos, esmalte, cristales. Altura: 9,5 cm (con soporte), 7 cm (el huevo). Peso: 290 g. Color: rojo. Este huevo es una peque\u00f1a r\u00e9plica del famoso huevo de Faberg\u00e9 Capullo de rosa. El huevo de Capullo de rosa es un huevo de Pascua esmaltado enjoyado hecho por Michael Perchin bajo la [&hellip;]<\/p>\n","protected":false},"featured_media":9668,"comment_status":"closed","ping_status":"closed","template":"","meta":{"_et_pb_use_builder":"","_et_pb_old_content":"","_et_gb_content_width":""},"product_brand":[],"product_cat":[243,237,241,220],"product_tag":[],"class_list":{"0":"post-10991","1":"product","2":"type-product","3":"status-publish","4":"has-post-thumbnail","6":"product_cat-trinket-boxes-es","7":"product_cat-clock-eggs-es","8":"product_cat-eggs-with-surprise-es","9":"product_cat-huevos-de-pascua","10":"pa_color-red-es","12":"first","13":"instock","14":"shipping-taxable","15":"purchasable","16":"product-type-simple"},"_links":{"self":[{"href":"https:\/\/danila-souvenirs.com\/de\/wp-json\/wp\/v2\/product\/10991","targetHints":{"allow":["GET"]}}],"collection":[{"href":"https:\/\/danila-souvenirs.com\/de\/wp-json\/wp\/v2\/product"}],"about":[{"href":"https:\/\/danila-souvenirs.com\/de\/wp-json\/wp\/v2\/types\/product"}],"replies":[{"embeddable":true,"href":"https:\/\/danila-souvenirs.com\/de\/wp-json\/wp\/v2\/comments?post=10991"}],"wp:featuredmedia":[{"embeddable":true,"href":"https:\/\/danila-souvenirs.com\/de\/wp-json\/wp\/v2\/media\/9668"}],"wp:attachment":[{"href":"https:\/\/danila-souvenirs.com\/de\/wp-json\/wp\/v2\/media?parent=10991"}],"wp:term":[{"taxonomy":"product_brand","embeddable":true,"href":"https:\/\/danila-souvenirs.com\/de\/wp-json\/wp\/v2\/product_brand?post=10991"},{"taxonomy":"product_cat","embeddable":true,"href":"https:\/\/danila-souvenirs.com\/de\/wp-json\/wp\/v2\/product_cat?post=10991"},{"taxonomy":"product_tag","embeddable":true,"href":"https:\/\/danila-souvenirs.com\/de\/wp-json\/wp\/v2\/product_tag?post=10991"}],"curies":[{"name":"wp","href":"https:\/\/api.w.org\/{rel}","templated":true}]}}