{"id":10970,"date":"2021-08-08T15:58:31","date_gmt":"2021-08-08T12:58:31","guid":{"rendered":"https:\/\/danila-souvenirs.com\/de\/product\/faberge-egg-trinket-jewel-box-lilies-of-the-valley-8-5-cm-pink\/"},"modified":"2023-08-07T23:25:18","modified_gmt":"2023-08-07T20:25:18","slug":"russische-faberge-stil-ei-schmuckkastchen-maiglockchen-mit-russischen-kaiserkrone-blumen-85-cm-rosa-2","status":"publish","type":"product","link":"https:\/\/danila-souvenirs.com\/de\/product\/russische-faberge-stil-ei-schmuckkastchen-maiglockchen-mit-russischen-kaiserkrone-blumen-85-cm-rosa-2\/?lang=es","title":{"rendered":"Huevo de Pascua de estilo glamuroso Lirios del valle (Lilas del valle) \/ caja de joya 8,5 cm rosa"},"content":{"rendered":"<div>Material: Aleaci\u00f3n de metales no ferrosos, esmalte, cristales.<\/div>\n<div><\/div>\n<div>Altura: 8,5 cm.<\/div>\n<div><\/div>\n<div>Peso: 170 g.<\/div>\n<div><\/div>\n<div>Color: rosa.<\/div>\n<div><\/div>\n<div>Este huevo es una r\u00e9plica del famoso Huevo de los Lirios del Valle. El huevo de los Lirios del Valle es un huevo Faberg\u00e9 enjoyado hecho bajo la supervisi\u00f3n del joyero ruso Peter Carl Faberg\u00e9 en 1898 por Faberg\u00e9 ateliers. El orfebre supervisor fue Michael Perchin. El huevo es uno de los dos huevos en estilo Art Nouveau. Fue presentado el 5 de abril al emperador Nicol\u00e1s II, que lo regal\u00f3 a la emperatriz Alexandra Fyodorovna. El huevo puede ser usado como un caja de joya.<\/div>\n","protected":false},"excerpt":{"rendered":"<p>Material: Aleaci\u00f3n de metales no ferrosos, esmalte, cristales. Altura: 8,5 cm. Peso: 170 g. Color: rosa. Este huevo es una r\u00e9plica del famoso Huevo de los Lirios del Valle. El huevo de los Lirios del Valle es un huevo Faberg\u00e9 enjoyado hecho bajo la supervisi\u00f3n del joyero ruso Peter Carl Faberg\u00e9 en 1898 por Faberg\u00e9 [&hellip;]<\/p>\n","protected":false},"featured_media":9500,"comment_status":"closed","ping_status":"closed","template":"","meta":{"_et_pb_use_builder":"","_et_pb_old_content":"","_et_gb_content_width":""},"product_brand":[],"product_cat":[243,237,220],"product_tag":[],"class_list":{"0":"post-10970","1":"product","2":"type-product","3":"status-publish","4":"has-post-thumbnail","6":"product_cat-trinket-boxes-es","7":"product_cat-clock-eggs-es","8":"product_cat-huevos-de-pascua","9":"pa_color-pink-es","11":"first","12":"instock","13":"shipping-taxable","14":"purchasable","15":"product-type-simple"},"_links":{"self":[{"href":"https:\/\/danila-souvenirs.com\/de\/wp-json\/wp\/v2\/product\/10970","targetHints":{"allow":["GET"]}}],"collection":[{"href":"https:\/\/danila-souvenirs.com\/de\/wp-json\/wp\/v2\/product"}],"about":[{"href":"https:\/\/danila-souvenirs.com\/de\/wp-json\/wp\/v2\/types\/product"}],"replies":[{"embeddable":true,"href":"https:\/\/danila-souvenirs.com\/de\/wp-json\/wp\/v2\/comments?post=10970"}],"wp:featuredmedia":[{"embeddable":true,"href":"https:\/\/danila-souvenirs.com\/de\/wp-json\/wp\/v2\/media\/9500"}],"wp:attachment":[{"href":"https:\/\/danila-souvenirs.com\/de\/wp-json\/wp\/v2\/media?parent=10970"}],"wp:term":[{"taxonomy":"product_brand","embeddable":true,"href":"https:\/\/danila-souvenirs.com\/de\/wp-json\/wp\/v2\/product_brand?post=10970"},{"taxonomy":"product_cat","embeddable":true,"href":"https:\/\/danila-souvenirs.com\/de\/wp-json\/wp\/v2\/product_cat?post=10970"},{"taxonomy":"product_tag","embeddable":true,"href":"https:\/\/danila-souvenirs.com\/de\/wp-json\/wp\/v2\/product_tag?post=10970"}],"curies":[{"name":"wp","href":"https:\/\/api.w.org\/{rel}","templated":true}]}}