{"id":10961,"date":"2019-09-24T18:50:34","date_gmt":"2019-09-24T15:50:34","guid":{"rendered":"https:\/\/danila-souvenirs.com\/de\/product\/faberge-egg-spring-flowers-with-basket-of-flowers-8-5-cm-red\/"},"modified":"2023-08-07T23:37:37","modified_gmt":"2023-08-07T20:37:37","slug":"danila-souvenirs-russische-faberge-stil-ei-fruhlingsblumen-mit-korb-der-blumen-85-cm-rot-2","status":"publish","type":"product","link":"https:\/\/danila-souvenirs.com\/de\/product\/danila-souvenirs-russische-faberge-stil-ei-fruhlingsblumen-mit-korb-der-blumen-85-cm-rot-2\/?lang=es","title":{"rendered":"Huevo de Pascua de estilo glamuroso Flores de Primavera con cesta de flores 8,5 cm rojo"},"content":{"rendered":"<div>Material: aleaci\u00f3n de metales no ferrosos, esmalte, cristales.<\/div>\n<div><\/div>\n<div>Altura: 8,5 cm.<\/div>\n<div><\/div>\n<div>Peso: 150 g.<\/div>\n<div><\/div>\n<div>Color: rojo.<\/div>\n<div><\/div>\n<div>Este huevo es una r\u00e9plica del famoso huevo Faberg\u00e9 de Flores de Primavera. El huevo de Flores de Primavera, a veces denominado huevo de Flores de Primavera Imperial, ha sido considerado uno de los huevos imperiales de Pascua atribuidos a Peter Carl Faberg\u00e9. Si se trata de un huevo imperial aut\u00e9ntico, el huevo de Flores de Primavera habr\u00eda sido el primero de la serie de &#8220;Huevos de Flores&#8221; y se habr\u00eda creado entre 1885 y 1890. Dentro del huevo puedes encontrar una peque\u00f1a cesta de flores.<\/div>\n","protected":false},"excerpt":{"rendered":"<p>Material: aleaci\u00f3n de metales no ferrosos, esmalte, cristales. Altura: 8,5 cm. Peso: 150 g. Color: rojo. Este huevo es una r\u00e9plica del famoso huevo Faberg\u00e9 de Flores de Primavera. El huevo de Flores de Primavera, a veces denominado huevo de Flores de Primavera Imperial, ha sido considerado uno de los huevos imperiales de Pascua atribuidos [&hellip;]<\/p>\n","protected":false},"featured_media":8996,"comment_status":"closed","ping_status":"closed","template":"","meta":{"_et_pb_use_builder":"","_et_pb_old_content":"","_et_gb_content_width":""},"product_brand":[],"product_cat":[237,241,220],"product_tag":[],"class_list":{"0":"post-10961","1":"product","2":"type-product","3":"status-publish","4":"has-post-thumbnail","6":"product_cat-clock-eggs-es","7":"product_cat-eggs-with-surprise-es","8":"product_cat-huevos-de-pascua","9":"pa_color-red-es","11":"first","12":"instock","13":"shipping-taxable","14":"purchasable","15":"product-type-simple"},"_links":{"self":[{"href":"https:\/\/danila-souvenirs.com\/de\/wp-json\/wp\/v2\/product\/10961","targetHints":{"allow":["GET"]}}],"collection":[{"href":"https:\/\/danila-souvenirs.com\/de\/wp-json\/wp\/v2\/product"}],"about":[{"href":"https:\/\/danila-souvenirs.com\/de\/wp-json\/wp\/v2\/types\/product"}],"replies":[{"embeddable":true,"href":"https:\/\/danila-souvenirs.com\/de\/wp-json\/wp\/v2\/comments?post=10961"}],"wp:featuredmedia":[{"embeddable":true,"href":"https:\/\/danila-souvenirs.com\/de\/wp-json\/wp\/v2\/media\/8996"}],"wp:attachment":[{"href":"https:\/\/danila-souvenirs.com\/de\/wp-json\/wp\/v2\/media?parent=10961"}],"wp:term":[{"taxonomy":"product_brand","embeddable":true,"href":"https:\/\/danila-souvenirs.com\/de\/wp-json\/wp\/v2\/product_brand?post=10961"},{"taxonomy":"product_cat","embeddable":true,"href":"https:\/\/danila-souvenirs.com\/de\/wp-json\/wp\/v2\/product_cat?post=10961"},{"taxonomy":"product_tag","embeddable":true,"href":"https:\/\/danila-souvenirs.com\/de\/wp-json\/wp\/v2\/product_tag?post=10961"}],"curies":[{"name":"wp","href":"https:\/\/api.w.org\/{rel}","templated":true}]}}