{"id":10959,"date":"2021-06-09T11:42:24","date_gmt":"2021-06-09T08:42:24","guid":{"rendered":"https:\/\/danila-souvenirs.com\/de\/product\/faberge-egg-trinket-jewel-box-with-emperors-crown-6-5-cm-blue\/"},"modified":"2023-09-19T18:22:49","modified_gmt":"2023-09-19T15:22:49","slug":"russische-faberge-stil-ei-schmuckkastchen-mit-russischen-kaiserkrone-65-cm-blau-3","status":"publish","type":"product","link":"https:\/\/danila-souvenirs.com\/de\/product\/russische-faberge-stil-ei-schmuckkastchen-mit-russischen-kaiserkrone-65-cm-blau-3\/?lang=es","title":{"rendered":"Huevo acanalado de Pascua de estilo glamuroso \/ caja de joya con corona imperial 6,5 cm azul"},"content":{"rendered":"<div>\n<div>Material: Aleaci\u00f3n de metales no ferrosos, esmalte.<\/div>\n<div><\/div>\n<div>Altura: 6,5 cm.<\/div>\n<div><\/div>\n<div>Peso: 80 g.<\/div>\n<div><\/div>\n<div>Color: azul.<\/div>\n<\/div>\n<div><\/div>\n<div>\n<div>Este huevo es una r\u00e9plica del huevo acanalado de Faberg\u00e9.<\/div>\n<div><\/div>\n<div>El huevo Faberg\u00e9 acanalado fue fabricado por la empresa Karl Faberg\u00e9 entre 1885 y 1891. No hay datos sobre el cliente ni sobre el primer propietario.<\/div>\n<div><\/div>\n<div>Encima del huevo se encuentra una peque\u00f1a r\u00e9plica de la corona imperial.<\/div>\n<div><\/div>\n<div>El huevo puede ser usado como una caja de joya.<\/div>\n<\/div>\n","protected":false},"excerpt":{"rendered":"<p>Material: Aleaci\u00f3n de metales no ferrosos, esmalte. Altura: 6,5 cm. Peso: 80 g. Color: azul. Este huevo es una r\u00e9plica del huevo acanalado de Faberg\u00e9. El huevo Faberg\u00e9 acanalado fue fabricado por la empresa Karl Faberg\u00e9 entre 1885 y 1891. No hay datos sobre el cliente ni sobre el primer propietario. Encima del huevo se [&hellip;]<\/p>\n","protected":false},"featured_media":9512,"comment_status":"closed","ping_status":"closed","template":"","meta":{"_et_pb_use_builder":"","_et_pb_old_content":"","_et_gb_content_width":""},"product_brand":[],"product_cat":[243,220],"product_tag":[],"class_list":{"0":"post-10959","1":"product","2":"type-product","3":"status-publish","4":"has-post-thumbnail","6":"product_cat-trinket-boxes-es","7":"product_cat-huevos-de-pascua","8":"pa_color-blue-es","10":"first","11":"instock","12":"shipping-taxable","13":"purchasable","14":"product-type-simple"},"_links":{"self":[{"href":"https:\/\/danila-souvenirs.com\/de\/wp-json\/wp\/v2\/product\/10959","targetHints":{"allow":["GET"]}}],"collection":[{"href":"https:\/\/danila-souvenirs.com\/de\/wp-json\/wp\/v2\/product"}],"about":[{"href":"https:\/\/danila-souvenirs.com\/de\/wp-json\/wp\/v2\/types\/product"}],"replies":[{"embeddable":true,"href":"https:\/\/danila-souvenirs.com\/de\/wp-json\/wp\/v2\/comments?post=10959"}],"wp:featuredmedia":[{"embeddable":true,"href":"https:\/\/danila-souvenirs.com\/de\/wp-json\/wp\/v2\/media\/9512"}],"wp:attachment":[{"href":"https:\/\/danila-souvenirs.com\/de\/wp-json\/wp\/v2\/media?parent=10959"}],"wp:term":[{"taxonomy":"product_brand","embeddable":true,"href":"https:\/\/danila-souvenirs.com\/de\/wp-json\/wp\/v2\/product_brand?post=10959"},{"taxonomy":"product_cat","embeddable":true,"href":"https:\/\/danila-souvenirs.com\/de\/wp-json\/wp\/v2\/product_cat?post=10959"},{"taxonomy":"product_tag","embeddable":true,"href":"https:\/\/danila-souvenirs.com\/de\/wp-json\/wp\/v2\/product_tag?post=10959"}],"curies":[{"name":"wp","href":"https:\/\/api.w.org\/{rel}","templated":true}]}}