{"id":10950,"date":"2022-01-06T19:14:30","date_gmt":"2022-01-06T16:14:30","guid":{"rendered":"https:\/\/danila-souvenirs.com\/de\/product\/faberge-alexander-palace-egg-trinket-jewel-box-14-cm-red\/"},"modified":"2023-08-07T23:03:06","modified_gmt":"2023-08-07T20:03:06","slug":"russische-faberge-stil-ei-schmuckkastchen-alexanderpalast-15-cm-rot","status":"publish","type":"product","link":"https:\/\/danila-souvenirs.com\/de\/product\/russische-faberge-stil-ei-schmuckkastchen-alexanderpalast-15-cm-rot\/?lang=es","title":{"rendered":"Huevo de Pascua de estilo glamuroso Palacio de Alejandro \/ caja de joya 14 cm rojo"},"content":{"rendered":"<div>Material: aleaci\u00f3n de metales no ferrosos, esmalte, cristales.<\/div>\n<div><\/div>\n<div>Altura: 14 cm.<\/div>\n<div><\/div>\n<div>Peso: 480 g.<\/div>\n<div><\/div>\n<div>Color: rojo.<\/div>\n<div><\/div>\n<div>Este huevo es una r\u00e9plica del famoso huevo de Faberg\u00e9 Palacio de Alejandro. El huevo del palacio de Alejandro es un huevo de Pascua enjoyado fabricado bajo la supervisi\u00f3n del joyero ruso Peter Carl Faberg\u00e9 en 1908, para el entonces zar de Rusia, Nicol\u00e1s II. Nicol\u00e1s se lo present\u00f3 como regalo de Pascua a su esposa, Alexandra Fyodorovna. Dentro del huevo se encuentra la peque\u00f1a r\u00e9plica del Palacio de Alejandro, la residencia favorita de la familia imperial rusa en Tsarskoye Selo. El huevo puede ser usado como una caja de joya.<\/div>\n","protected":false},"excerpt":{"rendered":"<p>Material: aleaci\u00f3n de metales no ferrosos, esmalte, cristales. Altura: 14 cm. Peso: 480 g. Color: rojo. Este huevo es una r\u00e9plica del famoso huevo de Faberg\u00e9 Palacio de Alejandro. El huevo del palacio de Alejandro es un huevo de Pascua enjoyado fabricado bajo la supervisi\u00f3n del joyero ruso Peter Carl Faberg\u00e9 en 1908, para el [&hellip;]<\/p>\n","protected":false},"featured_media":8476,"comment_status":"closed","ping_status":"closed","template":"","meta":{"_et_pb_use_builder":"","_et_pb_old_content":"","_et_gb_content_width":""},"product_brand":[],"product_cat":[243,237,241,220],"product_tag":[],"class_list":{"0":"post-10950","1":"product","2":"type-product","3":"status-publish","4":"has-post-thumbnail","6":"product_cat-trinket-boxes-es","7":"product_cat-clock-eggs-es","8":"product_cat-eggs-with-surprise-es","9":"product_cat-huevos-de-pascua","10":"pa_color-red-es","12":"first","13":"instock","14":"shipping-taxable","15":"purchasable","16":"product-type-simple"},"_links":{"self":[{"href":"https:\/\/danila-souvenirs.com\/de\/wp-json\/wp\/v2\/product\/10950","targetHints":{"allow":["GET"]}}],"collection":[{"href":"https:\/\/danila-souvenirs.com\/de\/wp-json\/wp\/v2\/product"}],"about":[{"href":"https:\/\/danila-souvenirs.com\/de\/wp-json\/wp\/v2\/types\/product"}],"replies":[{"embeddable":true,"href":"https:\/\/danila-souvenirs.com\/de\/wp-json\/wp\/v2\/comments?post=10950"}],"wp:featuredmedia":[{"embeddable":true,"href":"https:\/\/danila-souvenirs.com\/de\/wp-json\/wp\/v2\/media\/8476"}],"wp:attachment":[{"href":"https:\/\/danila-souvenirs.com\/de\/wp-json\/wp\/v2\/media?parent=10950"}],"wp:term":[{"taxonomy":"product_brand","embeddable":true,"href":"https:\/\/danila-souvenirs.com\/de\/wp-json\/wp\/v2\/product_brand?post=10950"},{"taxonomy":"product_cat","embeddable":true,"href":"https:\/\/danila-souvenirs.com\/de\/wp-json\/wp\/v2\/product_cat?post=10950"},{"taxonomy":"product_tag","embeddable":true,"href":"https:\/\/danila-souvenirs.com\/de\/wp-json\/wp\/v2\/product_tag?post=10950"}],"curies":[{"name":"wp","href":"https:\/\/api.w.org\/{rel}","templated":true}]}}