{"id":10943,"date":"2021-08-11T15:31:18","date_gmt":"2021-08-11T12:31:18","guid":{"rendered":"https:\/\/danila-souvenirs.com\/de\/product\/faberge-first-hen-egg-trinket-jewel-box-with-chicken-13-cm-red\/"},"modified":"2023-08-07T23:23:20","modified_gmt":"2023-08-07T20:23:20","slug":"russische-faberge-stil-huhn-ei-schmuckkastchen-mit-huhnchen-13-cm-rot","status":"publish","type":"product","link":"https:\/\/danila-souvenirs.com\/de\/product\/russische-faberge-stil-huhn-ei-schmuckkastchen-mit-huhnchen-13-cm-rot\/?lang=es","title":{"rendered":"primer Huevo de Pascua de estilo glamuroso de Gallina \/ caja de joya con estatuilla de pollo 13 cm rojo"},"content":{"rendered":"<div>Material: aleaci\u00f3n de metales no ferrosos, esmalte, cristales.<\/div>\n<div><\/div>\n<div>Altura: 13 cm (con soporte), 10 cm (el huevo).<\/div>\n<div><\/div>\n<div>Peso: 435 g.<\/div>\n<div><\/div>\n<div>Color: rojo.<\/div>\n<div><\/div>\n<div>Este huevo es una r\u00e9plica del famoso Primer Huevo Faberg\u00e9 Imperial de Gallina. Se convirti\u00f3 en el primero de una serie de m\u00e1s de 50 huevos con joyas hechos bajo la supervisi\u00f3n de Peter Carl Faberg\u00e9 para la familia imperial rusa. Fue entregado al zar Alejandro III y entregado a su esposa Maria Feodorovna en 1885. La zarina disfrut\u00f3 tanto del huevo que Alejandro III r\u00e1pidamente hizo un pedido permanente a Faberg\u00e9 para crear un nuevo huevo para su esposa cada Pascua a partir de entonces, requiriendo solo que cada el huevo sea \u00fanico y que contenga alg\u00fan tipo de &#8220;sorpresa&#8221; en su interior. Dentro del huevo puedes encontrar otro huevo peque\u00f1o que simboliza la yema. Dentro del huevo peque\u00f1o hay una figura de pollo. El huevo puede ser usado como una caja de joya.<\/div>\n","protected":false},"excerpt":{"rendered":"<p>Material: aleaci\u00f3n de metales no ferrosos, esmalte, cristales. Altura: 13 cm (con soporte), 10 cm (el huevo). Peso: 435 g. Color: rojo. Este huevo es una r\u00e9plica del famoso Primer Huevo Faberg\u00e9 Imperial de Gallina. Se convirti\u00f3 en el primero de una serie de m\u00e1s de 50 huevos con joyas hechos bajo la supervisi\u00f3n de [&hellip;]<\/p>\n","protected":false},"featured_media":9620,"comment_status":"closed","ping_status":"closed","template":"","meta":{"_et_pb_use_builder":"","_et_pb_old_content":"","_et_gb_content_width":""},"product_brand":[],"product_cat":[243,241,220],"product_tag":[],"class_list":{"0":"post-10943","1":"product","2":"type-product","3":"status-publish","4":"has-post-thumbnail","6":"product_cat-trinket-boxes-es","7":"product_cat-eggs-with-surprise-es","8":"product_cat-huevos-de-pascua","9":"pa_color-red-es","11":"first","12":"instock","13":"shipping-taxable","14":"purchasable","15":"product-type-simple"},"_links":{"self":[{"href":"https:\/\/danila-souvenirs.com\/de\/wp-json\/wp\/v2\/product\/10943","targetHints":{"allow":["GET"]}}],"collection":[{"href":"https:\/\/danila-souvenirs.com\/de\/wp-json\/wp\/v2\/product"}],"about":[{"href":"https:\/\/danila-souvenirs.com\/de\/wp-json\/wp\/v2\/types\/product"}],"replies":[{"embeddable":true,"href":"https:\/\/danila-souvenirs.com\/de\/wp-json\/wp\/v2\/comments?post=10943"}],"wp:featuredmedia":[{"embeddable":true,"href":"https:\/\/danila-souvenirs.com\/de\/wp-json\/wp\/v2\/media\/9620"}],"wp:attachment":[{"href":"https:\/\/danila-souvenirs.com\/de\/wp-json\/wp\/v2\/media?parent=10943"}],"wp:term":[{"taxonomy":"product_brand","embeddable":true,"href":"https:\/\/danila-souvenirs.com\/de\/wp-json\/wp\/v2\/product_brand?post=10943"},{"taxonomy":"product_cat","embeddable":true,"href":"https:\/\/danila-souvenirs.com\/de\/wp-json\/wp\/v2\/product_cat?post=10943"},{"taxonomy":"product_tag","embeddable":true,"href":"https:\/\/danila-souvenirs.com\/de\/wp-json\/wp\/v2\/product_tag?post=10943"}],"curies":[{"name":"wp","href":"https:\/\/api.w.org\/{rel}","templated":true}]}}