{"id":10936,"date":"2021-08-08T16:29:13","date_gmt":"2021-08-08T13:29:13","guid":{"rendered":"https:\/\/danila-souvenirs.com\/de\/product\/faberge-egg-trinket-jewel-box-the-globe-with-ship-14-5-cm-blue\/"},"modified":"2023-08-07T23:23:48","modified_gmt":"2023-08-07T20:23:48","slug":"russische-faberge-stil-ei-schmuckkastchen-jewel-box-den-globus-mit-schiff-15-cm-3","status":"publish","type":"product","link":"https:\/\/danila-souvenirs.com\/de\/product\/russische-faberge-stil-ei-schmuckkastchen-jewel-box-den-globus-mit-schiff-15-cm-3\/?lang=es","title":{"rendered":"Huevo de Pascua de estilo glamuroso \/ caja de joya Globo con barco 14,5 cm azul"},"content":{"rendered":"<div>Material: Aleaci\u00f3n de metales no ferrosos, esmalte, cristales.<\/div>\n<div><\/div>\n<div>Altura: 14,5 cm.<\/div>\n<div><\/div>\n<div>Peso: 675 g.<\/div>\n<div><\/div>\n<div>Color: azul.<\/div>\n<div><\/div>\n<div>Este es un globo peque\u00f1o, est\u00e1 parado sobre los dos peces grandes. Dentro del globo puedes encontrar un peque\u00f1o barco. El huevo puede ser usado como una caja de joya.<\/div>\n","protected":false},"excerpt":{"rendered":"<p>Material: Aleaci\u00f3n de metales no ferrosos, esmalte, cristales. Altura: 14,5 cm. Peso: 675 g. Color: azul. Este es un globo peque\u00f1o, est\u00e1 parado sobre los dos peces grandes. Dentro del globo puedes encontrar un peque\u00f1o barco. El huevo puede ser usado como una caja de joya.<\/p>\n","protected":false},"featured_media":9516,"comment_status":"closed","ping_status":"closed","template":"","meta":{"_et_pb_use_builder":"","_et_pb_old_content":"","_et_gb_content_width":""},"product_brand":[],"product_cat":[243,241,220],"product_tag":[],"class_list":{"0":"post-10936","1":"product","2":"type-product","3":"status-publish","4":"has-post-thumbnail","6":"product_cat-trinket-boxes-es","7":"product_cat-eggs-with-surprise-es","8":"product_cat-huevos-de-pascua","9":"pa_color-blue-es","11":"first","12":"instock","13":"shipping-taxable","14":"purchasable","15":"product-type-simple"},"_links":{"self":[{"href":"https:\/\/danila-souvenirs.com\/de\/wp-json\/wp\/v2\/product\/10936","targetHints":{"allow":["GET"]}}],"collection":[{"href":"https:\/\/danila-souvenirs.com\/de\/wp-json\/wp\/v2\/product"}],"about":[{"href":"https:\/\/danila-souvenirs.com\/de\/wp-json\/wp\/v2\/types\/product"}],"replies":[{"embeddable":true,"href":"https:\/\/danila-souvenirs.com\/de\/wp-json\/wp\/v2\/comments?post=10936"}],"wp:featuredmedia":[{"embeddable":true,"href":"https:\/\/danila-souvenirs.com\/de\/wp-json\/wp\/v2\/media\/9516"}],"wp:attachment":[{"href":"https:\/\/danila-souvenirs.com\/de\/wp-json\/wp\/v2\/media?parent=10936"}],"wp:term":[{"taxonomy":"product_brand","embeddable":true,"href":"https:\/\/danila-souvenirs.com\/de\/wp-json\/wp\/v2\/product_brand?post=10936"},{"taxonomy":"product_cat","embeddable":true,"href":"https:\/\/danila-souvenirs.com\/de\/wp-json\/wp\/v2\/product_cat?post=10936"},{"taxonomy":"product_tag","embeddable":true,"href":"https:\/\/danila-souvenirs.com\/de\/wp-json\/wp\/v2\/product_tag?post=10936"}],"curies":[{"name":"wp","href":"https:\/\/api.w.org\/{rel}","templated":true}]}}