{"id":10915,"date":"2021-05-16T17:54:22","date_gmt":"2021-05-16T14:54:22","guid":{"rendered":"https:\/\/danila-souvenirs.com\/de\/product\/soviet-russian-ussr-communist-leon-trotsky-marble-bust-statue-sculpture-16-cm\/"},"modified":"2023-04-19T02:10:59","modified_gmt":"2023-04-18T23:10:59","slug":"sowjetischer-russischer-kommunist-leo-trotzki-marmor-buste-statue-skulptur-16-cm-weis-4","status":"publish","type":"product","link":"https:\/\/danila-souvenirs.com\/de\/product\/sowjetischer-russischer-kommunist-leo-trotzki-marmor-buste-statue-skulptur-16-cm-weis-4\/?lang=es","title":{"rendered":"Busto \/ Estatua de m\u00e1rmol del comunista sovi\u00e9tico ruso Le\u00f3n (Lev) Trotski 16 cm"},"content":{"rendered":"<div>Material: m\u00e1rmol artificial.<\/div>\n<div><\/div>\n<div>Altura: 16 cm.<\/div>\n<div><\/div>\n<div>Peso: 520 g.<\/div>\n<div><\/div>\n<div>Color: blanco.<\/div>\n<div><\/div>\n<div>Le\u00f3n (Lev) Trotski (7 de noviembre de 1879 &#8211; 21 de agosto de 1940) fue un marxista ruso, revolucionario y te\u00f3rico, pol\u00edtico sovi\u00e9tico, fundador y el primer l\u00edder del ej\u00e9rcito rojo.<\/div>\n","protected":false},"excerpt":{"rendered":"<p>Material: m\u00e1rmol artificial. Altura: 16 cm. Peso: 520 g. Color: blanco. Le\u00f3n (Lev) Trotski (7 de noviembre de 1879 &#8211; 21 de agosto de 1940) fue un marxista ruso, revolucionario y te\u00f3rico, pol\u00edtico sovi\u00e9tico, fundador y el primer l\u00edder del ej\u00e9rcito rojo.<\/p>\n","protected":false},"featured_media":14472,"comment_status":"closed","ping_status":"closed","template":"","meta":{"_et_pb_use_builder":"","_et_pb_old_content":"","_et_gb_content_width":""},"product_brand":[],"product_cat":[235,246,245],"product_tag":[],"class_list":{"0":"post-10915","1":"product","2":"type-product","3":"status-publish","4":"has-post-thumbnail","6":"product_cat-statues-es","7":"product_cat-russian-es","8":"product_cat-uncategorized-es","9":"pa_color-white-es","11":"first","12":"instock","13":"shipping-taxable","14":"purchasable","15":"product-type-simple"},"_links":{"self":[{"href":"https:\/\/danila-souvenirs.com\/de\/wp-json\/wp\/v2\/product\/10915","targetHints":{"allow":["GET"]}}],"collection":[{"href":"https:\/\/danila-souvenirs.com\/de\/wp-json\/wp\/v2\/product"}],"about":[{"href":"https:\/\/danila-souvenirs.com\/de\/wp-json\/wp\/v2\/types\/product"}],"replies":[{"embeddable":true,"href":"https:\/\/danila-souvenirs.com\/de\/wp-json\/wp\/v2\/comments?post=10915"}],"wp:featuredmedia":[{"embeddable":true,"href":"https:\/\/danila-souvenirs.com\/de\/wp-json\/wp\/v2\/media\/14472"}],"wp:attachment":[{"href":"https:\/\/danila-souvenirs.com\/de\/wp-json\/wp\/v2\/media?parent=10915"}],"wp:term":[{"taxonomy":"product_brand","embeddable":true,"href":"https:\/\/danila-souvenirs.com\/de\/wp-json\/wp\/v2\/product_brand?post=10915"},{"taxonomy":"product_cat","embeddable":true,"href":"https:\/\/danila-souvenirs.com\/de\/wp-json\/wp\/v2\/product_cat?post=10915"},{"taxonomy":"product_tag","embeddable":true,"href":"https:\/\/danila-souvenirs.com\/de\/wp-json\/wp\/v2\/product_tag?post=10915"}],"curies":[{"name":"wp","href":"https:\/\/api.w.org\/{rel}","templated":true}]}}