{"id":10913,"date":"2021-05-16T17:52:12","date_gmt":"2021-05-16T14:52:12","guid":{"rendered":"https:\/\/danila-souvenirs.com\/de\/product\/soviet-russian-ussr-leader-joseph-stalin-marble-bust-statue-sculpture-16-cm\/"},"modified":"2023-04-19T02:07:47","modified_gmt":"2023-04-18T23:07:47","slug":"sowjetischer-russischer-chef-joseph-stalin-marmor-buste-statue-skulptur-16-cm-4","status":"publish","type":"product","link":"https:\/\/danila-souvenirs.com\/de\/product\/sowjetischer-russischer-chef-joseph-stalin-marmor-buste-statue-skulptur-16-cm-4\/?lang=es","title":{"rendered":"Busto \/ Estatua de m\u00e1rmol del l\u00edder sovi\u00e9tico ruso I\u00f3sif Stalin 16 cm"},"content":{"rendered":"<div>Material: m\u00e1rmol artificial.<\/div>\n<div><\/div>\n<div>Altura: 16 cm.<\/div>\n<div><\/div>\n<div>Peso: 655 g.<\/div>\n<div><\/div>\n<div>Color: blanco.<\/div>\n<div><\/div>\n<div>I\u00f3sif Stalin (18 de diciembre de 1878 &#8211; 5 de marzo de 1953) fue el secretario general del partido comunista sovi\u00e9tico desde 1922 hasta su muerte. Las vistas modernas de Stalin en Rusia y el mundo permanecen mezcladas, algunos lo ven como tirano y asesino en masa, otros como un l\u00edder capaz y necesario para el tiempo.<\/div>\n","protected":false},"excerpt":{"rendered":"<p>Material: m\u00e1rmol artificial. Altura: 16 cm. Peso: 655 g. Color: blanco. I\u00f3sif Stalin (18 de diciembre de 1878 &#8211; 5 de marzo de 1953) fue el secretario general del partido comunista sovi\u00e9tico desde 1922 hasta su muerte. Las vistas modernas de Stalin en Rusia y el mundo permanecen mezcladas, algunos lo ven como tirano y [&hellip;]<\/p>\n","protected":false},"featured_media":7196,"comment_status":"closed","ping_status":"closed","template":"","meta":{"_et_pb_use_builder":"","_et_pb_old_content":"","_et_gb_content_width":""},"product_brand":[],"product_cat":[235,246,245],"product_tag":[],"class_list":{"0":"post-10913","1":"product","2":"type-product","3":"status-publish","4":"has-post-thumbnail","6":"product_cat-statues-es","7":"product_cat-russian-es","8":"product_cat-uncategorized-es","9":"pa_color-white-es","11":"first","12":"instock","13":"shipping-taxable","14":"purchasable","15":"product-type-simple"},"_links":{"self":[{"href":"https:\/\/danila-souvenirs.com\/de\/wp-json\/wp\/v2\/product\/10913","targetHints":{"allow":["GET"]}}],"collection":[{"href":"https:\/\/danila-souvenirs.com\/de\/wp-json\/wp\/v2\/product"}],"about":[{"href":"https:\/\/danila-souvenirs.com\/de\/wp-json\/wp\/v2\/types\/product"}],"replies":[{"embeddable":true,"href":"https:\/\/danila-souvenirs.com\/de\/wp-json\/wp\/v2\/comments?post=10913"}],"wp:featuredmedia":[{"embeddable":true,"href":"https:\/\/danila-souvenirs.com\/de\/wp-json\/wp\/v2\/media\/7196"}],"wp:attachment":[{"href":"https:\/\/danila-souvenirs.com\/de\/wp-json\/wp\/v2\/media?parent=10913"}],"wp:term":[{"taxonomy":"product_brand","embeddable":true,"href":"https:\/\/danila-souvenirs.com\/de\/wp-json\/wp\/v2\/product_brand?post=10913"},{"taxonomy":"product_cat","embeddable":true,"href":"https:\/\/danila-souvenirs.com\/de\/wp-json\/wp\/v2\/product_cat?post=10913"},{"taxonomy":"product_tag","embeddable":true,"href":"https:\/\/danila-souvenirs.com\/de\/wp-json\/wp\/v2\/product_tag?post=10913"}],"curies":[{"name":"wp","href":"https:\/\/api.w.org\/{rel}","templated":true}]}}