{"id":10910,"date":"2021-05-16T17:49:16","date_gmt":"2021-05-16T14:49:16","guid":{"rendered":"https:\/\/danila-souvenirs.com\/de\/product\/french-emperor-napoleon-bonaparte-stone-bust-statue-sculpture-13-5-cm-black\/"},"modified":"2023-04-19T02:05:04","modified_gmt":"2023-04-18T23:05:04","slug":"franzosische-kaiser-napoleon-bonaparte-stein-buste-statue-skulptur-135-cm-4","status":"publish","type":"product","link":"https:\/\/danila-souvenirs.com\/de\/product\/franzosische-kaiser-napoleon-bonaparte-stein-buste-statue-skulptur-135-cm-4\/?lang=es","title":{"rendered":"Busto \/ Estatua de piedra del emperador franc\u00e9s Napole\u00f3n Bonaparte 13 cm"},"content":{"rendered":"<div>Material: piedra artificial.<\/div>\n<div><\/div>\n<div>Altura: 13 cm.<\/div>\n<div><\/div>\n<div>Peso: 220 g.<\/div>\n<div><\/div>\n<div>Color: negro.<\/div>\n<div><\/div>\n<div>Napole\u00f3n Bonaparte (15 de agosto de 1769 &#8211; 5 de mayo de 1821) fue un l\u00edder militar y pol\u00edtico franc\u00e9s que se elev\u00f3 a la prominencia durante las \u00faltimas etapas de la revoluci\u00f3n francesa y sus guerras asociadas en Europa.<\/div>\n","protected":false},"excerpt":{"rendered":"<p>Material: piedra artificial. Altura: 13 cm. Peso: 220 g. Color: negro. Napole\u00f3n Bonaparte (15 de agosto de 1769 &#8211; 5 de mayo de 1821) fue un l\u00edder militar y pol\u00edtico franc\u00e9s que se elev\u00f3 a la prominencia durante las \u00faltimas etapas de la revoluci\u00f3n francesa y sus guerras asociadas en Europa.<\/p>\n","protected":false},"featured_media":7260,"comment_status":"closed","ping_status":"closed","template":"","meta":{"_et_pb_use_builder":"","_et_pb_old_content":"","_et_gb_content_width":""},"product_brand":[],"product_cat":[235,244,245],"product_tag":[],"class_list":{"0":"post-10910","1":"product","2":"type-product","3":"status-publish","4":"has-post-thumbnail","6":"product_cat-statues-es","7":"product_cat-european-es","8":"product_cat-uncategorized-es","9":"pa_color-black-es","11":"first","12":"instock","13":"shipping-taxable","14":"purchasable","15":"product-type-simple"},"_links":{"self":[{"href":"https:\/\/danila-souvenirs.com\/de\/wp-json\/wp\/v2\/product\/10910","targetHints":{"allow":["GET"]}}],"collection":[{"href":"https:\/\/danila-souvenirs.com\/de\/wp-json\/wp\/v2\/product"}],"about":[{"href":"https:\/\/danila-souvenirs.com\/de\/wp-json\/wp\/v2\/types\/product"}],"replies":[{"embeddable":true,"href":"https:\/\/danila-souvenirs.com\/de\/wp-json\/wp\/v2\/comments?post=10910"}],"wp:featuredmedia":[{"embeddable":true,"href":"https:\/\/danila-souvenirs.com\/de\/wp-json\/wp\/v2\/media\/7260"}],"wp:attachment":[{"href":"https:\/\/danila-souvenirs.com\/de\/wp-json\/wp\/v2\/media?parent=10910"}],"wp:term":[{"taxonomy":"product_brand","embeddable":true,"href":"https:\/\/danila-souvenirs.com\/de\/wp-json\/wp\/v2\/product_brand?post=10910"},{"taxonomy":"product_cat","embeddable":true,"href":"https:\/\/danila-souvenirs.com\/de\/wp-json\/wp\/v2\/product_cat?post=10910"},{"taxonomy":"product_tag","embeddable":true,"href":"https:\/\/danila-souvenirs.com\/de\/wp-json\/wp\/v2\/product_tag?post=10910"}],"curies":[{"name":"wp","href":"https:\/\/api.w.org\/{rel}","templated":true}]}}