{"id":10906,"date":"2022-01-10T14:04:07","date_gmt":"2022-01-10T11:04:07","guid":{"rendered":"https:\/\/danila-souvenirs.com\/de\/product\/german-philosopher-socialist-karl-marx-stone-bust-statue-sculpture-14-5-cm\/"},"modified":"2023-04-19T02:02:19","modified_gmt":"2023-04-18T23:02:19","slug":"deutscher-philosoph-sozialist-karl-marx-stein-buste-statue-skulptur-15-cm-schwarz-3","status":"publish","type":"product","link":"https:\/\/danila-souvenirs.com\/de\/product\/deutscher-philosoph-sozialist-karl-marx-stein-buste-statue-skulptur-15-cm-schwarz-3\/?lang=es","title":{"rendered":"Busto \/ Estatua de piedra del fil\u00f3sofo socialista alem\u00e1n Karl Marx 14,5 cm"},"content":{"rendered":"<div>Material: piedra artificial.<\/div>\n<div><\/div>\n<div>Altura: 14,5 cm.<\/div>\n<div><\/div>\n<div>Peso: 530 g.<\/div>\n<div><\/div>\n<div>Color: negro.<\/div>\n<div><\/div>\n<div>Karl Heinrich Marx (5 de mayo de 1818 &#8211; 14 de marzo de 1883) fue un fil\u00f3sofo, economista, soci\u00f3logo, historiador, periodista y socialista revolucionario. Sus ideas desempe\u00f1an un papel importante en el desarrollo de la ciencia social y el movimiento socialista.<\/div>\n<p>&nbsp;<\/p>\n","protected":false},"excerpt":{"rendered":"<p>Material: piedra artificial. Altura: 14,5 cm. Peso: 530 g. Color: negro. Karl Heinrich Marx (5 de mayo de 1818 &#8211; 14 de marzo de 1883) fue un fil\u00f3sofo, economista, soci\u00f3logo, historiador, periodista y socialista revolucionario. Sus ideas desempe\u00f1an un papel importante en el desarrollo de la ciencia social y el movimiento socialista. &nbsp;<\/p>\n","protected":false},"featured_media":13966,"comment_status":"closed","ping_status":"closed","template":"","meta":{"_et_pb_use_builder":"","_et_pb_old_content":"","_et_gb_content_width":""},"product_brand":[],"product_cat":[235,244,245],"product_tag":[],"class_list":{"0":"post-10906","1":"product","2":"type-product","3":"status-publish","4":"has-post-thumbnail","6":"product_cat-statues-es","7":"product_cat-european-es","8":"product_cat-uncategorized-es","9":"pa_color-black-es","11":"first","12":"instock","13":"shipping-taxable","14":"purchasable","15":"product-type-simple"},"_links":{"self":[{"href":"https:\/\/danila-souvenirs.com\/de\/wp-json\/wp\/v2\/product\/10906","targetHints":{"allow":["GET"]}}],"collection":[{"href":"https:\/\/danila-souvenirs.com\/de\/wp-json\/wp\/v2\/product"}],"about":[{"href":"https:\/\/danila-souvenirs.com\/de\/wp-json\/wp\/v2\/types\/product"}],"replies":[{"embeddable":true,"href":"https:\/\/danila-souvenirs.com\/de\/wp-json\/wp\/v2\/comments?post=10906"}],"wp:featuredmedia":[{"embeddable":true,"href":"https:\/\/danila-souvenirs.com\/de\/wp-json\/wp\/v2\/media\/13966"}],"wp:attachment":[{"href":"https:\/\/danila-souvenirs.com\/de\/wp-json\/wp\/v2\/media?parent=10906"}],"wp:term":[{"taxonomy":"product_brand","embeddable":true,"href":"https:\/\/danila-souvenirs.com\/de\/wp-json\/wp\/v2\/product_brand?post=10906"},{"taxonomy":"product_cat","embeddable":true,"href":"https:\/\/danila-souvenirs.com\/de\/wp-json\/wp\/v2\/product_cat?post=10906"},{"taxonomy":"product_tag","embeddable":true,"href":"https:\/\/danila-souvenirs.com\/de\/wp-json\/wp\/v2\/product_tag?post=10906"}],"curies":[{"name":"wp","href":"https:\/\/api.w.org\/{rel}","templated":true}]}}