{"id":10903,"date":"2021-05-16T17:38:04","date_gmt":"2021-05-16T14:38:04","guid":{"rendered":"https:\/\/danila-souvenirs.com\/de\/product\/german-philosopher-socialist-karl-marx-stone-bust-statue-sculpture-12-cm-black\/"},"modified":"2023-04-19T01:59:37","modified_gmt":"2023-04-18T22:59:37","slug":"deutscher-philosoph-sozialist-karl-marx-stein-buste-statue-skulptur-125-cm-schwarz-4","status":"publish","type":"product","link":"https:\/\/danila-souvenirs.com\/de\/product\/deutscher-philosoph-sozialist-karl-marx-stein-buste-statue-skulptur-125-cm-schwarz-4\/?lang=es","title":{"rendered":"Busto \/ Estatua de piedra del fil\u00f3sofo socialista alem\u00e1n Karl Marx 12 cm"},"content":{"rendered":"<div>Material: piedra artificial.<\/div>\n<div><\/div>\n<div>Altura: 12 cm.<\/div>\n<div><\/div>\n<div>Peso: 230 g.<\/div>\n<div><\/div>\n<div>Color: negro.<\/div>\n<div><\/div>\n<div>Karl Heinrich Marx (5 de mayo de 1818 &#8211; 14 de marzo de 1883) fue un fil\u00f3sofo, economista, soci\u00f3logo, historiador, periodista y socialista revolucionario. Sus ideas desempe\u00f1an un papel importante en el desarrollo de la ciencia social y el movimiento socialista.<\/div>\n","protected":false},"excerpt":{"rendered":"<p>Material: piedra artificial. Altura: 12 cm. Peso: 230 g. Color: negro. Karl Heinrich Marx (5 de mayo de 1818 &#8211; 14 de marzo de 1883) fue un fil\u00f3sofo, economista, soci\u00f3logo, historiador, periodista y socialista revolucionario. Sus ideas desempe\u00f1an un papel importante en el desarrollo de la ciencia social y el movimiento socialista.<\/p>\n","protected":false},"featured_media":6060,"comment_status":"closed","ping_status":"closed","template":"","meta":{"_et_pb_use_builder":"","_et_pb_old_content":"","_et_gb_content_width":""},"product_brand":[],"product_cat":[235,244,245],"product_tag":[],"class_list":{"0":"post-10903","1":"product","2":"type-product","3":"status-publish","4":"has-post-thumbnail","6":"product_cat-statues-es","7":"product_cat-european-es","8":"product_cat-uncategorized-es","9":"pa_color-black-es","11":"first","12":"instock","13":"shipping-taxable","14":"purchasable","15":"product-type-simple"},"_links":{"self":[{"href":"https:\/\/danila-souvenirs.com\/de\/wp-json\/wp\/v2\/product\/10903","targetHints":{"allow":["GET"]}}],"collection":[{"href":"https:\/\/danila-souvenirs.com\/de\/wp-json\/wp\/v2\/product"}],"about":[{"href":"https:\/\/danila-souvenirs.com\/de\/wp-json\/wp\/v2\/types\/product"}],"replies":[{"embeddable":true,"href":"https:\/\/danila-souvenirs.com\/de\/wp-json\/wp\/v2\/comments?post=10903"}],"wp:featuredmedia":[{"embeddable":true,"href":"https:\/\/danila-souvenirs.com\/de\/wp-json\/wp\/v2\/media\/6060"}],"wp:attachment":[{"href":"https:\/\/danila-souvenirs.com\/de\/wp-json\/wp\/v2\/media?parent=10903"}],"wp:term":[{"taxonomy":"product_brand","embeddable":true,"href":"https:\/\/danila-souvenirs.com\/de\/wp-json\/wp\/v2\/product_brand?post=10903"},{"taxonomy":"product_cat","embeddable":true,"href":"https:\/\/danila-souvenirs.com\/de\/wp-json\/wp\/v2\/product_cat?post=10903"},{"taxonomy":"product_tag","embeddable":true,"href":"https:\/\/danila-souvenirs.com\/de\/wp-json\/wp\/v2\/product_tag?post=10903"}],"curies":[{"name":"wp","href":"https:\/\/api.w.org\/{rel}","templated":true}]}}