{"id":10900,"date":"2021-06-13T17:58:45","date_gmt":"2021-06-13T14:58:45","guid":{"rendered":"https:\/\/danila-souvenirs.com\/de\/product\/stone-statue-figurine-see-hear-speak-no-evil-three-wise-monkeys-11-cm\/"},"modified":"2023-04-19T01:56:43","modified_gmt":"2023-04-18T22:56:43","slug":"nichts-sehen-horen-sprechen-stein-figur-statue-skulptur-drei-weise-affen-12-cm-schwarz-4","status":"publish","type":"product","link":"https:\/\/danila-souvenirs.com\/de\/product\/nichts-sehen-horen-sprechen-stein-figur-statue-skulptur-drei-weise-affen-12-cm-schwarz-4\/?lang=es","title":{"rendered":"Estatua \/ Figurilla decorativa de piedra Tres monos sabios No veas, escuches, hables el mal 11 cm"},"content":{"rendered":"<div>Material: piedra artificial.<\/div>\n<div><\/div>\n<div>Dimensiones: 9 x 11 x 4.5 cm.<\/div>\n<div><\/div>\n<div>Peso: 285 g.<\/div>\n<div><\/div>\n<div>Color: negro.<\/div>\n<div><\/div>\n<div>&#8220;Tres monos sabios&#8221; es un s\u00edmbolo de origen asi\u00e1tico formado por tres monos, cada uno de los cuales cubre con sus manos una parte distinta del rostro: el primero los ojos, el segundo la boca y el tercero las orejas. Forman una especie de m\u00e1xima pict\u00f3rica: \u201cNo veas el mal, no escuches el mal, no hables mal\u201d. A los que siguen esta m\u00e1xima, s\u00f3lo les saldr\u00e1 bien.<\/div>\n<div><\/div>\n","protected":false},"excerpt":{"rendered":"<p>Material: piedra artificial. Dimensiones: 9 x 11 x 4.5 cm. Peso: 285 g. Color: negro. &#8220;Tres monos sabios&#8221; es un s\u00edmbolo de origen asi\u00e1tico formado por tres monos, cada uno de los cuales cubre con sus manos una parte distinta del rostro: el primero los ojos, el segundo la boca y el tercero las orejas. [&hellip;]<\/p>\n","protected":false},"featured_media":6808,"comment_status":"closed","ping_status":"closed","template":"","meta":{"_et_pb_use_builder":"","_et_pb_old_content":"","_et_gb_content_width":""},"product_brand":[],"product_cat":[235,238,245],"product_tag":[],"class_list":{"0":"post-10900","1":"product","2":"type-product","3":"status-publish","4":"has-post-thumbnail","6":"product_cat-statues-es","7":"product_cat-animal-figurines-es","8":"product_cat-uncategorized-es","9":"pa_color-black-es","11":"first","12":"instock","13":"shipping-taxable","14":"purchasable","15":"product-type-simple"},"_links":{"self":[{"href":"https:\/\/danila-souvenirs.com\/de\/wp-json\/wp\/v2\/product\/10900","targetHints":{"allow":["GET"]}}],"collection":[{"href":"https:\/\/danila-souvenirs.com\/de\/wp-json\/wp\/v2\/product"}],"about":[{"href":"https:\/\/danila-souvenirs.com\/de\/wp-json\/wp\/v2\/types\/product"}],"replies":[{"embeddable":true,"href":"https:\/\/danila-souvenirs.com\/de\/wp-json\/wp\/v2\/comments?post=10900"}],"wp:featuredmedia":[{"embeddable":true,"href":"https:\/\/danila-souvenirs.com\/de\/wp-json\/wp\/v2\/media\/6808"}],"wp:attachment":[{"href":"https:\/\/danila-souvenirs.com\/de\/wp-json\/wp\/v2\/media?parent=10900"}],"wp:term":[{"taxonomy":"product_brand","embeddable":true,"href":"https:\/\/danila-souvenirs.com\/de\/wp-json\/wp\/v2\/product_brand?post=10900"},{"taxonomy":"product_cat","embeddable":true,"href":"https:\/\/danila-souvenirs.com\/de\/wp-json\/wp\/v2\/product_cat?post=10900"},{"taxonomy":"product_tag","embeddable":true,"href":"https:\/\/danila-souvenirs.com\/de\/wp-json\/wp\/v2\/product_tag?post=10900"}],"curies":[{"name":"wp","href":"https:\/\/api.w.org\/{rel}","templated":true}]}}