{"id":10896,"date":"2021-05-16T17:44:57","date_gmt":"2021-05-16T14:44:57","guid":{"rendered":"https:\/\/danila-souvenirs.com\/de\/product\/soviet-russian-ussr-leader-vladimir-lenin-stone-bust-statue-sculpture-16-cm\/"},"modified":"2023-04-19T01:53:47","modified_gmt":"2023-04-18T22:53:47","slug":"sowjetischer-russischer-chef-wladimir-lenin-stein-buste-statue-skulptur-17-cm-schwarz-4","status":"publish","type":"product","link":"https:\/\/danila-souvenirs.com\/de\/product\/sowjetischer-russischer-chef-wladimir-lenin-stein-buste-statue-skulptur-17-cm-schwarz-4\/?lang=es","title":{"rendered":"Busto \/ Estatua de piedra del l\u00edder sovi\u00e9tico ruso Vlad\u00edmir Lenin 16 cm"},"content":{"rendered":"<div>Material: piedra artificial.<\/div>\n<div><\/div>\n<div>Altura: 16 cm.<\/div>\n<div><\/div>\n<div>Peso: 180 g.<\/div>\n<div><\/div>\n<div>Color: negro.<\/div>\n<div><\/div>\n<div>Vladimir Lenin (22 de abril de 1870 &#8211; 21 de enero de 1924) fue un revolucionario, pol\u00edtico y te\u00f3rico pol\u00edtico comunista ruso que se desempe\u00f1\u00f3 como Primer Presidente de la Uni\u00f3n Sovi\u00e9tica de 1922 a 1924. Ejerci\u00f3 un importante papel en la conducci\u00f3n de la gran revoluci\u00f3n socialista de octubre de 1917 y en la fundaci\u00f3n de la Uni\u00f3n Sovi\u00e9tica en 1922. Lenin sigue siendo una figura mundial controvertida y pol\u00e9mica.<\/div>\n","protected":false},"excerpt":{"rendered":"<p>Material: piedra artificial. Altura: 16 cm. Peso: 180 g. Color: negro. Vladimir Lenin (22 de abril de 1870 &#8211; 21 de enero de 1924) fue un revolucionario, pol\u00edtico y te\u00f3rico pol\u00edtico comunista ruso que se desempe\u00f1\u00f3 como Primer Presidente de la Uni\u00f3n Sovi\u00e9tica de 1922 a 1924. Ejerci\u00f3 un importante papel en la conducci\u00f3n de [&hellip;]<\/p>\n","protected":false},"featured_media":6408,"comment_status":"closed","ping_status":"closed","template":"","meta":{"_et_pb_use_builder":"","_et_pb_old_content":"","_et_gb_content_width":""},"product_brand":[],"product_cat":[235,246,245],"product_tag":[],"class_list":{"0":"post-10896","1":"product","2":"type-product","3":"status-publish","4":"has-post-thumbnail","6":"product_cat-statues-es","7":"product_cat-russian-es","8":"product_cat-uncategorized-es","9":"pa_color-black-es","11":"first","12":"instock","13":"shipping-taxable","14":"purchasable","15":"product-type-simple"},"_links":{"self":[{"href":"https:\/\/danila-souvenirs.com\/de\/wp-json\/wp\/v2\/product\/10896","targetHints":{"allow":["GET"]}}],"collection":[{"href":"https:\/\/danila-souvenirs.com\/de\/wp-json\/wp\/v2\/product"}],"about":[{"href":"https:\/\/danila-souvenirs.com\/de\/wp-json\/wp\/v2\/types\/product"}],"replies":[{"embeddable":true,"href":"https:\/\/danila-souvenirs.com\/de\/wp-json\/wp\/v2\/comments?post=10896"}],"wp:featuredmedia":[{"embeddable":true,"href":"https:\/\/danila-souvenirs.com\/de\/wp-json\/wp\/v2\/media\/6408"}],"wp:attachment":[{"href":"https:\/\/danila-souvenirs.com\/de\/wp-json\/wp\/v2\/media?parent=10896"}],"wp:term":[{"taxonomy":"product_brand","embeddable":true,"href":"https:\/\/danila-souvenirs.com\/de\/wp-json\/wp\/v2\/product_brand?post=10896"},{"taxonomy":"product_cat","embeddable":true,"href":"https:\/\/danila-souvenirs.com\/de\/wp-json\/wp\/v2\/product_cat?post=10896"},{"taxonomy":"product_tag","embeddable":true,"href":"https:\/\/danila-souvenirs.com\/de\/wp-json\/wp\/v2\/product_tag?post=10896"}],"curies":[{"name":"wp","href":"https:\/\/api.w.org\/{rel}","templated":true}]}}