{"id":10885,"date":"2021-05-16T17:40:27","date_gmt":"2021-05-16T14:40:27","guid":{"rendered":"https:\/\/danila-souvenirs.com\/de\/product\/soviet-russian-ussr-leader-vladimir-lenin-marble-bust-statue-sculpture-9-5-cm\/"},"modified":"2023-04-19T01:44:21","modified_gmt":"2023-04-18T22:44:21","slug":"sowjetischer-russischer-chef-wladimir-lenin-marmor-buste-statue-skulptur-105-cm-weis-4","status":"publish","type":"product","link":"https:\/\/danila-souvenirs.com\/de\/product\/sowjetischer-russischer-chef-wladimir-lenin-marmor-buste-statue-skulptur-105-cm-weis-4\/?lang=es","title":{"rendered":"Busto \/ Estatua de m\u00e1rmol del l\u00edder sovi\u00e9tico ruso Vlad\u00edmir Lenin 9,5 cm"},"content":{"rendered":"<div>Material: m\u00e1rmol artificial.<\/div>\n<div><\/div>\n<div>Altura: 9,5 cm.<\/div>\n<div><\/div>\n<div>Peso: 165 g.<\/div>\n<div><\/div>\n<div>Color: blanco.<\/div>\n<div><\/div>\n<div>Vladimir Lenin (22 de abril de 1870 &#8211; 21 de enero de 1924) fue un revolucionario, pol\u00edtico y te\u00f3rico pol\u00edtico comunista ruso que se desempe\u00f1\u00f3 como Primer Presidente de la Uni\u00f3n Sovi\u00e9tica de 1922 a 1924. Ejerci\u00f3 un importante papel en la conducci\u00f3n de la gran revoluci\u00f3n socialista de octubre de 1917 y en la fundaci\u00f3n de la Uni\u00f3n Sovi\u00e9tica en 1922. Lenin sigue siendo una figura mundial controvertida y pol\u00e9mica.<\/div>\n<div><\/div>\n","protected":false},"excerpt":{"rendered":"<p>Material: m\u00e1rmol artificial. Altura: 9,5 cm. Peso: 165 g. Color: blanco. Vladimir Lenin (22 de abril de 1870 &#8211; 21 de enero de 1924) fue un revolucionario, pol\u00edtico y te\u00f3rico pol\u00edtico comunista ruso que se desempe\u00f1\u00f3 como Primer Presidente de la Uni\u00f3n Sovi\u00e9tica de 1922 a 1924. Ejerci\u00f3 un importante papel en la conducci\u00f3n de [&hellip;]<\/p>\n","protected":false},"featured_media":14176,"comment_status":"closed","ping_status":"closed","template":"","meta":{"_et_pb_use_builder":"","_et_pb_old_content":"","_et_gb_content_width":""},"product_brand":[],"product_cat":[235,246,245],"product_tag":[],"class_list":{"0":"post-10885","1":"product","2":"type-product","3":"status-publish","4":"has-post-thumbnail","6":"product_cat-statues-es","7":"product_cat-russian-es","8":"product_cat-uncategorized-es","9":"pa_color-white-es","11":"first","12":"instock","13":"shipping-taxable","14":"purchasable","15":"product-type-simple"},"_links":{"self":[{"href":"https:\/\/danila-souvenirs.com\/de\/wp-json\/wp\/v2\/product\/10885","targetHints":{"allow":["GET"]}}],"collection":[{"href":"https:\/\/danila-souvenirs.com\/de\/wp-json\/wp\/v2\/product"}],"about":[{"href":"https:\/\/danila-souvenirs.com\/de\/wp-json\/wp\/v2\/types\/product"}],"replies":[{"embeddable":true,"href":"https:\/\/danila-souvenirs.com\/de\/wp-json\/wp\/v2\/comments?post=10885"}],"wp:featuredmedia":[{"embeddable":true,"href":"https:\/\/danila-souvenirs.com\/de\/wp-json\/wp\/v2\/media\/14176"}],"wp:attachment":[{"href":"https:\/\/danila-souvenirs.com\/de\/wp-json\/wp\/v2\/media?parent=10885"}],"wp:term":[{"taxonomy":"product_brand","embeddable":true,"href":"https:\/\/danila-souvenirs.com\/de\/wp-json\/wp\/v2\/product_brand?post=10885"},{"taxonomy":"product_cat","embeddable":true,"href":"https:\/\/danila-souvenirs.com\/de\/wp-json\/wp\/v2\/product_cat?post=10885"},{"taxonomy":"product_tag","embeddable":true,"href":"https:\/\/danila-souvenirs.com\/de\/wp-json\/wp\/v2\/product_tag?post=10885"}],"curies":[{"name":"wp","href":"https:\/\/api.w.org\/{rel}","templated":true}]}}