{"id":10883,"date":"2022-02-28T20:18:14","date_gmt":"2022-02-28T17:18:14","guid":{"rendered":"https:\/\/danila-souvenirs.com\/de\/product\/american-president-abraham-lincoln-marble-bust-statue-sculpture-125-cm\/"},"modified":"2023-04-19T01:42:53","modified_gmt":"2023-04-18T22:42:53","slug":"danila-souvenirs-statue-skulptur-motiv-american-president-abraham-lincoln-marmor-13-cm-weis-2","status":"publish","type":"product","link":"https:\/\/danila-souvenirs.com\/de\/product\/danila-souvenirs-statue-skulptur-motiv-american-president-abraham-lincoln-marmor-13-cm-weis-2\/?lang=es","title":{"rendered":"Busto \/ Estatua de m\u00e1rmol del presidente estadounidense Abraham Lincoln 12,5 cm"},"content":{"rendered":"<div>Material: m\u00e1rmol artificial.<\/div>\n<div><\/div>\n<div>Altura: 12,5 cm.<\/div>\n<div><\/div>\n<div>Peso: 450 g.<\/div>\n<div><\/div>\n<div>Color: blanco.<\/div>\n<div><\/div>\n<div>Abraham Lincoln (12 de febrero de 1809 &#8211; 15 de abril de 1865) fue un pol\u00edtico y abogado estadounidense que sirvi\u00f3 como el 16\u00ba presidente de los Estados Unidos desde marzo de 1861 hasta su asesinato en abril de 1865. Lincoln lider\u00f3 los Estados Unidos a trav\u00e9s de su Guerra Civil, su guerra m\u00e1s sangrienta y tal vez su mayor crisis moral, constitucional y pol\u00edtica. Al hacerlo, preserv\u00f3 la Uni\u00f3n, allan\u00f3 el camino a la abolici\u00f3n de la esclavitud, fortaleci\u00f3 el gobierno federal y moderniz\u00f3 la econom\u00eda.<\/div>\n<div><\/div>\n","protected":false},"excerpt":{"rendered":"<p>Material: m\u00e1rmol artificial. Altura: 12,5 cm. Peso: 450 g. Color: blanco. Abraham Lincoln (12 de febrero de 1809 &#8211; 15 de abril de 1865) fue un pol\u00edtico y abogado estadounidense que sirvi\u00f3 como el 16\u00ba presidente de los Estados Unidos desde marzo de 1861 hasta su asesinato en abril de 1865. Lincoln lider\u00f3 los Estados [&hellip;]<\/p>\n","protected":false},"featured_media":13438,"comment_status":"closed","ping_status":"closed","template":"","meta":{"_et_pb_use_builder":"","_et_pb_old_content":"","_et_gb_content_width":""},"product_brand":[],"product_cat":[236,235,245],"product_tag":[],"class_list":{"0":"post-10883","1":"product","2":"type-product","3":"status-publish","4":"has-post-thumbnail","6":"product_cat-american-es","7":"product_cat-statues-es","8":"product_cat-uncategorized-es","9":"pa_color-white-es","11":"first","12":"instock","13":"shipping-taxable","14":"purchasable","15":"product-type-simple"},"_links":{"self":[{"href":"https:\/\/danila-souvenirs.com\/de\/wp-json\/wp\/v2\/product\/10883","targetHints":{"allow":["GET"]}}],"collection":[{"href":"https:\/\/danila-souvenirs.com\/de\/wp-json\/wp\/v2\/product"}],"about":[{"href":"https:\/\/danila-souvenirs.com\/de\/wp-json\/wp\/v2\/types\/product"}],"replies":[{"embeddable":true,"href":"https:\/\/danila-souvenirs.com\/de\/wp-json\/wp\/v2\/comments?post=10883"}],"wp:featuredmedia":[{"embeddable":true,"href":"https:\/\/danila-souvenirs.com\/de\/wp-json\/wp\/v2\/media\/13438"}],"wp:attachment":[{"href":"https:\/\/danila-souvenirs.com\/de\/wp-json\/wp\/v2\/media?parent=10883"}],"wp:term":[{"taxonomy":"product_brand","embeddable":true,"href":"https:\/\/danila-souvenirs.com\/de\/wp-json\/wp\/v2\/product_brand?post=10883"},{"taxonomy":"product_cat","embeddable":true,"href":"https:\/\/danila-souvenirs.com\/de\/wp-json\/wp\/v2\/product_cat?post=10883"},{"taxonomy":"product_tag","embeddable":true,"href":"https:\/\/danila-souvenirs.com\/de\/wp-json\/wp\/v2\/product_tag?post=10883"}],"curies":[{"name":"wp","href":"https:\/\/api.w.org\/{rel}","templated":true}]}}