{"id":10882,"date":"2022-02-28T20:15:37","date_gmt":"2022-02-28T17:15:37","guid":{"rendered":"https:\/\/danila-souvenirs.com\/de\/product\/american-president-john-f-kennedy-marble-bust-statue-sculpture-135-cm\/"},"modified":"2023-04-19T01:40:40","modified_gmt":"2023-04-18T22:40:40","slug":"statue-skulptur-mit-marmor-buste-john-f-kennedy-14-cm-weis-2","status":"publish","type":"product","link":"https:\/\/danila-souvenirs.com\/de\/product\/statue-skulptur-mit-marmor-buste-john-f-kennedy-14-cm-weis-2\/?lang=es","title":{"rendered":"Busto \/ Estatua de m\u00e1rmol del presidente estadounidense John F. Kennedy 13,5 cm"},"content":{"rendered":"<div>Material: m\u00e1rmol artificial.<\/div>\n<div><\/div>\n<div>Altura: 13,5 cm.<\/div>\n<div><\/div>\n<div>Peso: 500 g.<\/div>\n<div><\/div>\n<div>Color: blanco.<\/div>\n<div><\/div>\n<div>John Fitzgerald &#8220;Jack&#8221; Kennedy (29 de mayo de 1917 &#8211; 22 de noviembre de 1963), com\u00fanmente conocido por sus iniciales JFK, fue un pol\u00edtico americano que sirvi\u00f3 como el 35\u00ba presidente de los Estados Unidos desde enero de 1961 hasta su asesinato en noviembre de 1963. Kennedy sirvi\u00f3 a la altura de la Guerra Fr\u00eda y gran parte de su presidencia se centr\u00f3 en gestionar las relaciones con la Uni\u00f3n Sovi\u00e9tica. Miembro del Partido Dem\u00f3crata, represent\u00f3 a Massachusetts en la Casa de Representantes de los Estados Unidos y el Senado de los Estados Unidos antes de convertirse en presidente.<\/div>\n","protected":false},"excerpt":{"rendered":"<p>Material: m\u00e1rmol artificial. Altura: 13,5 cm. Peso: 500 g. Color: blanco. John Fitzgerald &#8220;Jack&#8221; Kennedy (29 de mayo de 1917 &#8211; 22 de noviembre de 1963), com\u00fanmente conocido por sus iniciales JFK, fue un pol\u00edtico americano que sirvi\u00f3 como el 35\u00ba presidente de los Estados Unidos desde enero de 1961 hasta su asesinato en noviembre [&hellip;]<\/p>\n","protected":false},"featured_media":13432,"comment_status":"closed","ping_status":"closed","template":"","meta":{"_et_pb_use_builder":"","_et_pb_old_content":"","_et_gb_content_width":""},"product_brand":[],"product_cat":[236,235,245],"product_tag":[],"class_list":{"0":"post-10882","1":"product","2":"type-product","3":"status-publish","4":"has-post-thumbnail","6":"product_cat-american-es","7":"product_cat-statues-es","8":"product_cat-uncategorized-es","9":"pa_color-white-es","11":"first","12":"instock","13":"shipping-taxable","14":"purchasable","15":"product-type-simple"},"_links":{"self":[{"href":"https:\/\/danila-souvenirs.com\/de\/wp-json\/wp\/v2\/product\/10882","targetHints":{"allow":["GET"]}}],"collection":[{"href":"https:\/\/danila-souvenirs.com\/de\/wp-json\/wp\/v2\/product"}],"about":[{"href":"https:\/\/danila-souvenirs.com\/de\/wp-json\/wp\/v2\/types\/product"}],"replies":[{"embeddable":true,"href":"https:\/\/danila-souvenirs.com\/de\/wp-json\/wp\/v2\/comments?post=10882"}],"wp:featuredmedia":[{"embeddable":true,"href":"https:\/\/danila-souvenirs.com\/de\/wp-json\/wp\/v2\/media\/13432"}],"wp:attachment":[{"href":"https:\/\/danila-souvenirs.com\/de\/wp-json\/wp\/v2\/media?parent=10882"}],"wp:term":[{"taxonomy":"product_brand","embeddable":true,"href":"https:\/\/danila-souvenirs.com\/de\/wp-json\/wp\/v2\/product_brand?post=10882"},{"taxonomy":"product_cat","embeddable":true,"href":"https:\/\/danila-souvenirs.com\/de\/wp-json\/wp\/v2\/product_cat?post=10882"},{"taxonomy":"product_tag","embeddable":true,"href":"https:\/\/danila-souvenirs.com\/de\/wp-json\/wp\/v2\/product_tag?post=10882"}],"curies":[{"name":"wp","href":"https:\/\/api.w.org\/{rel}","templated":true}]}}