{"id":10879,"date":"2022-03-12T16:12:17","date_gmt":"2022-03-12T13:12:17","guid":{"rendered":"https:\/\/danila-souvenirs.com\/de\/product\/russian-soviet-astronaut-cosmonaut-yuri-gagarin-marble-bust-statue-11-cm\/"},"modified":"2023-04-19T01:37:50","modified_gmt":"2023-04-18T22:37:50","slug":"sowjetischer-russischer-kosmonaut-raumfahrer-juri-gagarin-marmor-buste-statue-skulptur-12-cm-weis-3","status":"publish","type":"product","link":"https:\/\/danila-souvenirs.com\/de\/product\/sowjetischer-russischer-kosmonaut-raumfahrer-juri-gagarin-marmor-buste-statue-skulptur-12-cm-weis-3\/?lang=es","title":{"rendered":"Busto \/ Estatua de m\u00e1rmol del cosmonauta sovi\u00e9tico ruso Yuri Gagarin 11 cm"},"content":{"rendered":"<div>Material: m\u00e1rmol artificial.<\/div>\n<div><\/div>\n<div>Altura: 11 cm.<\/div>\n<div><\/div>\n<div>Peso: 190 g.<\/div>\n<div><\/div>\n<div>Color: blanco.<\/div>\n<div><\/div>\n<div>Yuri Gagarin (9 de marzo de 1934 &#8211; 27 de marzo de 1968) fue un piloto sovi\u00e9tico y cosmonauta. Fue el primer humano en viajar al espacio exterior, cuando su nave espacial Vostok complet\u00f3 una \u00f3rbita de la Tierra el 12 de abril de 1961.<\/div>\n","protected":false},"excerpt":{"rendered":"<p>Material: m\u00e1rmol artificial. Altura: 11 cm. Peso: 190 g. Color: blanco. Yuri Gagarin (9 de marzo de 1934 &#8211; 27 de marzo de 1968) fue un piloto sovi\u00e9tico y cosmonauta. Fue el primer humano en viajar al espacio exterior, cuando su nave espacial Vostok complet\u00f3 una \u00f3rbita de la Tierra el 12 de abril de [&hellip;]<\/p>\n","protected":false},"featured_media":14131,"comment_status":"closed","ping_status":"closed","template":"","meta":{"_et_pb_use_builder":"","_et_pb_old_content":"","_et_gb_content_width":""},"product_brand":[],"product_cat":[235,246,245],"product_tag":[],"class_list":{"0":"post-10879","1":"product","2":"type-product","3":"status-publish","4":"has-post-thumbnail","6":"product_cat-statues-es","7":"product_cat-russian-es","8":"product_cat-uncategorized-es","9":"pa_color-white-es","11":"first","12":"instock","13":"shipping-taxable","14":"purchasable","15":"product-type-simple"},"_links":{"self":[{"href":"https:\/\/danila-souvenirs.com\/de\/wp-json\/wp\/v2\/product\/10879","targetHints":{"allow":["GET"]}}],"collection":[{"href":"https:\/\/danila-souvenirs.com\/de\/wp-json\/wp\/v2\/product"}],"about":[{"href":"https:\/\/danila-souvenirs.com\/de\/wp-json\/wp\/v2\/types\/product"}],"replies":[{"embeddable":true,"href":"https:\/\/danila-souvenirs.com\/de\/wp-json\/wp\/v2\/comments?post=10879"}],"wp:featuredmedia":[{"embeddable":true,"href":"https:\/\/danila-souvenirs.com\/de\/wp-json\/wp\/v2\/media\/14131"}],"wp:attachment":[{"href":"https:\/\/danila-souvenirs.com\/de\/wp-json\/wp\/v2\/media?parent=10879"}],"wp:term":[{"taxonomy":"product_brand","embeddable":true,"href":"https:\/\/danila-souvenirs.com\/de\/wp-json\/wp\/v2\/product_brand?post=10879"},{"taxonomy":"product_cat","embeddable":true,"href":"https:\/\/danila-souvenirs.com\/de\/wp-json\/wp\/v2\/product_cat?post=10879"},{"taxonomy":"product_tag","embeddable":true,"href":"https:\/\/danila-souvenirs.com\/de\/wp-json\/wp\/v2\/product_tag?post=10879"}],"curies":[{"name":"wp","href":"https:\/\/api.w.org\/{rel}","templated":true}]}}