{"id":10876,"date":"2022-03-12T16:14:02","date_gmt":"2022-03-12T13:14:02","guid":{"rendered":"https:\/\/danila-souvenirs.com\/de\/product\/libyan-revolutionary-colonel-muammar-gaddafi-marble-bust-statue-11-5-cm\/"},"modified":"2023-04-19T01:35:10","modified_gmt":"2023-04-18T22:35:10","slug":"libyscher-revolutionar-oberst-muammar-gaddafi-marmor-buste-statue-skulptur-12-cm-weis-3","status":"publish","type":"product","link":"https:\/\/danila-souvenirs.com\/de\/product\/libyscher-revolutionar-oberst-muammar-gaddafi-marmor-buste-statue-skulptur-12-cm-weis-3\/?lang=es","title":{"rendered":"Busto \/ Estatua de m\u00e1rmol del coronel libio Muamar el Gadafi 11,5 cm"},"content":{"rendered":"<div>Material: m\u00e1rmol artificial.<\/div>\n<div><\/div>\n<div>Altura: 11,5 cm.<\/div>\n<div><\/div>\n<div>Peso: 210 g.<\/div>\n<div><\/div>\n<div>Color: blanco.<\/div>\n<div><\/div>\n<div>Muamar el Gadafi (C. 1942 \u2013 20 de octubre de 2011), com\u00fanmente conocida como coronel Gadafi, fue un revolucionario de Libia y pol\u00edticos, y de facto de la regla de Libia para 42 a\u00f1os. Al tomar el poder en un golpe de Estado en 1969, gobern\u00f3 como presidente revolucionario de la Rep\u00fablica \u00c1rabe Libia de 1969 a 1977 y luego como &#8220;l\u00edder hermano&#8221; de la Gran Jamahiriya \u00c1rabe Libia Popular y Socialista de 1977 a 2011, cuando fue derrocado en la guerra civil libia.<\/div>\n<div><\/div>\n<div><\/div>\n","protected":false},"excerpt":{"rendered":"<p>Material: m\u00e1rmol artificial. Altura: 11,5 cm. Peso: 210 g. Color: blanco. Muamar el Gadafi (C. 1942 \u2013 20 de octubre de 2011), com\u00fanmente conocida como coronel Gadafi, fue un revolucionario de Libia y pol\u00edticos, y de facto de la regla de Libia para 42 a\u00f1os. Al tomar el poder en un golpe de Estado en [&hellip;]<\/p>\n","protected":false},"featured_media":6952,"comment_status":"closed","ping_status":"closed","template":"","meta":{"_et_pb_use_builder":"","_et_pb_old_content":"","_et_gb_content_width":""},"product_brand":[],"product_cat":[235,247,245],"product_tag":[],"class_list":{"0":"post-10876","1":"product","2":"type-product","3":"status-publish","4":"has-post-thumbnail","6":"product_cat-statues-es","7":"product_cat-international-es","8":"product_cat-uncategorized-es","9":"pa_color-white-es","11":"first","12":"instock","13":"shipping-taxable","14":"purchasable","15":"product-type-simple"},"_links":{"self":[{"href":"https:\/\/danila-souvenirs.com\/de\/wp-json\/wp\/v2\/product\/10876","targetHints":{"allow":["GET"]}}],"collection":[{"href":"https:\/\/danila-souvenirs.com\/de\/wp-json\/wp\/v2\/product"}],"about":[{"href":"https:\/\/danila-souvenirs.com\/de\/wp-json\/wp\/v2\/types\/product"}],"replies":[{"embeddable":true,"href":"https:\/\/danila-souvenirs.com\/de\/wp-json\/wp\/v2\/comments?post=10876"}],"wp:featuredmedia":[{"embeddable":true,"href":"https:\/\/danila-souvenirs.com\/de\/wp-json\/wp\/v2\/media\/6952"}],"wp:attachment":[{"href":"https:\/\/danila-souvenirs.com\/de\/wp-json\/wp\/v2\/media?parent=10876"}],"wp:term":[{"taxonomy":"product_brand","embeddable":true,"href":"https:\/\/danila-souvenirs.com\/de\/wp-json\/wp\/v2\/product_brand?post=10876"},{"taxonomy":"product_cat","embeddable":true,"href":"https:\/\/danila-souvenirs.com\/de\/wp-json\/wp\/v2\/product_cat?post=10876"},{"taxonomy":"product_tag","embeddable":true,"href":"https:\/\/danila-souvenirs.com\/de\/wp-json\/wp\/v2\/product_tag?post=10876"}],"curies":[{"name":"wp","href":"https:\/\/api.w.org\/{rel}","templated":true}]}}