{"id":10873,"date":"2021-05-16T17:35:26","date_gmt":"2021-05-16T14:35:26","guid":{"rendered":"https:\/\/danila-souvenirs.com\/de\/product\/russian-writer-fyodor-dostoyevsky-marble-bust-statue-sculpture-14-cm\/"},"modified":"2023-04-19T01:31:50","modified_gmt":"2023-04-18T22:31:50","slug":"russischer-schriftsteller-fedor-dostojewski-marmor-buste-statue-skulptur-14-cm-weis-4","status":"publish","type":"product","link":"https:\/\/danila-souvenirs.com\/de\/product\/russischer-schriftsteller-fedor-dostojewski-marmor-buste-statue-skulptur-14-cm-weis-4\/?lang=es","title":{"rendered":"Busto \/ Estatua de m\u00e1rmol del escritor ruso Fiodor Dostoyevski 14 cm"},"content":{"rendered":"<div>Material: m\u00e1rmol artificial.<\/div>\n<div><\/div>\n<div>Altura: 14 cm.<\/div>\n<div><\/div>\n<div>Peso: 690 g.<\/div>\n<div><\/div>\n<div>Color: blanco.<\/div>\n<div><\/div>\n<div>Fiodor Dostoyevski (11 de noviembre de 1821 &#8211; 9 de febrero de 1881) fue un escritor ruso de novelas, historias cortas y ensayos. Las obras literarias de Dostoyevsky exploran la psicolog\u00eda humana en el contexto pol\u00edtico, social y espiritual del siglo XIX. Aunque Dostoyevsky comenz\u00f3 a escribir libros a mediados de 1840, sus m\u00e1s recordados son de sus \u00faltimos a\u00f1os, incluyendo Crime y Castigo, The Idiot y The Brothers Karamazov. Escribi\u00f3 once novelas, tres novelas, 17 novelas cortas y tres ensayos, y ha sido reconocido por muchos cr\u00edticos literarios como uno de los psic\u00f3logos m\u00e1s grandes y prominentes en la literatura universal.<\/div>\n<div><\/div>\n","protected":false},"excerpt":{"rendered":"<p>Material: m\u00e1rmol artificial. Altura: 14 cm. Peso: 690 g. Color: blanco. Fiodor Dostoyevski (11 de noviembre de 1821 &#8211; 9 de febrero de 1881) fue un escritor ruso de novelas, historias cortas y ensayos. Las obras literarias de Dostoyevsky exploran la psicolog\u00eda humana en el contexto pol\u00edtico, social y espiritual del siglo XIX. Aunque Dostoyevsky [&hellip;]<\/p>\n","protected":false},"featured_media":6136,"comment_status":"closed","ping_status":"closed","template":"","meta":{"_et_pb_use_builder":"","_et_pb_old_content":"","_et_gb_content_width":""},"product_brand":[],"product_cat":[235,246],"product_tag":[],"class_list":{"0":"post-10873","1":"product","2":"type-product","3":"status-publish","4":"has-post-thumbnail","6":"product_cat-statues-es","7":"product_cat-russian-es","8":"pa_color-white-es","10":"first","11":"instock","12":"shipping-taxable","13":"purchasable","14":"product-type-simple"},"_links":{"self":[{"href":"https:\/\/danila-souvenirs.com\/de\/wp-json\/wp\/v2\/product\/10873","targetHints":{"allow":["GET"]}}],"collection":[{"href":"https:\/\/danila-souvenirs.com\/de\/wp-json\/wp\/v2\/product"}],"about":[{"href":"https:\/\/danila-souvenirs.com\/de\/wp-json\/wp\/v2\/types\/product"}],"replies":[{"embeddable":true,"href":"https:\/\/danila-souvenirs.com\/de\/wp-json\/wp\/v2\/comments?post=10873"}],"wp:featuredmedia":[{"embeddable":true,"href":"https:\/\/danila-souvenirs.com\/de\/wp-json\/wp\/v2\/media\/6136"}],"wp:attachment":[{"href":"https:\/\/danila-souvenirs.com\/de\/wp-json\/wp\/v2\/media?parent=10873"}],"wp:term":[{"taxonomy":"product_brand","embeddable":true,"href":"https:\/\/danila-souvenirs.com\/de\/wp-json\/wp\/v2\/product_brand?post=10873"},{"taxonomy":"product_cat","embeddable":true,"href":"https:\/\/danila-souvenirs.com\/de\/wp-json\/wp\/v2\/product_cat?post=10873"},{"taxonomy":"product_tag","embeddable":true,"href":"https:\/\/danila-souvenirs.com\/de\/wp-json\/wp\/v2\/product_tag?post=10873"}],"curies":[{"name":"wp","href":"https:\/\/api.w.org\/{rel}","templated":true}]}}