{"id":10869,"date":"2021-09-19T19:08:33","date_gmt":"2021-09-19T16:08:33","guid":{"rendered":"https:\/\/danila-souvenirs.com\/de\/product\/russian-composer-pyotr-tchaikovsky-marble-bust-statue-sculpture-12-cm\/"},"modified":"2023-04-19T01:27:56","modified_gmt":"2023-04-18T22:27:56","slug":"russischer-komponist-pjotr-tschaikowski-marmor-buste-statue-skulptur-13-cm-weis-4","status":"publish","type":"product","link":"https:\/\/danila-souvenirs.com\/de\/product\/russischer-komponist-pjotr-tschaikowski-marmor-buste-statue-skulptur-13-cm-weis-4\/?lang=es","title":{"rendered":"Busto \/ Estatua de m\u00e1rmol del compositor ruso Piotr Chaikovski 12 cm"},"content":{"rendered":"<div>Material: m\u00e1rmol artificial.<\/div>\n<div><\/div>\n<div>Altura: 12 cm.<\/div>\n<div><\/div>\n<div>Peso: 230 g.<\/div>\n<div><\/div>\n<div>Color: blanco.<\/div>\n<div><\/div>\n<div>Piotr Chaikovski (7 de mayo de 1840 \u2013 6 de noviembre de 1893) fue un compositor ruso cuyas obras incluyen sinfon\u00edas, conciertos, \u00f3peras, ballets, m\u00fasica de c\u00e1mara y un entorno coral de la Liturgia Divina ortodoxa rusa. Algunos de estos se encuentran entre la m\u00fasica teatral m\u00e1s popular en el repertorio cl\u00e1sico. Fue el primer compositor ruso cuya m\u00fasica caus\u00f3 una impresi\u00f3n duradera internacionalmente, que retuvo apariciones como conductor invitado m\u00e1s tarde en su carrera en Europa y Estados Unidos.<\/div>\n","protected":false},"excerpt":{"rendered":"<p>Material: m\u00e1rmol artificial. Altura: 12 cm. Peso: 230 g. Color: blanco. Piotr Chaikovski (7 de mayo de 1840 \u2013 6 de noviembre de 1893) fue un compositor ruso cuyas obras incluyen sinfon\u00edas, conciertos, \u00f3peras, ballets, m\u00fasica de c\u00e1mara y un entorno coral de la Liturgia Divina ortodoxa rusa. Algunos de estos se encuentran entre la [&hellip;]<\/p>\n","protected":false},"featured_media":6524,"comment_status":"closed","ping_status":"closed","template":"","meta":{"_et_pb_use_builder":"","_et_pb_old_content":"","_et_gb_content_width":""},"product_brand":[],"product_cat":[235,246,245],"product_tag":[],"class_list":{"0":"post-10869","1":"product","2":"type-product","3":"status-publish","4":"has-post-thumbnail","6":"product_cat-statues-es","7":"product_cat-russian-es","8":"product_cat-uncategorized-es","9":"pa_color-white-es","11":"first","12":"instock","13":"shipping-taxable","14":"purchasable","15":"product-type-simple"},"_links":{"self":[{"href":"https:\/\/danila-souvenirs.com\/de\/wp-json\/wp\/v2\/product\/10869","targetHints":{"allow":["GET"]}}],"collection":[{"href":"https:\/\/danila-souvenirs.com\/de\/wp-json\/wp\/v2\/product"}],"about":[{"href":"https:\/\/danila-souvenirs.com\/de\/wp-json\/wp\/v2\/types\/product"}],"replies":[{"embeddable":true,"href":"https:\/\/danila-souvenirs.com\/de\/wp-json\/wp\/v2\/comments?post=10869"}],"wp:featuredmedia":[{"embeddable":true,"href":"https:\/\/danila-souvenirs.com\/de\/wp-json\/wp\/v2\/media\/6524"}],"wp:attachment":[{"href":"https:\/\/danila-souvenirs.com\/de\/wp-json\/wp\/v2\/media?parent=10869"}],"wp:term":[{"taxonomy":"product_brand","embeddable":true,"href":"https:\/\/danila-souvenirs.com\/de\/wp-json\/wp\/v2\/product_brand?post=10869"},{"taxonomy":"product_cat","embeddable":true,"href":"https:\/\/danila-souvenirs.com\/de\/wp-json\/wp\/v2\/product_cat?post=10869"},{"taxonomy":"product_tag","embeddable":true,"href":"https:\/\/danila-souvenirs.com\/de\/wp-json\/wp\/v2\/product_tag?post=10869"}],"curies":[{"name":"wp","href":"https:\/\/api.w.org\/{rel}","templated":true}]}}