{"id":10811,"date":"2022-02-28T20:18:14","date_gmt":"2022-02-28T17:18:14","guid":{"rendered":"https:\/\/danila-souvenirs.com\/de\/product\/american-president-abraham-lincoln-marble-bust-statue-sculpture-125-cm\/"},"modified":"2023-04-13T17:54:39","modified_gmt":"2023-04-13T14:54:39","slug":"danila-souvenirs-statue-skulptur-motiv-american-president-abraham-lincoln-marmor-13-cm-weis-2","status":"publish","type":"product","link":"https:\/\/danila-souvenirs.com\/de\/product\/danila-souvenirs-statue-skulptur-motiv-american-president-abraham-lincoln-marmor-13-cm-weis-2\/?lang=it","title":{"rendered":"busto statua scultura in marmo del presidente americano Abraham Lincoln 12,5 cm"},"content":{"rendered":"<div>Materiale: marmo artificiale.<\/div>\n<div><\/div>\n<div>Altezza: 12,5 cm.<\/div>\n<div><\/div>\n<div>Peso: 450 g.<\/div>\n<div><\/div>\n<div>Colore: bianco.<\/div>\n<div><\/div>\n<div>Abraham Lincoln (12 febbraio 1809 &#8211; 15 aprile 1865) \u00e8 stato un politico e avvocato americano che ha servito come sedicesimo presidente degli Stati Uniti dal marzo 1861 fino al suo assassinio nell&#8217;aprile 1865. Lincoln guid\u00f2 gli Stati Uniti attraverso la sua guerra civile, la sua la guerra pi\u00f9 sanguinosa e forse la sua pi\u00f9 grande crisi morale, costituzionale e politica. In tal modo, ha preservato l&#8217;Unione, ha aperto la strada all&#8217;abolizione della schiavit\u00f9, ha rafforzato il governo federale e ha modernizzato l&#8217;economia.<\/div>\n","protected":false},"excerpt":{"rendered":"<p>Materiale: marmo artificiale. Altezza: 12,5 cm. Peso: 450 g. Colore: bianco. Abraham Lincoln (12 febbraio 1809 &#8211; 15 aprile 1865) \u00e8 stato un politico e avvocato americano che ha servito come sedicesimo presidente degli Stati Uniti dal marzo 1861 fino al suo assassinio nell&#8217;aprile 1865. Lincoln guid\u00f2 gli Stati Uniti attraverso la sua guerra civile, [&hellip;]<\/p>\n","protected":false},"featured_media":13437,"comment_status":"closed","ping_status":"closed","template":"","meta":{"_et_pb_use_builder":"","_et_pb_old_content":"","_et_gb_content_width":""},"product_brand":[],"product_cat":[225,228,224],"product_tag":[],"class_list":{"0":"post-10811","1":"product","2":"type-product","3":"status-publish","4":"has-post-thumbnail","6":"product_cat-american-it","7":"product_cat-uncategorized-it","8":"product_cat-statues-it","9":"pa_color-white-it","11":"first","12":"instock","13":"shipping-taxable","14":"purchasable","15":"product-type-simple"},"_links":{"self":[{"href":"https:\/\/danila-souvenirs.com\/de\/wp-json\/wp\/v2\/product\/10811","targetHints":{"allow":["GET"]}}],"collection":[{"href":"https:\/\/danila-souvenirs.com\/de\/wp-json\/wp\/v2\/product"}],"about":[{"href":"https:\/\/danila-souvenirs.com\/de\/wp-json\/wp\/v2\/types\/product"}],"replies":[{"embeddable":true,"href":"https:\/\/danila-souvenirs.com\/de\/wp-json\/wp\/v2\/comments?post=10811"}],"wp:featuredmedia":[{"embeddable":true,"href":"https:\/\/danila-souvenirs.com\/de\/wp-json\/wp\/v2\/media\/13437"}],"wp:attachment":[{"href":"https:\/\/danila-souvenirs.com\/de\/wp-json\/wp\/v2\/media?parent=10811"}],"wp:term":[{"taxonomy":"product_brand","embeddable":true,"href":"https:\/\/danila-souvenirs.com\/de\/wp-json\/wp\/v2\/product_brand?post=10811"},{"taxonomy":"product_cat","embeddable":true,"href":"https:\/\/danila-souvenirs.com\/de\/wp-json\/wp\/v2\/product_cat?post=10811"},{"taxonomy":"product_tag","embeddable":true,"href":"https:\/\/danila-souvenirs.com\/de\/wp-json\/wp\/v2\/product_tag?post=10811"}],"curies":[{"name":"wp","href":"https:\/\/api.w.org\/{rel}","templated":true}]}}