{"id":10505,"date":"2021-08-08T16:12:48","date_gmt":"2021-08-08T13:12:48","guid":{"rendered":"https:\/\/danila-souvenirs.com\/de\/product\/faberge-royal-danish-egg-trinket-jewel-box-with-lions-13-cm-red\/"},"modified":"2023-08-05T16:07:08","modified_gmt":"2023-08-05T13:07:08","slug":"faberge-stil-ei-schmuckkastchen-konigliches-danisches-ei-mit-lowen-russischen-kaiserkrone-13-cm-rot-3","status":"publish","type":"product","link":"https:\/\/danila-souvenirs.com\/de\/product\/faberge-stil-ei-schmuckkastchen-konigliches-danisches-ei-mit-lowen-russischen-kaiserkrone-13-cm-rot-3\/?lang=it","title":{"rendered":"Uovo di Pasqua in stile glamour reale danese (Giubileo danese) \/ portagioie con Leoni 13 cm rosso"},"content":{"rendered":"<div>Materiale: lega di metalli non ferrosi, smalto, cristalli.<\/div>\n<div><\/div>\n<div>Altezza: 13 cm.<\/div>\n<div><\/div>\n<div>Peso: 210 g.<\/div>\n<div><\/div>\n<div>Colore: rosso.<\/div>\n<div><\/div>\n<div>Questo uovo \u00e8 una replica del famoso &#8220;uovo Danese Reale&#8221; Faberge. L&#8217;uovo reale danese (noto anche come uovo del giubileo danese) \u00e8 un uovo di Pasqua smaltato ingioiellato realizzato sotto la supervisione del gioielliere russo Peter Carl Faberg\u00e9 nel 1903, per Nicola II di Russia, che present\u00f2 l&#8217;uovo a sua madre, l&#8217;imperatrice vedova Maria Feodorovna. Una delle sette uova Faberg\u00e9 attualmente perse, \u00e8 una delle due uova la cui esistenza \u00e8 nota solo da una singola fotografia. L&#8217;uovo pu\u00f2 essere usato come una scatola di gioielli.<\/div>\n<div><\/div>\n","protected":false},"excerpt":{"rendered":"<p>Materiale: lega di metalli non ferrosi, smalto, cristalli. Altezza: 13 cm. Peso: 210 g. Colore: rosso. Questo uovo \u00e8 una replica del famoso &#8220;uovo Danese Reale&#8221; Faberge. L&#8217;uovo reale danese (noto anche come uovo del giubileo danese) \u00e8 un uovo di Pasqua smaltato ingioiellato realizzato sotto la supervisione del gioielliere russo Peter Carl Faberg\u00e9 nel [&hellip;]<\/p>\n","protected":false},"featured_media":9263,"comment_status":"closed","ping_status":"closed","template":"","meta":{"_et_pb_use_builder":"","_et_pb_old_content":"","_et_gb_content_width":""},"product_brand":[],"product_cat":[187,186],"product_tag":[],"class_list":{"0":"post-10505","1":"product","2":"type-product","3":"status-publish","4":"has-post-thumbnail","6":"product_cat-trinket-boxes-it","7":"product_cat-uova-di-pasqua","8":"pa_color-red-it","10":"first","11":"instock","12":"shipping-taxable","13":"purchasable","14":"product-type-simple"},"_links":{"self":[{"href":"https:\/\/danila-souvenirs.com\/de\/wp-json\/wp\/v2\/product\/10505","targetHints":{"allow":["GET"]}}],"collection":[{"href":"https:\/\/danila-souvenirs.com\/de\/wp-json\/wp\/v2\/product"}],"about":[{"href":"https:\/\/danila-souvenirs.com\/de\/wp-json\/wp\/v2\/types\/product"}],"replies":[{"embeddable":true,"href":"https:\/\/danila-souvenirs.com\/de\/wp-json\/wp\/v2\/comments?post=10505"}],"wp:featuredmedia":[{"embeddable":true,"href":"https:\/\/danila-souvenirs.com\/de\/wp-json\/wp\/v2\/media\/9263"}],"wp:attachment":[{"href":"https:\/\/danila-souvenirs.com\/de\/wp-json\/wp\/v2\/media?parent=10505"}],"wp:term":[{"taxonomy":"product_brand","embeddable":true,"href":"https:\/\/danila-souvenirs.com\/de\/wp-json\/wp\/v2\/product_brand?post=10505"},{"taxonomy":"product_cat","embeddable":true,"href":"https:\/\/danila-souvenirs.com\/de\/wp-json\/wp\/v2\/product_cat?post=10505"},{"taxonomy":"product_tag","embeddable":true,"href":"https:\/\/danila-souvenirs.com\/de\/wp-json\/wp\/v2\/product_tag?post=10505"}],"curies":[{"name":"wp","href":"https:\/\/api.w.org\/{rel}","templated":true}]}}