{"id":10501,"date":"2021-05-23T12:04:23","date_gmt":"2021-05-23T09:04:23","guid":{"rendered":"https:\/\/danila-souvenirs.com\/de\/product\/faberge-egg-trinket-jewel-box-bay-tree-orange-tree-with-bird-16-cm\/"},"modified":"2023-08-05T16:13:04","modified_gmt":"2023-08-05T13:13:04","slug":"danila-souvenirs-russische-faberge-stil-ei-schmuckkastchen-lorbeerbaum-orangenbaum-mit-einem-vogel-16-cm-grun-3","status":"publish","type":"product","link":"https:\/\/danila-souvenirs.com\/de\/product\/danila-souvenirs-russische-faberge-stil-ei-schmuckkastchen-lorbeerbaum-orangenbaum-mit-einem-vogel-16-cm-grun-3\/?lang=it","title":{"rendered":"Uovo di Pasqua in stile glamour \/ portagioie Albero di Alloro (Albero di Arance) con Uccello 16 cm verde"},"content":{"rendered":"<div>Materiale: lega di metalli non ferrosi, smalto, cristalli.<\/div>\n<div><\/div>\n<div>Altezza: 16 cm.<\/div>\n<div><\/div>\n<div>Peso: 465 g.<\/div>\n<div><\/div>\n<div>Colore: verde.<\/div>\n<div><\/div>\n<div>Questo uovo \u00e8 una replica dell&#8217;uovo famoso Faberg\u00e9 &#8220;Albero di alloro&#8221;. L&#8217;uovo dell&#8217;albero di alloro (noto anche come l&#8217;uovo di Arancio) \u00e8 una nefrite intagliata ingioiellata e un uovo di Pasqua smaltato realizzato sotto la supervisione del gioielliere russo Peter Carl Faberg\u00e9 nel 1911, per Nicola II di Russia, che ha presentato l&#8217;uovo a sua madre, l&#8217;imperatrice vedova Maria Feodorovna il 12 aprile 1911. All&#8217;interno dell&#8217;albero puoi trovare un uccellino. L&#8217;uovo pu\u00f2 essere usato come una scatola di gioielli.<\/div>\n<div><\/div>\n","protected":false},"excerpt":{"rendered":"<p>Materiale: lega di metalli non ferrosi, smalto, cristalli. Altezza: 16 cm. Peso: 465 g. Colore: verde. Questo uovo \u00e8 una replica dell&#8217;uovo famoso Faberg\u00e9 &#8220;Albero di alloro&#8221;. L&#8217;uovo dell&#8217;albero di alloro (noto anche come l&#8217;uovo di Arancio) \u00e8 una nefrite intagliata ingioiellata e un uovo di Pasqua smaltato realizzato sotto la supervisione del gioielliere russo [&hellip;]<\/p>\n","protected":false},"featured_media":9191,"comment_status":"closed","ping_status":"closed","template":"","meta":{"_et_pb_use_builder":"","_et_pb_old_content":"","_et_gb_content_width":""},"product_brand":[],"product_cat":[187,188,186,190,223],"product_tag":[],"class_list":{"0":"post-10501","1":"product","2":"type-product","3":"status-publish","4":"has-post-thumbnail","6":"product_cat-trinket-boxes-it","7":"product_cat-eggs-with-surprise-it","8":"product_cat-uova-di-pasqua","9":"product_cat-carved-eggs-it","10":"product_cat-clock-eggs-it","11":"pa_color-green-it","13":"first","14":"instock","15":"shipping-taxable","16":"purchasable","17":"product-type-simple"},"_links":{"self":[{"href":"https:\/\/danila-souvenirs.com\/de\/wp-json\/wp\/v2\/product\/10501","targetHints":{"allow":["GET"]}}],"collection":[{"href":"https:\/\/danila-souvenirs.com\/de\/wp-json\/wp\/v2\/product"}],"about":[{"href":"https:\/\/danila-souvenirs.com\/de\/wp-json\/wp\/v2\/types\/product"}],"replies":[{"embeddable":true,"href":"https:\/\/danila-souvenirs.com\/de\/wp-json\/wp\/v2\/comments?post=10501"}],"wp:featuredmedia":[{"embeddable":true,"href":"https:\/\/danila-souvenirs.com\/de\/wp-json\/wp\/v2\/media\/9191"}],"wp:attachment":[{"href":"https:\/\/danila-souvenirs.com\/de\/wp-json\/wp\/v2\/media?parent=10501"}],"wp:term":[{"taxonomy":"product_brand","embeddable":true,"href":"https:\/\/danila-souvenirs.com\/de\/wp-json\/wp\/v2\/product_brand?post=10501"},{"taxonomy":"product_cat","embeddable":true,"href":"https:\/\/danila-souvenirs.com\/de\/wp-json\/wp\/v2\/product_cat?post=10501"},{"taxonomy":"product_tag","embeddable":true,"href":"https:\/\/danila-souvenirs.com\/de\/wp-json\/wp\/v2\/product_tag?post=10501"}],"curies":[{"name":"wp","href":"https:\/\/api.w.org\/{rel}","templated":true}]}}