{"id":10463,"date":"2021-06-16T15:42:30","date_gmt":"2021-06-16T12:42:30","guid":{"rendered":"https:\/\/danila-souvenirs.com\/de\/product\/faberge-imperial-coronation-egg-trinket-jewel-box-with-carriage-19-cm-yellow\/"},"modified":"2023-08-05T16:09:10","modified_gmt":"2023-08-05T13:09:10","slug":"russische-faberge-stil-ei-schmuckkastchen-kronungs-ei-mit-kutsche-doppelkopfiger-adler-19-cm-gelb-3","status":"publish","type":"product","link":"https:\/\/danila-souvenirs.com\/de\/product\/russische-faberge-stil-ei-schmuckkastchen-kronungs-ei-mit-kutsche-doppelkopfiger-adler-19-cm-gelb-3\/?lang=it","title":{"rendered":"Uovo di Pasqua in stile glamour Incoronazione Imperiale \/ portagioie con Carrozza 19 cm giallo"},"content":{"rendered":"<div>Materiale: lega di metalli non ferrosi, smalto, cristalli.<\/div>\n<div><\/div>\n<div>Altezza: 19 cm.<\/div>\n<div><\/div>\n<div>Peso: 900 g.<\/div>\n<div><\/div>\n<div>Colore: giallo.<\/div>\n<div><\/div>\n<div>Questo uovo \u00e8 una replica del famoso uovo d&#8217;incoronazione imperiale Faberg\u00e9. L&#8217;uovo d&#8217;incoronazione imperiale \u00e8 un uovo Faberg\u00e9 ingioiellato realizzato sotto la supervisione del gioielliere russo Peter Carl Faberg\u00e9 nel 1897 dagli atelier Faberg\u00e9, Mikhail Perkhin e Henrik Wigstrom. L&#8217;uovo fu fatto per commemorare Tsaritsa, l&#8217;imperatrice Alexandra Fjodorovna. All&#8217;interno dell&#8217;uovo puoi trovare una piccola carrozza. L&#8217;uovo pu\u00f2 essere usato come una scatola di gioielli.<\/div>\n","protected":false},"excerpt":{"rendered":"<p>Materiale: lega di metalli non ferrosi, smalto, cristalli. Altezza: 19 cm. Peso: 900 g. Colore: giallo. Questo uovo \u00e8 una replica del famoso uovo d&#8217;incoronazione imperiale Faberg\u00e9. L&#8217;uovo d&#8217;incoronazione imperiale \u00e8 un uovo Faberg\u00e9 ingioiellato realizzato sotto la supervisione del gioielliere russo Peter Carl Faberg\u00e9 nel 1897 dagli atelier Faberg\u00e9, Mikhail Perkhin e Henrik Wigstrom. [&hellip;]<\/p>\n","protected":false},"featured_media":9227,"comment_status":"closed","ping_status":"closed","template":"","meta":{"_et_pb_use_builder":"","_et_pb_old_content":"","_et_gb_content_width":""},"product_brand":[],"product_cat":[187,188,186],"product_tag":[],"class_list":{"0":"post-10463","1":"product","2":"type-product","3":"status-publish","4":"has-post-thumbnail","6":"product_cat-trinket-boxes-it","7":"product_cat-eggs-with-surprise-it","8":"product_cat-uova-di-pasqua","9":"pa_color-yellow-it","11":"first","12":"instock","13":"shipping-taxable","14":"purchasable","15":"product-type-simple"},"_links":{"self":[{"href":"https:\/\/danila-souvenirs.com\/de\/wp-json\/wp\/v2\/product\/10463","targetHints":{"allow":["GET"]}}],"collection":[{"href":"https:\/\/danila-souvenirs.com\/de\/wp-json\/wp\/v2\/product"}],"about":[{"href":"https:\/\/danila-souvenirs.com\/de\/wp-json\/wp\/v2\/types\/product"}],"replies":[{"embeddable":true,"href":"https:\/\/danila-souvenirs.com\/de\/wp-json\/wp\/v2\/comments?post=10463"}],"wp:featuredmedia":[{"embeddable":true,"href":"https:\/\/danila-souvenirs.com\/de\/wp-json\/wp\/v2\/media\/9227"}],"wp:attachment":[{"href":"https:\/\/danila-souvenirs.com\/de\/wp-json\/wp\/v2\/media?parent=10463"}],"wp:term":[{"taxonomy":"product_brand","embeddable":true,"href":"https:\/\/danila-souvenirs.com\/de\/wp-json\/wp\/v2\/product_brand?post=10463"},{"taxonomy":"product_cat","embeddable":true,"href":"https:\/\/danila-souvenirs.com\/de\/wp-json\/wp\/v2\/product_cat?post=10463"},{"taxonomy":"product_tag","embeddable":true,"href":"https:\/\/danila-souvenirs.com\/de\/wp-json\/wp\/v2\/product_tag?post=10463"}],"curies":[{"name":"wp","href":"https:\/\/api.w.org\/{rel}","templated":true}]}}