{"id":10449,"date":"2021-05-24T16:39:55","date_gmt":"2021-05-24T13:39:55","guid":{"rendered":"https:\/\/danila-souvenirs.com\/de\/product\/faberge-rosebud-egg-trinket-jewel-box-with-flower-pendant-9-5-cm-blue\/"},"modified":"2026-01-23T23:00:03","modified_gmt":"2026-01-23T20:00:03","slug":"russische-faberge-stil-ei-schmuckkastchen-rosenknospe-mit-blume-95-cm-blau-3","status":"publish","type":"product","link":"https:\/\/danila-souvenirs.com\/de\/product\/russische-faberge-stil-ei-schmuckkastchen-rosenknospe-mit-blume-95-cm-blau-3\/?lang=it","title":{"rendered":"Uovo di Pasqua in stile glamour \/ portagioie Bocciolo di rosa con fiore &amp; ciondolo 9,5 cm blu"},"content":{"rendered":"<div>Materiale: lega di metalli non ferrosi, smalto, cristalli.<\/div>\n<div><\/div>\n<div>Altezza: 9,5 cm (con supporto), 7 cm (l&#8217;uovo stesso).<\/div>\n<div><\/div>\n<div>Peso: 290 g.<\/div>\n<div><\/div>\n<div>Colore: blu.<\/div>\n<div><\/div>\n<div>Questo uovo \u00e8 una piccola replica della famosa uovo faberg\u00e9 &#8220;Bocciolo di rosa&#8221;. L&#8217;uovo &#8220;Bocciolo di rosa&#8221; \u00e8 un gioiello smaltato uovo di Pasqua fatto da Michael perchin sotto la supervisione del gioielliere russo Peter Carl faberg\u00e9 nel 1895, per Nicola II di Russia, che ha presentato l&#8217; uovo a sua moglie, l&#8217; imperatrice alexandra feodorovna. \u00c8 stato il primo uovo che alexandra nicholas presentato. Nell&#8217;uovo si trova un piccolo fiore con ciondolo e catena. L&#8217;uovo pu\u00f2 essere usato come una scatola di gioielli.<\/div>\n<div><\/div>\n","protected":false},"excerpt":{"rendered":"<p>Materiale: lega di metalli non ferrosi, smalto, cristalli. Altezza: 9,5 cm (con supporto), 7 cm (l&#8217;uovo stesso). Peso: 290 g. Colore: blu. Questo uovo \u00e8 una piccola replica della famosa uovo faberg\u00e9 &#8220;Bocciolo di rosa&#8221;. L&#8217;uovo &#8220;Bocciolo di rosa&#8221; \u00e8 un gioiello smaltato uovo di Pasqua fatto da Michael perchin sotto la supervisione del gioielliere [&hellip;]<\/p>\n","protected":false},"featured_media":9687,"comment_status":"closed","ping_status":"closed","template":"","meta":{"_et_pb_use_builder":"","_et_pb_old_content":"","_et_gb_content_width":""},"product_brand":[],"product_cat":[187,188,186,223],"product_tag":[],"class_list":{"0":"post-10449","1":"product","2":"type-product","3":"status-publish","4":"has-post-thumbnail","6":"product_cat-trinket-boxes-it","7":"product_cat-eggs-with-surprise-it","8":"product_cat-uova-di-pasqua","9":"product_cat-clock-eggs-it","10":"pa_color-blue-it","12":"first","13":"instock","14":"shipping-taxable","15":"purchasable","16":"product-type-simple"},"_links":{"self":[{"href":"https:\/\/danila-souvenirs.com\/de\/wp-json\/wp\/v2\/product\/10449","targetHints":{"allow":["GET"]}}],"collection":[{"href":"https:\/\/danila-souvenirs.com\/de\/wp-json\/wp\/v2\/product"}],"about":[{"href":"https:\/\/danila-souvenirs.com\/de\/wp-json\/wp\/v2\/types\/product"}],"replies":[{"embeddable":true,"href":"https:\/\/danila-souvenirs.com\/de\/wp-json\/wp\/v2\/comments?post=10449"}],"wp:featuredmedia":[{"embeddable":true,"href":"https:\/\/danila-souvenirs.com\/de\/wp-json\/wp\/v2\/media\/9687"}],"wp:attachment":[{"href":"https:\/\/danila-souvenirs.com\/de\/wp-json\/wp\/v2\/media?parent=10449"}],"wp:term":[{"taxonomy":"product_brand","embeddable":true,"href":"https:\/\/danila-souvenirs.com\/de\/wp-json\/wp\/v2\/product_brand?post=10449"},{"taxonomy":"product_cat","embeddable":true,"href":"https:\/\/danila-souvenirs.com\/de\/wp-json\/wp\/v2\/product_cat?post=10449"},{"taxonomy":"product_tag","embeddable":true,"href":"https:\/\/danila-souvenirs.com\/de\/wp-json\/wp\/v2\/product_tag?post=10449"}],"curies":[{"name":"wp","href":"https:\/\/api.w.org\/{rel}","templated":true}]}}