{"id":10431,"date":"2021-08-11T15:44:12","date_gmt":"2021-08-11T12:44:12","guid":{"rendered":"https:\/\/danila-souvenirs.com\/de\/product\/faberge-imperial-coronation-egg-trinket-jewel-box-with-carriage-6-5-cm-pink\/"},"modified":"2023-08-05T16:03:09","modified_gmt":"2023-08-05T13:03:09","slug":"russische-faberge-stil-ei-schmuckkastchen-mit-kutsche-doppelkopfiger-adler-65-cm-rosa-2","status":"publish","type":"product","link":"https:\/\/danila-souvenirs.com\/de\/product\/russische-faberge-stil-ei-schmuckkastchen-mit-kutsche-doppelkopfiger-adler-65-cm-rosa-2\/?lang=it","title":{"rendered":"Uovo di Pasqua in stile glamour Incoronazione Imperiale \/ portagioie con Carrozza 6,5 cm rosa"},"content":{"rendered":"<div>Materiale: lega di metalli non ferrosi, smalto, cristalli.<\/div>\n<div><\/div>\n<div>Altezza: 6,5 cm.<\/div>\n<div><\/div>\n<div>Peso: 125 g.<\/div>\n<div><\/div>\n<div>Colore: rosa.<\/div>\n<div><\/div>\n<div>Questo uovo \u00e8 una piccola replica del famoso uovo d&#8217;incoronazione imperiale Faberg\u00e9. L&#8217;uovo d&#8217;incoronazione imperiale \u00e8 un uovo Faberg\u00e9 ingioiellato realizzato sotto la supervisione del gioielliere russo Peter Carl Faberg\u00e9 nel 1897 dagli atelier Faberg\u00e9, Mikhail Perkhin e Henrik Wigstrom. L&#8217;uovo fu fatto per commemorare Tsaritsa, l&#8217;imperatrice Alexandra Fjodorovna. All&#8217;interno dell&#8217;uovo puoi trovare una piccola carrozza. L&#8217;uovo pu\u00f2 essere usato come una scatola di gioielli.<\/div>\n<div><\/div>\n","protected":false},"excerpt":{"rendered":"<p>Materiale: lega di metalli non ferrosi, smalto, cristalli. Altezza: 6,5 cm. Peso: 125 g. Colore: rosa. Questo uovo \u00e8 una piccola replica del famoso uovo d&#8217;incoronazione imperiale Faberg\u00e9. L&#8217;uovo d&#8217;incoronazione imperiale \u00e8 un uovo Faberg\u00e9 ingioiellato realizzato sotto la supervisione del gioielliere russo Peter Carl Faberg\u00e9 nel 1897 dagli atelier Faberg\u00e9, Mikhail Perkhin e Henrik [&hellip;]<\/p>\n","protected":false},"featured_media":9439,"comment_status":"closed","ping_status":"closed","template":"","meta":{"_et_pb_use_builder":"","_et_pb_old_content":"","_et_gb_content_width":""},"product_brand":[],"product_cat":[187,188,186],"product_tag":[],"class_list":{"0":"post-10431","1":"product","2":"type-product","3":"status-publish","4":"has-post-thumbnail","6":"product_cat-trinket-boxes-it","7":"product_cat-eggs-with-surprise-it","8":"product_cat-uova-di-pasqua","9":"pa_color-pink-it","11":"first","12":"instock","13":"shipping-taxable","14":"purchasable","15":"product-type-simple"},"_links":{"self":[{"href":"https:\/\/danila-souvenirs.com\/de\/wp-json\/wp\/v2\/product\/10431","targetHints":{"allow":["GET"]}}],"collection":[{"href":"https:\/\/danila-souvenirs.com\/de\/wp-json\/wp\/v2\/product"}],"about":[{"href":"https:\/\/danila-souvenirs.com\/de\/wp-json\/wp\/v2\/types\/product"}],"replies":[{"embeddable":true,"href":"https:\/\/danila-souvenirs.com\/de\/wp-json\/wp\/v2\/comments?post=10431"}],"wp:featuredmedia":[{"embeddable":true,"href":"https:\/\/danila-souvenirs.com\/de\/wp-json\/wp\/v2\/media\/9439"}],"wp:attachment":[{"href":"https:\/\/danila-souvenirs.com\/de\/wp-json\/wp\/v2\/media?parent=10431"}],"wp:term":[{"taxonomy":"product_brand","embeddable":true,"href":"https:\/\/danila-souvenirs.com\/de\/wp-json\/wp\/v2\/product_brand?post=10431"},{"taxonomy":"product_cat","embeddable":true,"href":"https:\/\/danila-souvenirs.com\/de\/wp-json\/wp\/v2\/product_cat?post=10431"},{"taxonomy":"product_tag","embeddable":true,"href":"https:\/\/danila-souvenirs.com\/de\/wp-json\/wp\/v2\/product_tag?post=10431"}],"curies":[{"name":"wp","href":"https:\/\/api.w.org\/{rel}","templated":true}]}}