{"id":10427,"date":"2021-08-08T15:58:31","date_gmt":"2021-08-08T12:58:31","guid":{"rendered":"https:\/\/danila-souvenirs.com\/de\/product\/faberge-egg-trinket-jewel-box-lilies-of-the-valley-8-5-cm-pink\/"},"modified":"2023-08-05T16:07:44","modified_gmt":"2023-08-05T13:07:44","slug":"russische-faberge-stil-ei-schmuckkastchen-maiglockchen-mit-russischen-kaiserkrone-blumen-85-cm-rosa-2","status":"publish","type":"product","link":"https:\/\/danila-souvenirs.com\/de\/product\/russische-faberge-stil-ei-schmuckkastchen-maiglockchen-mit-russischen-kaiserkrone-blumen-85-cm-rosa-2\/?lang=it","title":{"rendered":"Uovo di Pasqua in stile glamour \/ portagioie Gigli della valle (Mughetti) 8,5 cm rosa"},"content":{"rendered":"<div>Materiale: lega di metalli non ferrosi, smalto, cristalli.<\/div>\n<div><\/div>\n<div>Altezza: 8,5 cm.<\/div>\n<div><\/div>\n<div>Peso: 170 g.<\/div>\n<div><\/div>\n<div>Colore: rosa.<\/div>\n<div><\/div>\n<div>Questo uovo \u00e8 una replica del famoso Gigli della Valle uovo Faberg\u00e9. L&#8217;uovo di Gigli della Valle \u00e8 un uovo Faberg\u00e9 ingioiellato realizzato nel 1898 dal gioielliere russo Peter Carl Faberg\u00e9 da atelier Faberg\u00e9. L&#8217;orafo supervisore era Michael Perchin. L&#8217;uovo \u00e8 una delle due uova in stile Art Nouveau. Fu presentato il 5 aprile all&#8217;imperatore Nicola II, che lo regal\u00f2 all&#8217;imperatrice Alexandra Fjodorovna. L&#8217;uovo pu\u00f2 essere usato come una scatola di gioielli.<\/div>\n","protected":false},"excerpt":{"rendered":"<p>Materiale: lega di metalli non ferrosi, smalto, cristalli. Altezza: 8,5 cm. Peso: 170 g. Colore: rosa. Questo uovo \u00e8 una replica del famoso Gigli della Valle uovo Faberg\u00e9. L&#8217;uovo di Gigli della Valle \u00e8 un uovo Faberg\u00e9 ingioiellato realizzato nel 1898 dal gioielliere russo Peter Carl Faberg\u00e9 da atelier Faberg\u00e9. L&#8217;orafo supervisore era Michael Perchin. [&hellip;]<\/p>\n","protected":false},"featured_media":9499,"comment_status":"closed","ping_status":"closed","template":"","meta":{"_et_pb_use_builder":"","_et_pb_old_content":"","_et_gb_content_width":""},"product_brand":[],"product_cat":[187,186,223],"product_tag":[],"class_list":{"0":"post-10427","1":"product","2":"type-product","3":"status-publish","4":"has-post-thumbnail","6":"product_cat-trinket-boxes-it","7":"product_cat-uova-di-pasqua","8":"product_cat-clock-eggs-it","9":"pa_color-pink-it","11":"first","12":"instock","13":"shipping-taxable","14":"purchasable","15":"product-type-simple"},"_links":{"self":[{"href":"https:\/\/danila-souvenirs.com\/de\/wp-json\/wp\/v2\/product\/10427","targetHints":{"allow":["GET"]}}],"collection":[{"href":"https:\/\/danila-souvenirs.com\/de\/wp-json\/wp\/v2\/product"}],"about":[{"href":"https:\/\/danila-souvenirs.com\/de\/wp-json\/wp\/v2\/types\/product"}],"replies":[{"embeddable":true,"href":"https:\/\/danila-souvenirs.com\/de\/wp-json\/wp\/v2\/comments?post=10427"}],"wp:featuredmedia":[{"embeddable":true,"href":"https:\/\/danila-souvenirs.com\/de\/wp-json\/wp\/v2\/media\/9499"}],"wp:attachment":[{"href":"https:\/\/danila-souvenirs.com\/de\/wp-json\/wp\/v2\/media?parent=10427"}],"wp:term":[{"taxonomy":"product_brand","embeddable":true,"href":"https:\/\/danila-souvenirs.com\/de\/wp-json\/wp\/v2\/product_brand?post=10427"},{"taxonomy":"product_cat","embeddable":true,"href":"https:\/\/danila-souvenirs.com\/de\/wp-json\/wp\/v2\/product_cat?post=10427"},{"taxonomy":"product_tag","embeddable":true,"href":"https:\/\/danila-souvenirs.com\/de\/wp-json\/wp\/v2\/product_tag?post=10427"}],"curies":[{"name":"wp","href":"https:\/\/api.w.org\/{rel}","templated":true}]}}