{"id":10424,"date":"2019-09-24T19:08:14","date_gmt":"2019-09-24T16:08:14","guid":{"rendered":"https:\/\/danila-souvenirs.com\/de\/product\/faberge-egg-spring-flowers-with-basket-of-flowers-8-5-cm-blue\/"},"modified":"2023-08-05T16:14:21","modified_gmt":"2023-08-05T13:14:21","slug":"danila-souvenirs-russische-faberge-stil-ei-fruhlingsblumen-mit-korb-der-blumen-85-cm-blau-2","status":"publish","type":"product","link":"https:\/\/danila-souvenirs.com\/de\/product\/danila-souvenirs-russische-faberge-stil-ei-fruhlingsblumen-mit-korb-der-blumen-85-cm-blau-2\/?lang=it","title":{"rendered":"Uovo di Pasqua in stile glamour Fiori di primavera con cesto di fiori 8,5 cm blu"},"content":{"rendered":"<div>Materiale: lega di metalli non ferrosi, smalto, cristalli.<\/div>\n<div><\/div>\n<div>Altezza: 8,5 cm.<\/div>\n<div><\/div>\n<div>Peso: 150 g.<\/div>\n<div><\/div>\n<div>Colore: blu.<\/div>\n<div><\/div>\n<div>Questo uovo \u00e8 una replica del famoso uovo Faberg\u00e9 Fiori di Primavera. L&#8217;uovo di fiori di primavera, a volte indicato come uovo di fiori di primavera imperiale, \u00e8 stato considerato una delle uova di Pasqua imperiali attribuita a Peter Carl Faberg\u00e9. Se fosse un autentico uovo imperiale, l&#8217;uovo di fiori di primavera sarebbe stato il primo della serie di &#8220;uova di fiori&#8221; e sarebbe stato creato tra il 1885 e il 1890. All&#8217;interno dell&#8217;uovo puoi trovare un piccolo cesto di fiori.<\/div>\n","protected":false},"excerpt":{"rendered":"<p>Materiale: lega di metalli non ferrosi, smalto, cristalli. Altezza: 8,5 cm. Peso: 150 g. Colore: blu. Questo uovo \u00e8 una replica del famoso uovo Faberg\u00e9 Fiori di Primavera. L&#8217;uovo di fiori di primavera, a volte indicato come uovo di fiori di primavera imperiale, \u00e8 stato considerato una delle uova di Pasqua imperiali attribuita a Peter [&hellip;]<\/p>\n","protected":false},"featured_media":9011,"comment_status":"closed","ping_status":"closed","template":"","meta":{"_et_pb_use_builder":"","_et_pb_old_content":"","_et_gb_content_width":""},"product_brand":[],"product_cat":[188,186,223],"product_tag":[],"class_list":{"0":"post-10424","1":"product","2":"type-product","3":"status-publish","4":"has-post-thumbnail","6":"product_cat-eggs-with-surprise-it","7":"product_cat-uova-di-pasqua","8":"product_cat-clock-eggs-it","9":"pa_color-blue-it","11":"first","12":"instock","13":"shipping-taxable","14":"purchasable","15":"product-type-simple"},"_links":{"self":[{"href":"https:\/\/danila-souvenirs.com\/de\/wp-json\/wp\/v2\/product\/10424","targetHints":{"allow":["GET"]}}],"collection":[{"href":"https:\/\/danila-souvenirs.com\/de\/wp-json\/wp\/v2\/product"}],"about":[{"href":"https:\/\/danila-souvenirs.com\/de\/wp-json\/wp\/v2\/types\/product"}],"replies":[{"embeddable":true,"href":"https:\/\/danila-souvenirs.com\/de\/wp-json\/wp\/v2\/comments?post=10424"}],"wp:featuredmedia":[{"embeddable":true,"href":"https:\/\/danila-souvenirs.com\/de\/wp-json\/wp\/v2\/media\/9011"}],"wp:attachment":[{"href":"https:\/\/danila-souvenirs.com\/de\/wp-json\/wp\/v2\/media?parent=10424"}],"wp:term":[{"taxonomy":"product_brand","embeddable":true,"href":"https:\/\/danila-souvenirs.com\/de\/wp-json\/wp\/v2\/product_brand?post=10424"},{"taxonomy":"product_cat","embeddable":true,"href":"https:\/\/danila-souvenirs.com\/de\/wp-json\/wp\/v2\/product_cat?post=10424"},{"taxonomy":"product_tag","embeddable":true,"href":"https:\/\/danila-souvenirs.com\/de\/wp-json\/wp\/v2\/product_tag?post=10424"}],"curies":[{"name":"wp","href":"https:\/\/api.w.org\/{rel}","templated":true}]}}