{"id":10417,"date":"2021-10-20T13:35:13","date_gmt":"2021-10-20T10:35:13","guid":{"rendered":"https:\/\/danila-souvenirs.com\/de\/product\/faberge-egg-trinket-jewel-box-with-emperors-crown-6-5-cm-red\/"},"modified":"2023-09-19T17:51:24","modified_gmt":"2023-09-19T14:51:24","slug":"russische-faberge-stil-ei-schmuckkastchen-mit-russischen-kaiserkrone-65-cm-rot-3","status":"publish","type":"product","link":"https:\/\/danila-souvenirs.com\/de\/product\/russische-faberge-stil-ei-schmuckkastchen-mit-russischen-kaiserkrone-65-cm-rot-3\/?lang=it","title":{"rendered":"Uovo a costine di Pasqua in stile glamour \/ portagioie con Corona imperiale 6,5 cm rosso"},"content":{"rendered":"<div>\n<div>Material: Legierung von Nichteisenmetallen, Email.<\/div>\n<div><\/div>\n<div>H\u00f6he: 6,5 cm.<\/div>\n<div><\/div>\n<div>Gewicht: 80 Gramm.<\/div>\n<div><\/div>\n<div>Farbe: rosso.<\/div>\n<\/div>\n<div><\/div>\n<div>\n<div>Questo uovo \u00e8 una replica dell&#8217;uovo Faberg\u00e9 a coste.<\/div>\n<div><\/div>\n<div>L&#8217;uovo Faberg\u00e9 a coste \u00e8 stato prodotto dall&#8217;azienda di Karl Faberg\u00e9 tra il 1885 e il 1891. Non ci sono dati sul cliente e sul primo proprietario.<\/div>\n<div><\/div>\n<div>Sulla parte superiore dell&#8217;uovo si trova una piccola replica della corona imperiale.<\/div>\n<div><\/div>\n<div>L&#8217;uovo pu\u00f2 essere usato come una scatola di gioielli.<\/div>\n<\/div>\n","protected":false},"excerpt":{"rendered":"<p>Material: Legierung von Nichteisenmetallen, Email. H\u00f6he: 6,5 cm. Gewicht: 80 Gramm. Farbe: rosso. Questo uovo \u00e8 una replica dell&#8217;uovo Faberg\u00e9 a coste. L&#8217;uovo Faberg\u00e9 a coste \u00e8 stato prodotto dall&#8217;azienda di Karl Faberg\u00e9 tra il 1885 e il 1891. Non ci sono dati sul cliente e sul primo proprietario. Sulla parte superiore dell&#8217;uovo si trova [&hellip;]<\/p>\n","protected":false},"featured_media":9715,"comment_status":"closed","ping_status":"closed","template":"","meta":{"_et_pb_use_builder":"","_et_pb_old_content":"","_et_gb_content_width":""},"product_brand":[],"product_cat":[187,186],"product_tag":[],"class_list":{"0":"post-10417","1":"product","2":"type-product","3":"status-publish","4":"has-post-thumbnail","6":"product_cat-trinket-boxes-it","7":"product_cat-uova-di-pasqua","8":"pa_color-red-it","10":"first","11":"instock","12":"shipping-taxable","13":"purchasable","14":"product-type-simple"},"_links":{"self":[{"href":"https:\/\/danila-souvenirs.com\/de\/wp-json\/wp\/v2\/product\/10417","targetHints":{"allow":["GET"]}}],"collection":[{"href":"https:\/\/danila-souvenirs.com\/de\/wp-json\/wp\/v2\/product"}],"about":[{"href":"https:\/\/danila-souvenirs.com\/de\/wp-json\/wp\/v2\/types\/product"}],"replies":[{"embeddable":true,"href":"https:\/\/danila-souvenirs.com\/de\/wp-json\/wp\/v2\/comments?post=10417"}],"wp:featuredmedia":[{"embeddable":true,"href":"https:\/\/danila-souvenirs.com\/de\/wp-json\/wp\/v2\/media\/9715"}],"wp:attachment":[{"href":"https:\/\/danila-souvenirs.com\/de\/wp-json\/wp\/v2\/media?parent=10417"}],"wp:term":[{"taxonomy":"product_brand","embeddable":true,"href":"https:\/\/danila-souvenirs.com\/de\/wp-json\/wp\/v2\/product_brand?post=10417"},{"taxonomy":"product_cat","embeddable":true,"href":"https:\/\/danila-souvenirs.com\/de\/wp-json\/wp\/v2\/product_cat?post=10417"},{"taxonomy":"product_tag","embeddable":true,"href":"https:\/\/danila-souvenirs.com\/de\/wp-json\/wp\/v2\/product_tag?post=10417"}],"curies":[{"name":"wp","href":"https:\/\/api.w.org\/{rel}","templated":true}]}}