{"id":10412,"date":"2022-01-06T19:20:48","date_gmt":"2022-01-06T16:20:48","guid":{"rendered":"https:\/\/danila-souvenirs.com\/de\/product\/faberge-alexander-palace-egg-trinket-jewel-box-14-cm-green\/"},"modified":"2023-08-03T20:53:28","modified_gmt":"2023-08-03T17:53:28","slug":"russische-faberge-stil-ei-schmuckkastchen-alexanderpalast-15-cm-grun","status":"publish","type":"product","link":"https:\/\/danila-souvenirs.com\/de\/product\/russische-faberge-stil-ei-schmuckkastchen-alexanderpalast-15-cm-grun\/?lang=it","title":{"rendered":"Uovo di Pasqua in stile glamour Palazzo Alessandro \/ portagioie 14 cm verde"},"content":{"rendered":"<div>Materiale: lega di metalli non ferrosi, smalto, cristalli.<\/div>\n<div><\/div>\n<div>Altezza: 14 cm.<\/div>\n<div><\/div>\n<div>Peso: 480 g.<\/div>\n<div><\/div>\n<div>Colore: verde.<\/div>\n<div><\/div>\n<div>Questo uovo \u00e8 una replica del famoso uovo Faberg\u00e9 &#8220;Palazzo di Alessandro&#8221;. L&#8217;uovo di Palazzo di Alessandro \u00e8 un uovo di Pasqua ingioiellato realizzato sotto la supervisione del gioielliere russo Peter Carl Faberg\u00e9 nel 1908, per l&#8217;allora zar di Russia, Nicola II. Nicholas lo ha presentato come regalo di Pasqua a sua moglie, Alexandra Fyodorovna. All&#8217;interno dell&#8217;uovo puoi trovare la piccola replica del Palazzo di Alessandro, la residenza preferita della famiglia imperiale russa a Carskoe Selo. L&#8217;uovo pu\u00f2 essere usato come una scatola di gioielli.<\/div>\n","protected":false},"excerpt":{"rendered":"<p>Materiale: lega di metalli non ferrosi, smalto, cristalli. Altezza: 14 cm. Peso: 480 g. Colore: verde. Questo uovo \u00e8 una replica del famoso uovo Faberg\u00e9 &#8220;Palazzo di Alessandro&#8221;. L&#8217;uovo di Palazzo di Alessandro \u00e8 un uovo di Pasqua ingioiellato realizzato sotto la supervisione del gioielliere russo Peter Carl Faberg\u00e9 nel 1908, per l&#8217;allora zar di [&hellip;]<\/p>\n","protected":false},"featured_media":8503,"comment_status":"closed","ping_status":"closed","template":"","meta":{"_et_pb_use_builder":"","_et_pb_old_content":"","_et_gb_content_width":""},"product_brand":[],"product_cat":[187,188,186,223],"product_tag":[],"class_list":{"0":"post-10412","1":"product","2":"type-product","3":"status-publish","4":"has-post-thumbnail","6":"product_cat-trinket-boxes-it","7":"product_cat-eggs-with-surprise-it","8":"product_cat-uova-di-pasqua","9":"product_cat-clock-eggs-it","10":"pa_color-green-it","12":"first","13":"instock","14":"shipping-taxable","15":"purchasable","16":"product-type-simple"},"_links":{"self":[{"href":"https:\/\/danila-souvenirs.com\/de\/wp-json\/wp\/v2\/product\/10412","targetHints":{"allow":["GET"]}}],"collection":[{"href":"https:\/\/danila-souvenirs.com\/de\/wp-json\/wp\/v2\/product"}],"about":[{"href":"https:\/\/danila-souvenirs.com\/de\/wp-json\/wp\/v2\/types\/product"}],"replies":[{"embeddable":true,"href":"https:\/\/danila-souvenirs.com\/de\/wp-json\/wp\/v2\/comments?post=10412"}],"wp:featuredmedia":[{"embeddable":true,"href":"https:\/\/danila-souvenirs.com\/de\/wp-json\/wp\/v2\/media\/8503"}],"wp:attachment":[{"href":"https:\/\/danila-souvenirs.com\/de\/wp-json\/wp\/v2\/media?parent=10412"}],"wp:term":[{"taxonomy":"product_brand","embeddable":true,"href":"https:\/\/danila-souvenirs.com\/de\/wp-json\/wp\/v2\/product_brand?post=10412"},{"taxonomy":"product_cat","embeddable":true,"href":"https:\/\/danila-souvenirs.com\/de\/wp-json\/wp\/v2\/product_cat?post=10412"},{"taxonomy":"product_tag","embeddable":true,"href":"https:\/\/danila-souvenirs.com\/de\/wp-json\/wp\/v2\/product_tag?post=10412"}],"curies":[{"name":"wp","href":"https:\/\/api.w.org\/{rel}","templated":true}]}}