{"id":10385,"date":"2021-05-16T17:54:22","date_gmt":"2021-05-16T14:54:22","guid":{"rendered":"https:\/\/danila-souvenirs.com\/de\/product\/soviet-russian-ussr-communist-leon-trotsky-marble-bust-statue-sculpture-16-cm\/"},"modified":"2023-04-11T16:40:12","modified_gmt":"2023-04-11T13:40:12","slug":"sowjetischer-russischer-kommunist-leo-trotzki-marmor-buste-statue-skulptur-16-cm-weis-4","status":"publish","type":"product","link":"https:\/\/danila-souvenirs.com\/de\/product\/sowjetischer-russischer-kommunist-leo-trotzki-marmor-buste-statue-skulptur-16-cm-weis-4\/?lang=fr","title":{"rendered":"buste \/ statue en marbre du communiste sovi\u00e9tique \/ russe L\u00e9on Trotsky 16 cm"},"content":{"rendered":"<div>Mat\u00e9riau: marbre artificiel.<\/div>\n<div><\/div>\n<div>Hauteur: 16 cm.<\/div>\n<div><\/div>\n<div>Poids: 520 g.<\/div>\n<div><\/div>\n<div>Couleur: blanc.<\/div>\n<div><\/div>\n<div>L\u00e9on Trotsky (7 novembre 1879\u201321 ao\u00fbt 1940) \u00e9tait un r\u00e9volutionnaire marxiste russe et th\u00e9oricien, politican sovi\u00e9tique, et le fondateur et le premier dirigeant de l&#8217;arm\u00e9e rouge.<\/div>\n","protected":false},"excerpt":{"rendered":"<p>Mat\u00e9riau: marbre artificiel. Hauteur: 16 cm. Poids: 520 g. Couleur: blanc. L\u00e9on Trotsky (7 novembre 1879\u201321 ao\u00fbt 1940) \u00e9tait un r\u00e9volutionnaire marxiste russe et th\u00e9oricien, politican sovi\u00e9tique, et le fondateur et le premier dirigeant de l&#8217;arm\u00e9e rouge.<\/p>\n","protected":false},"featured_media":14469,"comment_status":"closed","ping_status":"closed","template":"","meta":{"_et_pb_use_builder":"","_et_pb_old_content":"","_et_gb_content_width":""},"product_brand":[],"product_cat":[179,181,180],"product_tag":[],"class_list":{"0":"post-10385","1":"product","2":"type-product","3":"status-publish","4":"has-post-thumbnail","6":"product_cat-uncategorized-fr","7":"product_cat-russian-fr","8":"product_cat-statues-fr","9":"pa_color-white-fr","11":"first","12":"instock","13":"shipping-taxable","14":"purchasable","15":"product-type-simple"},"_links":{"self":[{"href":"https:\/\/danila-souvenirs.com\/de\/wp-json\/wp\/v2\/product\/10385","targetHints":{"allow":["GET"]}}],"collection":[{"href":"https:\/\/danila-souvenirs.com\/de\/wp-json\/wp\/v2\/product"}],"about":[{"href":"https:\/\/danila-souvenirs.com\/de\/wp-json\/wp\/v2\/types\/product"}],"replies":[{"embeddable":true,"href":"https:\/\/danila-souvenirs.com\/de\/wp-json\/wp\/v2\/comments?post=10385"}],"wp:featuredmedia":[{"embeddable":true,"href":"https:\/\/danila-souvenirs.com\/de\/wp-json\/wp\/v2\/media\/14469"}],"wp:attachment":[{"href":"https:\/\/danila-souvenirs.com\/de\/wp-json\/wp\/v2\/media?parent=10385"}],"wp:term":[{"taxonomy":"product_brand","embeddable":true,"href":"https:\/\/danila-souvenirs.com\/de\/wp-json\/wp\/v2\/product_brand?post=10385"},{"taxonomy":"product_cat","embeddable":true,"href":"https:\/\/danila-souvenirs.com\/de\/wp-json\/wp\/v2\/product_cat?post=10385"},{"taxonomy":"product_tag","embeddable":true,"href":"https:\/\/danila-souvenirs.com\/de\/wp-json\/wp\/v2\/product_tag?post=10385"}],"curies":[{"name":"wp","href":"https:\/\/api.w.org\/{rel}","templated":true}]}}