{"id":10381,"date":"2021-05-16T17:52:12","date_gmt":"2021-05-16T14:52:12","guid":{"rendered":"https:\/\/danila-souvenirs.com\/de\/product\/soviet-russian-ussr-leader-joseph-stalin-marble-bust-statue-sculpture-16-cm\/"},"modified":"2023-04-11T16:34:24","modified_gmt":"2023-04-11T13:34:24","slug":"sowjetischer-russischer-chef-joseph-stalin-marmor-buste-statue-skulptur-16-cm-4","status":"publish","type":"product","link":"https:\/\/danila-souvenirs.com\/de\/product\/sowjetischer-russischer-chef-joseph-stalin-marmor-buste-statue-skulptur-16-cm-4\/?lang=fr","title":{"rendered":"buste \/ statue en marbre du leader russe \/ sovi\u00e9tique Joseph Staline 16 cm"},"content":{"rendered":"<div>Mat\u00e9riau\u202f: marbre artificiel.<\/div>\n<div><\/div>\n<div>Hauteur: 16 cm.<\/div>\n<div><\/div>\n<div>Poids: 655 g.<\/div>\n<div><\/div>\n<div>Couleur: blanc.<\/div>\n<div><\/div>\n<div>Joseph Staline (18 d\u00e9cembre 1878\u20135 mars 1953) \u00e9tait le secr\u00e9taire g\u00e9n\u00e9ral du parti communiste sovi\u00e9tique de 1922 jusqu&#8217;\u00e0 sa mort. Moderne des vues de staline en Russie et dans le monde restent mixtes, avec certaines affichage de lui comme un tyran et meurtrier de masse, d&#8217;autres un leader capable et n\u00e9cessaire pour le moment.<\/div>\n","protected":false},"excerpt":{"rendered":"<p>Mat\u00e9riau\u202f: marbre artificiel. Hauteur: 16 cm. Poids: 655 g. Couleur: blanc. Joseph Staline (18 d\u00e9cembre 1878\u20135 mars 1953) \u00e9tait le secr\u00e9taire g\u00e9n\u00e9ral du parti communiste sovi\u00e9tique de 1922 jusqu&#8217;\u00e0 sa mort. Moderne des vues de staline en Russie et dans le monde restent mixtes, avec certaines affichage de lui comme un tyran et meurtrier de [&hellip;]<\/p>\n","protected":false},"featured_media":7193,"comment_status":"closed","ping_status":"closed","template":"","meta":{"_et_pb_use_builder":"","_et_pb_old_content":"","_et_gb_content_width":""},"product_brand":[],"product_cat":[179,181,180],"product_tag":[],"class_list":{"0":"post-10381","1":"product","2":"type-product","3":"status-publish","4":"has-post-thumbnail","6":"product_cat-uncategorized-fr","7":"product_cat-russian-fr","8":"product_cat-statues-fr","9":"pa_color-white-fr","11":"first","12":"instock","13":"shipping-taxable","14":"purchasable","15":"product-type-simple"},"_links":{"self":[{"href":"https:\/\/danila-souvenirs.com\/de\/wp-json\/wp\/v2\/product\/10381","targetHints":{"allow":["GET"]}}],"collection":[{"href":"https:\/\/danila-souvenirs.com\/de\/wp-json\/wp\/v2\/product"}],"about":[{"href":"https:\/\/danila-souvenirs.com\/de\/wp-json\/wp\/v2\/types\/product"}],"replies":[{"embeddable":true,"href":"https:\/\/danila-souvenirs.com\/de\/wp-json\/wp\/v2\/comments?post=10381"}],"wp:featuredmedia":[{"embeddable":true,"href":"https:\/\/danila-souvenirs.com\/de\/wp-json\/wp\/v2\/media\/7193"}],"wp:attachment":[{"href":"https:\/\/danila-souvenirs.com\/de\/wp-json\/wp\/v2\/media?parent=10381"}],"wp:term":[{"taxonomy":"product_brand","embeddable":true,"href":"https:\/\/danila-souvenirs.com\/de\/wp-json\/wp\/v2\/product_brand?post=10381"},{"taxonomy":"product_cat","embeddable":true,"href":"https:\/\/danila-souvenirs.com\/de\/wp-json\/wp\/v2\/product_cat?post=10381"},{"taxonomy":"product_tag","embeddable":true,"href":"https:\/\/danila-souvenirs.com\/de\/wp-json\/wp\/v2\/product_tag?post=10381"}],"curies":[{"name":"wp","href":"https:\/\/api.w.org\/{rel}","templated":true}]}}