{"id":10375,"date":"2021-05-16T17:47:07","date_gmt":"2021-05-16T14:47:07","guid":{"rendered":"https:\/\/danila-souvenirs.com\/de\/product\/french-emperor-napoleon-bonaparte-marble-bust-statue-sculpture-13-cm-white\/"},"modified":"2023-04-11T16:25:55","modified_gmt":"2023-04-11T13:25:55","slug":"franzosischer-kaiser-napoleon-bonaparte-marmor-buste-statue-skulptur-135-cm-weis-4","status":"publish","type":"product","link":"https:\/\/danila-souvenirs.com\/de\/product\/franzosischer-kaiser-napoleon-bonaparte-marmor-buste-statue-skulptur-135-cm-weis-4\/?lang=fr","title":{"rendered":"buste \/ statue en marbre de l&#8217;empereur fran\u00e7ais Napol\u00e9on Bonaparte 13 cm"},"content":{"rendered":"<div>Mat\u00e9riau : marbre artificiel.<\/div>\n<div><\/div>\n<div>Hauteur: 13 cm.<\/div>\n<div><\/div>\n<div>Poids: 220 g.<\/div>\n<div><\/div>\n<div>Couleur: blanc.<\/div>\n<div><\/div>\n<div>Napol\u00e9on Bonaparte (15 ao\u00fbt 1769 &#8211; 5 mai 1821) \u00e9tait un leader militaire et politique fran\u00e7ais qui s&#8217;est \u00e9panoui lors des derniers stades de la R\u00e9volution fran\u00e7aise et ses guerres associ\u00e9es en Europe.<\/div>\n","protected":false},"excerpt":{"rendered":"<p>Mat\u00e9riau : marbre artificiel. Hauteur: 13 cm. Poids: 220 g. Couleur: blanc. Napol\u00e9on Bonaparte (15 ao\u00fbt 1769 &#8211; 5 mai 1821) \u00e9tait un leader militaire et politique fran\u00e7ais qui s&#8217;est \u00e9panoui lors des derniers stades de la R\u00e9volution fran\u00e7aise et ses guerres associ\u00e9es en Europe.<\/p>\n","protected":false},"featured_media":6129,"comment_status":"closed","ping_status":"closed","template":"","meta":{"_et_pb_use_builder":"","_et_pb_old_content":"","_et_gb_content_width":""},"product_brand":[],"product_cat":[185,179,180],"product_tag":[],"class_list":{"0":"post-10375","1":"product","2":"type-product","3":"status-publish","4":"has-post-thumbnail","6":"product_cat-european-fr","7":"product_cat-uncategorized-fr","8":"product_cat-statues-fr","9":"pa_color-white-fr","11":"first","12":"instock","13":"shipping-taxable","14":"purchasable","15":"product-type-simple"},"_links":{"self":[{"href":"https:\/\/danila-souvenirs.com\/de\/wp-json\/wp\/v2\/product\/10375","targetHints":{"allow":["GET"]}}],"collection":[{"href":"https:\/\/danila-souvenirs.com\/de\/wp-json\/wp\/v2\/product"}],"about":[{"href":"https:\/\/danila-souvenirs.com\/de\/wp-json\/wp\/v2\/types\/product"}],"replies":[{"embeddable":true,"href":"https:\/\/danila-souvenirs.com\/de\/wp-json\/wp\/v2\/comments?post=10375"}],"wp:featuredmedia":[{"embeddable":true,"href":"https:\/\/danila-souvenirs.com\/de\/wp-json\/wp\/v2\/media\/6129"}],"wp:attachment":[{"href":"https:\/\/danila-souvenirs.com\/de\/wp-json\/wp\/v2\/media?parent=10375"}],"wp:term":[{"taxonomy":"product_brand","embeddable":true,"href":"https:\/\/danila-souvenirs.com\/de\/wp-json\/wp\/v2\/product_brand?post=10375"},{"taxonomy":"product_cat","embeddable":true,"href":"https:\/\/danila-souvenirs.com\/de\/wp-json\/wp\/v2\/product_cat?post=10375"},{"taxonomy":"product_tag","embeddable":true,"href":"https:\/\/danila-souvenirs.com\/de\/wp-json\/wp\/v2\/product_tag?post=10375"}],"curies":[{"name":"wp","href":"https:\/\/api.w.org\/{rel}","templated":true}]}}