{"id":10373,"date":"2022-01-10T14:04:07","date_gmt":"2022-01-10T11:04:07","guid":{"rendered":"https:\/\/danila-souvenirs.com\/de\/product\/german-philosopher-socialist-karl-marx-stone-bust-statue-sculpture-14-5-cm\/"},"modified":"2023-04-11T16:58:59","modified_gmt":"2023-04-11T13:58:59","slug":"deutscher-philosoph-sozialist-karl-marx-stein-buste-statue-skulptur-15-cm-schwarz-3","status":"publish","type":"product","link":"https:\/\/danila-souvenirs.com\/de\/product\/deutscher-philosoph-sozialist-karl-marx-stein-buste-statue-skulptur-15-cm-schwarz-3\/?lang=fr","title":{"rendered":"statue \/ buste en pierre du philosophe \/ socialiste allemand Karl Marx 14,5 cm"},"content":{"rendered":"<div>Mat\u00e9riau\u202f: pierre artificielle.<\/div>\n<div><\/div>\n<div>Hauteur: 14,5 cm.<\/div>\n<div><\/div>\n<div>Poids: 530 g.<\/div>\n<div><\/div>\n<div>Couleur: noir.<\/div>\n<div><\/div>\n<div>Karl Heinrich Marx (5 mai 1818\u201314 mars 1883) \u00e9tait un philosophe, \u00e9conomiste, sociologue, historien, journaliste et socialiste r\u00e9volutionnaire. Ses id\u00e9es ont jou\u00e9 un r\u00f4le important dans le d\u00e9veloppement de la science sociale et du mouvement socialiste.<\/div>\n<p>&nbsp;<\/p>\n","protected":false},"excerpt":{"rendered":"<p>Mat\u00e9riau\u202f: pierre artificielle. Hauteur: 14,5 cm. Poids: 530 g. Couleur: noir. Karl Heinrich Marx (5 mai 1818\u201314 mars 1883) \u00e9tait un philosophe, \u00e9conomiste, sociologue, historien, journaliste et socialiste r\u00e9volutionnaire. Ses id\u00e9es ont jou\u00e9 un r\u00f4le important dans le d\u00e9veloppement de la science sociale et du mouvement socialiste. &nbsp;<\/p>\n","protected":false},"featured_media":13963,"comment_status":"closed","ping_status":"closed","template":"","meta":{"_et_pb_use_builder":"","_et_pb_old_content":"","_et_gb_content_width":""},"product_brand":[],"product_cat":[185,179,180],"product_tag":[],"class_list":{"0":"post-10373","1":"product","2":"type-product","3":"status-publish","4":"has-post-thumbnail","6":"product_cat-european-fr","7":"product_cat-uncategorized-fr","8":"product_cat-statues-fr","9":"pa_color-black-fr","11":"first","12":"instock","13":"shipping-taxable","14":"purchasable","15":"product-type-simple"},"_links":{"self":[{"href":"https:\/\/danila-souvenirs.com\/de\/wp-json\/wp\/v2\/product\/10373","targetHints":{"allow":["GET"]}}],"collection":[{"href":"https:\/\/danila-souvenirs.com\/de\/wp-json\/wp\/v2\/product"}],"about":[{"href":"https:\/\/danila-souvenirs.com\/de\/wp-json\/wp\/v2\/types\/product"}],"replies":[{"embeddable":true,"href":"https:\/\/danila-souvenirs.com\/de\/wp-json\/wp\/v2\/comments?post=10373"}],"wp:featuredmedia":[{"embeddable":true,"href":"https:\/\/danila-souvenirs.com\/de\/wp-json\/wp\/v2\/media\/13963"}],"wp:attachment":[{"href":"https:\/\/danila-souvenirs.com\/de\/wp-json\/wp\/v2\/media?parent=10373"}],"wp:term":[{"taxonomy":"product_brand","embeddable":true,"href":"https:\/\/danila-souvenirs.com\/de\/wp-json\/wp\/v2\/product_brand?post=10373"},{"taxonomy":"product_cat","embeddable":true,"href":"https:\/\/danila-souvenirs.com\/de\/wp-json\/wp\/v2\/product_cat?post=10373"},{"taxonomy":"product_tag","embeddable":true,"href":"https:\/\/danila-souvenirs.com\/de\/wp-json\/wp\/v2\/product_tag?post=10373"}],"curies":[{"name":"wp","href":"https:\/\/api.w.org\/{rel}","templated":true}]}}