{"id":10366,"date":"2021-06-13T17:58:45","date_gmt":"2021-06-13T14:58:45","guid":{"rendered":"https:\/\/danila-souvenirs.com\/de\/product\/stone-statue-figurine-see-hear-speak-no-evil-three-wise-monkeys-11-cm\/"},"modified":"2023-04-11T16:57:07","modified_gmt":"2023-04-11T13:57:07","slug":"nichts-sehen-horen-sprechen-stein-figur-statue-skulptur-drei-weise-affen-12-cm-schwarz-4","status":"publish","type":"product","link":"https:\/\/danila-souvenirs.com\/de\/product\/nichts-sehen-horen-sprechen-stein-figur-statue-skulptur-drei-weise-affen-12-cm-schwarz-4\/?lang=fr","title":{"rendered":"statuette \/ figurine en pierre &#8211; trois singes sages &#8211; ne vois, n&#8217;entends, ne dis aucun mal 11 cm"},"content":{"rendered":"<div>Mat\u00e9riau: pierre artificielle.<\/div>\n<div><\/div>\n<div>Dimensions: 9 cm x 11 cm x 4.5 cm.<\/div>\n<div><\/div>\n<div>Poids: 285 g.<\/div>\n<div><\/div>\n<div>Couleur: noir.<\/div>\n<div><\/div>\n<div>Les singes de la sagesse (aussi appel\u00e9s \u00ab les trois petits singes \u00bb) est un symbole d&#8217;origine asiatique constitu\u00e9 de trois singes, dont chacun se couvre une partie diff\u00e9rente du visage avec les mains : le premier les yeux, le deuxi\u00e8me la bouche et le troisi\u00e8me les oreilles. Ils forment une sorte de maxime picturale : \u00ab Ne pas voir le Mal, ne pas entendre le Mal, ne pas dire le Mal \u00bb. \u00c0 celui qui suit cette maxime, il n&#8217;arriverait que du bien.<\/div>\n","protected":false},"excerpt":{"rendered":"<p>Mat\u00e9riau: pierre artificielle. Dimensions: 9 cm x 11 cm x 4.5 cm. Poids: 285 g. Couleur: noir. Les singes de la sagesse (aussi appel\u00e9s \u00ab les trois petits singes \u00bb) est un symbole d&#8217;origine asiatique constitu\u00e9 de trois singes, dont chacun se couvre une partie diff\u00e9rente du visage avec les mains : le premier les [&hellip;]<\/p>\n","protected":false},"featured_media":6805,"comment_status":"closed","ping_status":"closed","template":"","meta":{"_et_pb_use_builder":"","_et_pb_old_content":"","_et_gb_content_width":""},"product_brand":[],"product_cat":[182,179,180],"product_tag":[],"class_list":{"0":"post-10366","1":"product","2":"type-product","3":"status-publish","4":"has-post-thumbnail","6":"product_cat-animal-figurines-fr","7":"product_cat-uncategorized-fr","8":"product_cat-statues-fr","9":"pa_color-black-fr","11":"first","12":"instock","13":"shipping-taxable","14":"purchasable","15":"product-type-simple"},"_links":{"self":[{"href":"https:\/\/danila-souvenirs.com\/de\/wp-json\/wp\/v2\/product\/10366","targetHints":{"allow":["GET"]}}],"collection":[{"href":"https:\/\/danila-souvenirs.com\/de\/wp-json\/wp\/v2\/product"}],"about":[{"href":"https:\/\/danila-souvenirs.com\/de\/wp-json\/wp\/v2\/types\/product"}],"replies":[{"embeddable":true,"href":"https:\/\/danila-souvenirs.com\/de\/wp-json\/wp\/v2\/comments?post=10366"}],"wp:featuredmedia":[{"embeddable":true,"href":"https:\/\/danila-souvenirs.com\/de\/wp-json\/wp\/v2\/media\/6805"}],"wp:attachment":[{"href":"https:\/\/danila-souvenirs.com\/de\/wp-json\/wp\/v2\/media?parent=10366"}],"wp:term":[{"taxonomy":"product_brand","embeddable":true,"href":"https:\/\/danila-souvenirs.com\/de\/wp-json\/wp\/v2\/product_brand?post=10366"},{"taxonomy":"product_cat","embeddable":true,"href":"https:\/\/danila-souvenirs.com\/de\/wp-json\/wp\/v2\/product_cat?post=10366"},{"taxonomy":"product_tag","embeddable":true,"href":"https:\/\/danila-souvenirs.com\/de\/wp-json\/wp\/v2\/product_tag?post=10366"}],"curies":[{"name":"wp","href":"https:\/\/api.w.org\/{rel}","templated":true}]}}